{"id":11122,"date":"2022-03-01T20:46:33","date_gmt":"2022-03-01T19:46:33","guid":{"rendered":"https:\/\/laabuelacarmen.com\/contacto\/"},"modified":"2022-11-09T14:31:44","modified_gmt":"2022-11-09T13:31:44","slug":"contact","status":"publish","type":"page","link":"https:\/\/laabuelacarmen.com\/en\/contact\/","title":{"rendered":"Contact"},"content":{"rendered":"  <div class=\"imagen_y_contenido\">\n    <div class=\"left\">\n      <img decoding=\"async\" src=\"https:\/\/laabuelacarmen.com\/wp-content\/uploads\/2022\/06\/contacto-la-abuela-carmen.jpg\" alt=\"contacto - la abuela carmen\" title=\"contacto - la abuela carmen\">\n    <\/div>\n    <div class=\"right\">\n      <div class=\"titleContacto\">Leave us a message and we will contact you as soon as possible<\/div>\n\n<div class=\"wpcf7 no-js\" id=\"wpcf7-f11128-o1\" lang=\"en-US\" dir=\"ltr\">\n<div class=\"screen-reader-response\"><p role=\"status\" aria-live=\"polite\" aria-atomic=\"true\"><\/p> <ul><\/ul><\/div>\n<form action=\"\/en\/wp-json\/wp\/v2\/pages\/11122#wpcf7-f11128-o1\" method=\"post\" class=\"wpcf7-form init\" aria-label=\"Contact form\" novalidate=\"novalidate\" data-status=\"init\">\n<div style=\"display: none;\">\n<input type=\"hidden\" name=\"_wpcf7\" value=\"11128\" \/>\n<input type=\"hidden\" name=\"_wpcf7_version\" value=\"5.7.6\" \/>\n<input type=\"hidden\" name=\"_wpcf7_locale\" value=\"en_US\" \/>\n<input type=\"hidden\" name=\"_wpcf7_unit_tag\" value=\"wpcf7-f11128-o1\" \/>\n<input type=\"hidden\" name=\"_wpcf7_container_post\" value=\"0\" \/>\n<input type=\"hidden\" name=\"_wpcf7_posted_data_hash\" value=\"\" \/>\n<input type=\"hidden\" name=\"_wpcf7_recaptcha_response\" value=\"\" \/>\n<\/div>\n<p><label> <span class=\"wpcf7-form-control-wrap\" data-name=\"your-name\"><input size=\"40\" class=\"wpcf7-form-control wpcf7-text wpcf7-validates-as-required\" aria-required=\"true\" aria-invalid=\"false\" placeholder=\"Name*\" value=\"\" type=\"text\" name=\"your-name\" \/><\/span> <\/label>\n<\/p>\n<p><label> <span class=\"wpcf7-form-control-wrap\" data-name=\"your-subject\"><input size=\"40\" class=\"wpcf7-form-control wpcf7-text wpcf7-validates-as-required\" aria-required=\"true\" aria-invalid=\"false\" placeholder=\"Subject*\" value=\"\" type=\"text\" name=\"your-subject\" \/><\/span> <\/label>\n<\/p>\n<p><label> <span class=\"wpcf7-form-control-wrap\" data-name=\"your-email\"><input size=\"40\" class=\"wpcf7-form-control wpcf7-text wpcf7-email wpcf7-validates-as-required wpcf7-validates-as-email\" aria-required=\"true\" aria-invalid=\"false\" placeholder=\"Mail*\" value=\"\" type=\"email\" name=\"your-email\" \/><\/span> <\/label>\n<\/p>\n<p><label> <span class=\"wpcf7-form-control-wrap\" data-name=\"tel-933\"><input size=\"40\" class=\"wpcf7-form-control wpcf7-text wpcf7-tel wpcf7-validates-as-tel\" aria-invalid=\"false\" placeholder=\"Phone\" value=\"\" type=\"tel\" name=\"tel-933\" \/><\/span> <\/label>\n<\/p>\n<p><label> <\/label>\n<\/p>\n<div class=\"label_mensaje\">\n\t<p>Write your message here\n\t<\/p>\n<\/div>\n<p><span class=\"wpcf7-form-control-wrap\" data-name=\"your-message\"><textarea cols=\"40\" rows=\"4\" class=\"wpcf7-form-control wpcf7-textarea\" aria-invalid=\"false\" name=\"your-message\"><\/textarea><\/span><br \/>\n<span class=\"acepto\"><span class=\"wpcf7-form-control-wrap\" data-name=\"acceptance-256\"><span class=\"wpcf7-form-control wpcf7-acceptance\"><span class=\"wpcf7-list-item\"><input type=\"checkbox\" name=\"acceptance-256\" value=\"1\" aria-invalid=\"false\" \/><\/span><\/span><\/span>I have read and accept the <a target=\"_blank\" href=\"https:\/\/laabuelacarmen.com\/en\/politica-de-privacidad\/\">privacy policy<\/a>.<\/span>\n<\/p>\n<p class=\"submit\"><input class=\"wpcf7-form-control has-spinner wpcf7-submit btn green\" type=\"submit\" value=\"Send\" \/>\n<\/p><p style=\"display: none !important;\"><label>&#916;<textarea name=\"_wpcf7_ak_hp_textarea\" cols=\"45\" rows=\"8\" maxlength=\"100\"><\/textarea><\/label><input type=\"hidden\" id=\"ak_js_1\" name=\"_wpcf7_ak_js\" value=\"132\"\/><script>document.getElementById( \"ak_js_1\" ).setAttribute( \"value\", ( new Date() ).getTime() );<\/script><\/p><div class=\"wpcf7-response-output\" aria-hidden=\"true\"><\/div>\n<\/form>\n<\/div>\n\n    <\/div>\n  <\/div>\n\n\n  <div class=\"mapa_y_contenido\">\n    <div class=\"left\">\n      <div class=\"titleContacto\">Our contact details<\/div>\n      <div class=\"telefono\">\n        <div class=\"titulo\">\n          Phone:        <\/div>\n        <a href=\"tel:34957310452\">+34 957 31 04 52<\/a>\n      <\/div>\n      <div class=\"fax\">\n        <div class=\"titulo\">\n          Fax:        <\/div>\n        <a href=\"tel:34957310445\">+34 957 31 04 45<\/a>\n      <\/div>\n      <div class=\"direcciones\">\n        <div class=\"titulo\">\n          Addresses:        <\/div>\n                    <a href=\"https:\/\/g.page\/laabuelacarmen?share\" rel=\"nofollow\">Pol\u00edgono Industrial El Horcajo, C\/ La Vega sn, 14548 Montalb\u00e1n de C\u00f3rdoba, C\u00f3rdoba, Espa\u00f1a<\/a>\n                    <a href=\"https:\/\/www.google.com\/maps\/place\/La+Abuela+Carmen+-+Delegaci\u00f3n+Santaella,+C.+San+Sebastian+Ballesteros,+4,+14546+Santaella,+C\u00f3rdoba\/@37.5816742,-4.8506077,17z\/data=!4m6!1m3!3m2!1s0xd6d38ffdfaa0d5f:0x20dc066fa6c0cd74!2sC.+San+Sebastian+Ballesteros,+4,+14546+Santaella,+C\u00f3rdoba!3m1!1s0xd6d38ffe1c90fe5:0x691328f64f8f2a70\" rel=\"nofollow noopener\" target=\"_blank\">C\/ San Sebastian Ballesteros, 4, 14546 Santaella, C\u00f3rdoba, Espa\u00f1a<\/a>\n              <\/div>\n      <div class=\"redes-sociales\">\n         <a target=\"_blank\" class=\"fb\" href=\"https:\/\/www.facebook.com\/Ajos-La-Abuela-Carmen-160921333996557\/\" rel=\"nofollow noopener\"><img decoding=\"async\" src=\"https:\/\/laabuelacarmen.com\/wp-content\/themes\/carmen-child\/assets\/images\/fb.svg\" \/><\/a>          <a target=\"_blank\" class=\"in\" href=\"https:\/\/www.instagram.com\/laabuelacarmen_com\/\" rel=\"nofollow noopener\"><img decoding=\"async\" src=\"https:\/\/laabuelacarmen.com\/wp-content\/themes\/carmen-child\/assets\/images\/in.svg\" \/><\/a>          <a target=\"_blank\" class=\"yt\" href=\"https:\/\/www.youtube.com\/user\/ajoslaabuelacarmen\" rel=\"nofollow noopener\"><img decoding=\"async\" src=\"https:\/\/laabuelacarmen.com\/wp-content\/themes\/carmen-child\/assets\/images\/yt.svg\" \/><\/a>          <a target=\"_blank\" class=\"ln\" href=\"https:\/\/es.linkedin.com\/company\/laabuelacarmen\" rel=\"nofollow noopener\"><img decoding=\"async\" src=\"https:\/\/laabuelacarmen.com\/wp-content\/themes\/carmen-child\/assets\/images\/ln.svg\" \/><\/a>       <\/div>\n    <\/div>\n    <div class=\"right\">\n      <iframe loading=\"lazy\" src=\"https:\/\/www.google.com\/maps\/d\/u\/3\/embed?mid=19MQNRV5pswnc3aKHPJ0ZGrdSnssWQPV1&#038;ehbc=2E312F\" width=\"640\" height=\"480\"><\/iframe>    <\/div>\n  <\/div>\n","protected":false},"excerpt":{"rendered":"","protected":false},"author":1,"featured_media":0,"parent":0,"menu_order":0,"comment_status":"closed","ping_status":"closed","template":"","meta":{"inline_featured_image":false,"footnotes":""},"class_list":["post-11122","page","type-page","status-publish","hentry"],"acf":[],"_links":{"self":[{"href":"https:\/\/laabuelacarmen.com\/en\/wp-json\/wp\/v2\/pages\/11122","targetHints":{"allow":["GET"]}}],"collection":[{"href":"https:\/\/laabuelacarmen.com\/en\/wp-json\/wp\/v2\/pages"}],"about":[{"href":"https:\/\/laabuelacarmen.com\/en\/wp-json\/wp\/v2\/types\/page"}],"author":[{"embeddable":true,"href":"https:\/\/laabuelacarmen.com\/en\/wp-json\/wp\/v2\/users\/1"}],"replies":[{"embeddable":true,"href":"https:\/\/laabuelacarmen.com\/en\/wp-json\/wp\/v2\/comments?post=11122"}],"version-history":[{"count":4,"href":"https:\/\/laabuelacarmen.com\/en\/wp-json\/wp\/v2\/pages\/11122\/revisions"}],"predecessor-version":[{"id":12228,"href":"https:\/\/laabuelacarmen.com\/en\/wp-json\/wp\/v2\/pages\/11122\/revisions\/12228"}],"wp:attachment":[{"href":"https:\/\/laabuelacarmen.com\/en\/wp-json\/wp\/v2\/media?parent=11122"}],"curies":[{"name":"wp","href":"https:\/\/api.w.org\/{rel}","templated":true}]}}