{"id":10919,"date":"2022-03-13T14:38:23","date_gmt":"2022-03-13T13:38:23","guid":{"rendered":"https:\/\/laabuelacarmen.com\/mandarina-negra\/"},"modified":"2024-10-28T12:39:28","modified_gmt":"2024-10-28T11:39:28","slug":"black-mandarin","status":"publish","type":"page","link":"https:\/\/laabuelacarmen.com\/en\/productos\/black-mandarin\/","title":{"rendered":"Black Mandarin"},"content":{"rendered":"\n<div class=\"wp-block-media-text alignfull has-media-on-the-right is-stacked-on-mobile is-vertically-aligned-center is-style-default\" style=\"grid-template-columns:auto 75%\"><figure class=\"wp-block-media-text__media\"><img loading=\"lazy\" decoding=\"async\" width=\"1024\" height=\"683\" src=\"https:\/\/laabuelacarmen.com\/wp-content\/uploads\/2022\/07\/Mandarina-negra-1-1024x683.jpg\" alt=\"\" class=\"wp-image-10198 size-full\" srcset=\"https:\/\/laabuelacarmen.com\/wp-content\/uploads\/2022\/07\/Mandarina-negra-1-1024x683.jpg 1024w, https:\/\/laabuelacarmen.com\/wp-content\/uploads\/2022\/07\/Mandarina-negra-1-300x200.jpg 300w, https:\/\/laabuelacarmen.com\/wp-content\/uploads\/2022\/07\/Mandarina-negra-1-768x512.jpg 768w, https:\/\/laabuelacarmen.com\/wp-content\/uploads\/2022\/07\/Mandarina-negra-1-1536x1024.jpg 1536w, https:\/\/laabuelacarmen.com\/wp-content\/uploads\/2022\/07\/Mandarina-negra-1-633x422.jpg 633w, https:\/\/laabuelacarmen.com\/wp-content\/uploads\/2022\/07\/Mandarina-negra-1-1000x667.jpg 1000w, https:\/\/laabuelacarmen.com\/wp-content\/uploads\/2022\/07\/Mandarina-negra-1.jpg 1680w\" sizes=\"auto, (max-width: 1024px) 100vw, 1024px\" \/><\/figure><div class=\"wp-block-media-text__content\">\n<h1 class=\"has-text-color wp-block-heading\" id=\"orilla-con-mar-azul-1\" style=\"color:#000000\">Mandarina Negra<\/h1>\n\n\n\n<p>La mandarina negra de La Abuela Carmen se compone al 100% de <strong>mandarina fresca nacional de cultivo tradicional.<\/strong> Se obtiene a trav\u00e9s de un proceso natural en el que se somete a una baja humedad y temperaturas controladas, con el fin de no a\u00f1adir ning\u00fan otro ingrediente ni aditivos. As\u00ed, puedes disfrutar de su sabor intenso y acaramelado con toques que recuerdan a madera y miel.<\/p>\n\n\n\n<p>Somos pioneros en la producci\u00f3n de <strong>mandarina negra<\/strong> nacional y gracias a nuestro proceso de transformaci\u00f3n mantenemos y potenciamos sus nutrientes originales. Posee un alto contenido en vitamina C, multiplicando el que posee la mandarina fresca, adem\u00e1s de un alto contenido en potasio y un alto contenido en fibra.<\/p>\n\n\n\n<p>La mandarina negra combina a la perfecci\u00f3n para dar un toque diferente en platos dulces y salados, as\u00ed como a combinados e infusiones. El <strong>formato en rodajas<\/strong> la hace ideal para decorar y aromatizar bebidas como verm\u00fa, sangr\u00eda, bebidas espirituosas o crear una mezcla refrescante de agua aromatizada. Adem\u00e1s, con la <strong>mandarina negra en polvo<\/strong> podr\u00e1s a\u00f1adir r\u00e1pidamente este exclusivo sabor a todos tus platos y sorprender con toques acaramelados a todos los comensales.<\/p>\n\n\n\n<p><a href=\"https:\/\/laabuelacarmen.com\/en\/contact\/\" data-type=\"page\" data-id=\"362\">Solicitar Presupuesto<\/a> <a href=\"https:\/\/laabuelacarmen.com\/tienda\/mandarina-negra\/\">Ver en Tienda Online<\/a><\/p>\n<\/div><\/div>\n  <div class=\"bloque_valores_nutricionales\">\n    <div class=\"titleContacto\">\n       Informaci\u00f3n Nutricional    <\/div>\n    <div class='valores'>        <div class=\"fila\">\n          <div class=\"dato\">\n            Valores          <\/div>\n          <div class=\"cantidad\">\n            100 g          <\/div>\n        <\/div>\n            <div class=\"fila\">\n          <div class=\"dato\">\n            Valor energ\u00e9tico          <\/div>\n          <div class=\"cantidad\">\n            1021 kJ \/ 244 Kcal          <\/div>\n        <\/div>\n            <div class=\"fila\">\n          <div class=\"dato\">\n            Grasas totales          <\/div>\n          <div class=\"cantidad\">\n            0.6 g          <\/div>\n        <\/div>\n            <div class=\"fila\">\n          <div class=\"dato\">\n            De las cuales: saturadas          <\/div>\n          <div class=\"cantidad\">\n            0.15 g          <\/div>\n        <\/div>\n            <div class=\"fila\">\n          <div class=\"dato\">\n            Hidratos de Carbono          <\/div>\n          <div class=\"cantidad\">\n            38,3 g          <\/div>\n        <\/div>\n            <div class=\"fila\">\n          <div class=\"dato\">\n            de los cuales: az\u00facares          <\/div>\n          <div class=\"cantidad\">\n            38,3 g          <\/div>\n        <\/div>\n            <div class=\"fila\">\n          <div class=\"dato\">\n            Fibra alimentaria          <\/div>\n          <div class=\"cantidad\">\n            34 g          <\/div>\n        <\/div>\n            <div class=\"fila\">\n          <div class=\"dato\">\n            Prote\u00ednas          <\/div>\n          <div class=\"cantidad\">\n            4,7 g          <\/div>\n        <\/div>\n            <div class=\"fila\">\n          <div class=\"dato\">\n            Sal          <\/div>\n          <div class=\"cantidad\">\n            0,01 g          <\/div>\n        <\/div>\n            <div class=\"fila\">\n          <div class=\"dato\">\n            Potasio          <\/div>\n          <div class=\"cantidad\">\n            1088 mg (54 % VRN*)          <\/div>\n        <\/div>\n            <div class=\"fila\">\n          <div class=\"dato\">\n            Vitamina C          <\/div>\n          <div class=\"cantidad\">\n            114 mg (143 % VRN*)          <\/div>\n        <\/div>\n    <\/div>  <\/div>\n    <div id=\"certificaciones-slider\" class=\"splide\">\n    <div class=\"splide__track\">\n      <ul class=\"splide__list\">          <div class=\"splide__slide\">\n            <div class=\"content\">\n              <img decoding=\"async\" class=\"foto\" src=\"https:\/\/laabuelacarmen.com\/wp-content\/uploads\/2022\/03\/Sin-titulo-7.png\" title=\"Sin-t\u00edtulo-7\" alt=\"\" \/>\n            <\/div>\n          <\/div>\n                <div class=\"splide__slide\">\n            <div class=\"content\">\n              <img decoding=\"async\" class=\"foto\" src=\"https:\/\/laabuelacarmen.com\/wp-content\/uploads\/2022\/03\/Sin-titulo-6.png\" title=\"Sin-t\u00edtulo-6\" alt=\"\" \/>\n            <\/div>\n          <\/div>\n                <div class=\"splide__slide\">\n            <div class=\"content\">\n              <img decoding=\"async\" class=\"foto\" src=\"https:\/\/laabuelacarmen.com\/wp-content\/uploads\/2022\/03\/Sin-titulo-5.png\" title=\"Sin-t\u00edtulo-5\" alt=\"\" \/>\n            <\/div>\n          <\/div>\n                <div class=\"splide__slide\">\n            <div class=\"content\">\n              <img decoding=\"async\" class=\"foto\" src=\"https:\/\/laabuelacarmen.com\/wp-content\/uploads\/2022\/03\/Sin-titulo-4.png\" title=\"Sin-t\u00edtulo-4\" alt=\"\" \/>\n            <\/div>\n          <\/div>\n                <div class=\"splide__slide\">\n            <div class=\"content\">\n              <img decoding=\"async\" class=\"foto\" src=\"https:\/\/laabuelacarmen.com\/wp-content\/uploads\/2022\/03\/Sin-titulo-3.png\" title=\"Sin-t\u00edtulo-3\" alt=\"\" \/>\n            <\/div>\n          <\/div>\n                <div class=\"splide__slide\">\n            <div class=\"content\">\n              <img decoding=\"async\" class=\"foto\" src=\"https:\/\/laabuelacarmen.com\/wp-content\/uploads\/2022\/03\/Sin-titulo-1.png\" title=\"Sin-t\u00edtulo-1\" alt=\"\" \/>\n            <\/div>\n          <\/div>\n                <div class=\"splide__slide\">\n            <div class=\"content\">\n              <img decoding=\"async\" class=\"foto\" src=\"https:\/\/laabuelacarmen.com\/wp-content\/uploads\/2022\/03\/Sin-titulo-2.png\" title=\"Sin-t\u00edtulo-2\" alt=\"\" \/>\n            <\/div>\n          <\/div>\n      <\/ul>    <\/div>\n  <\/div>\n  <div id=\"slider_paginas\" class=\"splide\">\n          <div class=\"titleSliderPaginas\">\n        Otros Productos:      <\/div>\n        <div class=\"splide__track\">\n      <ul class=\"splide__list\">\n                  <li class=\"splide__slide producto \">\n            <div class=\"content\">\n              <div class=\"imagen\">\n                <a class=\"verProducto\" href=\"https:\/\/laabuelacarmen.com\/productos\/limon-negro\/\">\n                  <img class='miniatura_producto' src='https:\/\/laabuelacarmen.com\/wp-content\/uploads\/2022\/07\/Limon-negro-300x188.jpg' width='300px' height='300px'>\n                <\/a>\n              <\/div>\n              <div class=\"tituloMiniatura\">\n                <a href=\"https:\/\/laabuelacarmen.com\/productos\/limon-negro\/\">\n                  Lim\u00f3n Negro                <\/a>\n              <\/div>\n            <\/div>\n          <\/li>\n                  <li class=\"splide__slide producto \">\n            <div class=\"content\">\n              <div class=\"imagen\">\n                <a class=\"verProducto\" href=\"https:\/\/laabuelacarmen.com\/productos\/capsulas-ajo-negro\/\">\n                  <img class='miniatura_producto' src='https:\/\/laabuelacarmen.com\/wp-content\/uploads\/2022\/07\/Nigrum-300x188.jpg' width='300px' height='300px'>\n                <\/a>\n              <\/div>\n              <div class=\"tituloMiniatura\">\n                <a href=\"https:\/\/laabuelacarmen.com\/productos\/capsulas-ajo-negro\/\">\n                  C\u00e1psulas de Ajo Negro Nigrum                <\/a>\n              <\/div>\n            <\/div>\n          <\/li>\n                  <li class=\"splide__slide producto \">\n            <div class=\"content\">\n              <div class=\"imagen\">\n                <a class=\"verProducto\" href=\"https:\/\/laabuelacarmen.com\/productos\/chile-chipotle\/\">\n                  <img class='miniatura_producto' src='https:\/\/laabuelacarmen.com\/wp-content\/uploads\/2022\/07\/Chile-Chipotle-1-300x188.jpg' width='300px' height='300px'>\n                <\/a>\n              <\/div>\n              <div class=\"tituloMiniatura\">\n                <a href=\"https:\/\/laabuelacarmen.com\/productos\/chile-chipotle\/\">\n                  Chile Chipotle                <\/a>\n              <\/div>\n            <\/div>\n          <\/li>\n              <\/ul>\n    <\/div>\n  <\/div>\n","protected":false},"excerpt":{"rendered":"<p>Mandarina Negra La mandarina negra de La Abuela Carmen se compone al 100% de mandarina fresca nacional de cultivo tradicional. Se obtiene a trav\u00e9s de un proceso natural en el que se somete a una baja humedad y temperaturas controladas, con el fin de no a\u00f1adir ning\u00fan otro ingrediente ni aditivos. As\u00ed, puedes disfrutar de [&hellip;]<\/p>\n","protected":false},"author":1,"featured_media":10646,"parent":11759,"menu_order":0,"comment_status":"closed","ping_status":"closed","template":"","meta":{"inline_featured_image":false,"footnotes":""},"class_list":["post-10919","page","type-page","status-publish","has-post-thumbnail","hentry"],"acf":[],"_links":{"self":[{"href":"https:\/\/laabuelacarmen.com\/en\/wp-json\/wp\/v2\/pages\/10919","targetHints":{"allow":["GET"]}}],"collection":[{"href":"https:\/\/laabuelacarmen.com\/en\/wp-json\/wp\/v2\/pages"}],"about":[{"href":"https:\/\/laabuelacarmen.com\/en\/wp-json\/wp\/v2\/types\/page"}],"author":[{"embeddable":true,"href":"https:\/\/laabuelacarmen.com\/en\/wp-json\/wp\/v2\/users\/1"}],"replies":[{"embeddable":true,"href":"https:\/\/laabuelacarmen.com\/en\/wp-json\/wp\/v2\/comments?post=10919"}],"version-history":[{"count":5,"href":"https:\/\/laabuelacarmen.com\/en\/wp-json\/wp\/v2\/pages\/10919\/revisions"}],"predecessor-version":[{"id":24642,"href":"https:\/\/laabuelacarmen.com\/en\/wp-json\/wp\/v2\/pages\/10919\/revisions\/24642"}],"up":[{"embeddable":true,"href":"https:\/\/laabuelacarmen.com\/en\/wp-json\/wp\/v2\/pages\/11759"}],"wp:featuredmedia":[{"embeddable":true,"href":"https:\/\/laabuelacarmen.com\/en\/wp-json\/wp\/v2\/media\/10646"}],"wp:attachment":[{"href":"https:\/\/laabuelacarmen.com\/en\/wp-json\/wp\/v2\/media?parent=10919"}],"curies":[{"name":"wp","href":"https:\/\/api.w.org\/{rel}","templated":true}]}}