{"id":10883,"date":"2022-07-19T08:42:04","date_gmt":"2022-07-19T07:42:04","guid":{"rendered":"https:\/\/laabuelacarmen.com\/ajo-frito\/"},"modified":"2024-10-28T12:14:49","modified_gmt":"2024-10-28T11:14:49","slug":"fried-garlic","status":"publish","type":"page","link":"https:\/\/laabuelacarmen.com\/en\/productos\/fried-garlic\/","title":{"rendered":"Fried Garlic"},"content":{"rendered":"\n<div class=\"wp-block-media-text alignfull has-media-on-the-right is-stacked-on-mobile is-style-default\" style=\"grid-template-columns:auto 56%\"><figure class=\"wp-block-media-text__media\"><img loading=\"lazy\" decoding=\"async\" width=\"560\" height=\"374\" src=\"https:\/\/laabuelacarmen.com\/wp-content\/uploads\/2022\/07\/Ajo-frito-2.jpg\" alt=\"\" class=\"wp-image-10540 size-full\" srcset=\"https:\/\/laabuelacarmen.com\/wp-content\/uploads\/2022\/07\/Ajo-frito-2.jpg 560w, https:\/\/laabuelacarmen.com\/wp-content\/uploads\/2022\/07\/Ajo-frito-2-300x200.jpg 300w\" sizes=\"auto, (max-width: 560px) 100vw, 560px\" \/><\/figure><div class=\"wp-block-media-text__content\">\n<h1 class=\"wp-block-heading\">Ajo Frito<\/h1>\n\n\n\n<p>Somos la empresa referente como mayorista de ajos en Espa\u00f1a y contamos con <strong>m\u00e1s de 40 a\u00f1os<\/strong> de trayectoria en el sector <strong>ofreciendo el mejor ajo frito<\/strong> del mercado.<\/p>\n\n\n\n<p>Pelamos y fre\u00edmos en aceite de oliva virgen extra de alta calidad el ajo fresco producido en nuestras instalaciones para conseguir un ajo frito sabroso, con una textura crujiente y listo para comer al instante.<\/p>\n\n\n\n<p>Tambi\u00e9n es posible adquirir el ajo frito en forma de <strong>dispensador<\/strong> para poder aderezar cualquier plato con un polvo fino y dar as\u00ed el toque definitivo a tu receta. O incluso en forma de <strong>chips de ajo<\/strong>, un snack artesanal que ser\u00e1 el complemento perfecto para a\u00f1adir a tu ensalada.<\/p>\n\n\n\n<p class=\"has-black-color has-text-color\">Como consecuencia de nuestro compromiso como productores ecol\u00f3gicos adquiridos en 1999, tambi\u00e9n producimos <strong>ajo frito ecol\u00f3gico<\/strong> de gran sabor y crujiente, el mejor acompa\u00f1ante posible para un sinf\u00edn de platos: pizzas, ensaladas, sopas, salsas\u2026<\/p>\n\n\n\n<p><a href=\"https:\/\/laabuelacarmen.com\/en\/contact\/\">Solicitar Presupuesto<\/a> <a href=\"https:\/\/laabuelacarmen.com\/tienda\/ajo-frito\/\">Ver en Tienda Online<\/a><\/p>\n<\/div><\/div>\n  <div class=\"bloque_valores_nutricionales\">\n    <div class=\"titleContacto\">\n      Informaci\u00f3n Nutricional    <\/div>\n    <div class='valores'>        <div class=\"fila\">\n          <div class=\"dato\">\n            Valores          <\/div>\n          <div class=\"cantidad\">\n            100 g          <\/div>\n        <\/div>\n            <div class=\"fila\">\n          <div class=\"dato\">\n            Valor energ\u00e9tico\t          <\/div>\n          <div class=\"cantidad\">\n            1903 kJ \/ 452 kcal          <\/div>\n        <\/div>\n            <div class=\"fila\">\n          <div class=\"dato\">\n            Grasas totales\t          <\/div>\n          <div class=\"cantidad\">\n            16 g          <\/div>\n        <\/div>\n            <div class=\"fila\">\n          <div class=\"dato\">\n            de las cuales: saturadas\t          <\/div>\n          <div class=\"cantidad\">\n            2 g          <\/div>\n        <\/div>\n            <div class=\"fila\">\n          <div class=\"dato\">\n            Hidratos de Carbono          <\/div>\n          <div class=\"cantidad\">\n            62 g          <\/div>\n        <\/div>\n            <div class=\"fila\">\n          <div class=\"dato\">\n            de los cuales: az\u00facares          <\/div>\n          <div class=\"cantidad\">\n            2 g          <\/div>\n        <\/div>\n            <div class=\"fila\">\n          <div class=\"dato\">\n            Fibra alimentaria          <\/div>\n          <div class=\"cantidad\">\n            3 g          <\/div>\n        <\/div>\n            <div class=\"fila\">\n          <div class=\"dato\">\n            Prote\u00ednas          <\/div>\n          <div class=\"cantidad\">\n            14 g          <\/div>\n        <\/div>\n            <div class=\"fila\">\n          <div class=\"dato\">\n            Sal          <\/div>\n          <div class=\"cantidad\">\n            0,5 g          <\/div>\n        <\/div>\n    <\/div>  <\/div>\n    <div id=\"certificaciones-slider\" class=\"splide\">\n    <div class=\"splide__track\">\n      <ul class=\"splide__list\">          <div class=\"splide__slide\">\n            <div class=\"content\">\n              <img decoding=\"async\" class=\"foto\" src=\"https:\/\/laabuelacarmen.com\/wp-content\/uploads\/2022\/03\/Sin-titulo-7.png\" title=\"Sin-t\u00edtulo-7\" alt=\"\" \/>\n            <\/div>\n          <\/div>\n                <div class=\"splide__slide\">\n            <div class=\"content\">\n              <img decoding=\"async\" class=\"foto\" src=\"https:\/\/laabuelacarmen.com\/wp-content\/uploads\/2022\/03\/Sin-titulo-6.png\" title=\"Sin-t\u00edtulo-6\" alt=\"\" \/>\n            <\/div>\n          <\/div>\n                <div class=\"splide__slide\">\n            <div class=\"content\">\n              <img decoding=\"async\" class=\"foto\" src=\"https:\/\/laabuelacarmen.com\/wp-content\/uploads\/2022\/03\/Sin-titulo-5.png\" title=\"Sin-t\u00edtulo-5\" alt=\"\" \/>\n            <\/div>\n          <\/div>\n                <div class=\"splide__slide\">\n            <div class=\"content\">\n              <img decoding=\"async\" class=\"foto\" src=\"https:\/\/laabuelacarmen.com\/wp-content\/uploads\/2022\/03\/Sin-titulo-4.png\" title=\"Sin-t\u00edtulo-4\" alt=\"\" \/>\n            <\/div>\n          <\/div>\n                <div class=\"splide__slide\">\n            <div class=\"content\">\n              <img decoding=\"async\" class=\"foto\" src=\"https:\/\/laabuelacarmen.com\/wp-content\/uploads\/2022\/03\/Sin-titulo-3.png\" title=\"Sin-t\u00edtulo-3\" alt=\"\" \/>\n            <\/div>\n          <\/div>\n                <div class=\"splide__slide\">\n            <div class=\"content\">\n              <img decoding=\"async\" class=\"foto\" src=\"https:\/\/laabuelacarmen.com\/wp-content\/uploads\/2022\/03\/Sin-titulo-2.png\" title=\"Sin-t\u00edtulo-2\" alt=\"\" \/>\n            <\/div>\n          <\/div>\n                <div class=\"splide__slide\">\n            <div class=\"content\">\n              <img decoding=\"async\" class=\"foto\" src=\"https:\/\/laabuelacarmen.com\/wp-content\/uploads\/2022\/03\/Sin-titulo-1.png\" title=\"Sin-t\u00edtulo-1\" alt=\"\" \/>\n            <\/div>\n          <\/div>\n      <\/ul>    <\/div>\n  <\/div>\n  <div id=\"slider_paginas\" class=\"splide\">\n          <div class=\"titleSliderPaginas\">\n        Otros Productos      <\/div>\n        <div class=\"splide__track\">\n      <ul class=\"splide__list\">\n                  <li class=\"splide__slide producto \">\n            <div class=\"content\">\n              <div class=\"imagen\">\n                <a class=\"verProducto\" href=\"https:\/\/laabuelacarmen.com\/productos\/chile-chipotle\/\">\n                  <img class='miniatura_producto' src='https:\/\/laabuelacarmen.com\/wp-content\/uploads\/2022\/07\/Chile-Chipotle-1-300x188.jpg' width='300px' height='300px'>\n                <\/a>\n              <\/div>\n              <div class=\"tituloMiniatura\">\n                <a href=\"https:\/\/laabuelacarmen.com\/productos\/chile-chipotle\/\">\n                  Chile Chipotle                <\/a>\n              <\/div>\n            <\/div>\n          <\/li>\n                  <li class=\"splide__slide producto \">\n            <div class=\"content\">\n              <div class=\"imagen\">\n                <a class=\"verProducto\" href=\"https:\/\/laabuelacarmen.com\/productos\/cebolla-negra\/\">\n                  <img class='miniatura_producto' src='https:\/\/laabuelacarmen.com\/wp-content\/uploads\/2023\/05\/fotor_2023-5-30_8_39_6-300x267.jpg' width='300px' height='300px'>\n                <\/a>\n              <\/div>\n              <div class=\"tituloMiniatura\">\n                <a href=\"https:\/\/laabuelacarmen.com\/productos\/cebolla-negra\/\">\n                  Cebolla Negra                <\/a>\n              <\/div>\n            <\/div>\n          <\/li>\n                  <li class=\"splide__slide producto \">\n            <div class=\"content\">\n              <div class=\"imagen\">\n                <a class=\"verProducto\" href=\"https:\/\/laabuelacarmen.com\/productos\/limon-negro\/\">\n                  <img class='miniatura_producto' src='https:\/\/laabuelacarmen.com\/wp-content\/uploads\/2022\/07\/Limon-negro-300x188.jpg' width='300px' height='300px'>\n                <\/a>\n              <\/div>\n              <div class=\"tituloMiniatura\">\n                <a href=\"https:\/\/laabuelacarmen.com\/productos\/limon-negro\/\">\n                  Lim\u00f3n Negro                <\/a>\n              <\/div>\n            <\/div>\n          <\/li>\n              <\/ul>\n    <\/div>\n  <\/div>\n","protected":false},"excerpt":{"rendered":"<p>Ajo Frito Somos la empresa referente como mayorista de ajos en Espa\u00f1a y contamos con m\u00e1s de 40 a\u00f1os de trayectoria en el sector ofreciendo el mejor ajo frito del mercado. Pelamos y fre\u00edmos en aceite de oliva virgen extra de alta calidad el ajo fresco producido en nuestras instalaciones para conseguir un ajo frito [&hellip;]<\/p>\n","protected":false},"author":1,"featured_media":10624,"parent":11759,"menu_order":0,"comment_status":"closed","ping_status":"closed","template":"","meta":{"inline_featured_image":false,"footnotes":""},"class_list":["post-10883","page","type-page","status-publish","has-post-thumbnail","hentry"],"acf":[],"_links":{"self":[{"href":"https:\/\/laabuelacarmen.com\/en\/wp-json\/wp\/v2\/pages\/10883","targetHints":{"allow":["GET"]}}],"collection":[{"href":"https:\/\/laabuelacarmen.com\/en\/wp-json\/wp\/v2\/pages"}],"about":[{"href":"https:\/\/laabuelacarmen.com\/en\/wp-json\/wp\/v2\/types\/page"}],"author":[{"embeddable":true,"href":"https:\/\/laabuelacarmen.com\/en\/wp-json\/wp\/v2\/users\/1"}],"replies":[{"embeddable":true,"href":"https:\/\/laabuelacarmen.com\/en\/wp-json\/wp\/v2\/comments?post=10883"}],"version-history":[{"count":5,"href":"https:\/\/laabuelacarmen.com\/en\/wp-json\/wp\/v2\/pages\/10883\/revisions"}],"predecessor-version":[{"id":24615,"href":"https:\/\/laabuelacarmen.com\/en\/wp-json\/wp\/v2\/pages\/10883\/revisions\/24615"}],"up":[{"embeddable":true,"href":"https:\/\/laabuelacarmen.com\/en\/wp-json\/wp\/v2\/pages\/11759"}],"wp:featuredmedia":[{"embeddable":true,"href":"https:\/\/laabuelacarmen.com\/en\/wp-json\/wp\/v2\/media\/10624"}],"wp:attachment":[{"href":"https:\/\/laabuelacarmen.com\/en\/wp-json\/wp\/v2\/media?parent=10883"}],"curies":[{"name":"wp","href":"https:\/\/api.w.org\/{rel}","templated":true}]}}