{"id":60643,"date":"2025-09-22T13:31:20","date_gmt":"2025-09-22T12:31:20","guid":{"rendered":"https:\/\/laabuelacarmen.com\/?page_id=60643"},"modified":"2025-09-22T13:31:22","modified_gmt":"2025-09-22T12:31:22","slug":"violetter-knoblauch","status":"publish","type":"page","link":"https:\/\/laabuelacarmen.com\/de\/produkte\/violetter-knoblauch\/","title":{"rendered":"Ajo Morado Violetter Knoblauch"},"content":{"rendered":"\n<div class=\"wp-block-media-text alignfull has-media-on-the-right is-stacked-on-mobile\" style=\"grid-template-columns:auto 75%\"><div class=\"wp-block-media-text__content\">\n<h1 class=\"wp-block-heading\">Bio Violetter Knoblauch aus Andalusien Spanien<\/h1>\n\n\n\n<p>Wenn Sie hochwertigen <strong>violetten Knoblauch kaufen<\/strong> m\u00f6chten, sind Sie hier genau richtig. Entdecken Sie den intensivsten Geschmack und alle gesundheitlichen Vorteile des authentischen spanischen Knoblauchs. Von der Familie La Abuela Carmen in C\u00f3rdoba seit 1990 zu <strong>100 % \u00f6kologisch<\/strong> angebaut, bringt jede Knolle die reine Essenz Andalusiens direkt in Ihre K\u00fcche. Machen Sie sich bereit f\u00fcr ein Aroma, das Ihre Gerichte verwandelt und Ihr Wohlbefinden f\u00f6rdert.<\/p>\n\n\n\n<p>Nicht jeder Knoblauch ist gleich. Der violette Knoblauch (Ajo Morado) ist eine autochthone spanische Sorte, die weltweit f\u00fcr ihre herausragenden Eigenschaften bekannt ist. Unser Geheimnis ist die Kombination aus einem einzigartigen, sonnenverw\u00f6hnten Terroir und einer <strong>h\u00f6heren Konzentration an Allicin<\/strong> und aktiven Wirkstoffen.<\/p>\n\n\n\n<p><\/p>\n\n\n\n<p><a href=\"https:\/\/laabuelacarmen.com\/de\/kontakt\/\">angebot anfordern<\/a><\/p>\n<\/div><figure class=\"wp-block-media-text__media\"><img loading=\"lazy\" decoding=\"async\" width=\"1024\" height=\"667\" src=\"https:\/\/laabuelacarmen.com\/wp-content\/uploads\/2022\/07\/Morado-1-1024x667.jpg\" alt=\"\" class=\"wp-image-23835 size-full\" srcset=\"https:\/\/laabuelacarmen.com\/wp-content\/uploads\/2022\/07\/Morado-1-1024x667.jpg 1024w, https:\/\/laabuelacarmen.com\/wp-content\/uploads\/2022\/07\/Morado-1-300x195.jpg 300w, https:\/\/laabuelacarmen.com\/wp-content\/uploads\/2022\/07\/Morado-1-768x500.jpg 768w, https:\/\/laabuelacarmen.com\/wp-content\/uploads\/2022\/07\/Morado-1-1536x1000.jpg 1536w, https:\/\/laabuelacarmen.com\/wp-content\/uploads\/2022\/07\/Morado-1-2048x1333.jpg 2048w, https:\/\/laabuelacarmen.com\/wp-content\/uploads\/2022\/07\/Morado-1-633x412.jpg 633w, https:\/\/laabuelacarmen.com\/wp-content\/uploads\/2022\/07\/Morado-1-1000x651.jpg 1000w\" sizes=\"auto, (max-width: 1024px) 100vw, 1024px\" \/><\/figure><\/div>\n\n\n\n<h2 class=\"wp-block-heading\"><strong>Die gesundheitlichen Vorteile von Violettem Knoblauch<\/strong><\/h2>\n\n\n\n<p>Knoblauch ist seit Jahrhunderten eine S\u00e4ule der Naturheilkunde. Heute best\u00e4tigt die Wissenschaft seine Eigenschaften und macht unseren Bio Violetten Knoblauch zu einem <strong>fundamentalen Superfood<\/strong> f\u00fcr eine gesunde Ern\u00e4hrung.<\/p>\n\n\n\n<div class=\"wp-block-media-text alignfull has-media-on-the-right is-stacked-on-mobile is-vertically-aligned-center is-style-default\" style=\"grid-template-columns:auto 75%\"><div class=\"wp-block-media-text__content\">\n<h2 class=\"wp-block-heading\"><\/h2>\n\n\n\n<p><strong>Herz-Kreislauf-System:<\/strong> Sein regelm\u00e4\u00dfiger Verzehr tr\u00e4gt zur Aufrechterhaltung eines gesunden Blutdrucks und Cholesterinspiegels bei und f\u00f6rdert die Elastizit\u00e4t der Blutgef\u00e4\u00dfe.<\/p>\n\n\n\n<p><strong>St\u00e4rkung des Immunsystems:<\/strong> Dank seiner antibakteriellen und antiviralen Eigenschaften ist er ein ausgezeichneter Verb\u00fcndeter zur St\u00e4rkung der nat\u00fcrlichen Abwehrkr\u00e4fte des K\u00f6rpers.<\/p>\n\n\n\n<p><strong>Starkes Antioxidans:<\/strong> Er ist eine nat\u00fcrliche Quelle f\u00fcr Antioxidantien wie Selen und Vitamin C, die Ihre Zellen vor oxidativem Stress und vorzeitiger Alterung sch\u00fctzen.<\/p>\n\n\n\n<p><strong>Kalorienarm:<\/strong> Mit nur 124 kcal pro 100 g ist er die perfekte Zutat, um Ihren Gerichten maximalen Geschmack zu verleihen, ohne sich um Kalorien sorgen zu m\u00fcssen.<\/p>\n<\/div><figure class=\"wp-block-media-text__media\"><img loading=\"lazy\" decoding=\"async\" width=\"1024\" height=\"768\" src=\"https:\/\/laabuelacarmen.com\/wp-content\/uploads\/2024\/04\/sala-de-prensa-3-1024x768.webp\" alt=\"\" class=\"wp-image-24089 size-full\" srcset=\"https:\/\/laabuelacarmen.com\/wp-content\/uploads\/2024\/04\/sala-de-prensa-3-1024x768.webp 1024w, https:\/\/laabuelacarmen.com\/wp-content\/uploads\/2024\/04\/sala-de-prensa-3-300x225.webp 300w, https:\/\/laabuelacarmen.com\/wp-content\/uploads\/2024\/04\/sala-de-prensa-3-768x576.webp 768w, https:\/\/laabuelacarmen.com\/wp-content\/uploads\/2024\/04\/sala-de-prensa-3-1536x1152.webp 1536w, https:\/\/laabuelacarmen.com\/wp-content\/uploads\/2024\/04\/sala-de-prensa-3-633x475.webp 633w, https:\/\/laabuelacarmen.com\/wp-content\/uploads\/2024\/04\/sala-de-prensa-3-1000x750.webp 1000w, https:\/\/laabuelacarmen.com\/wp-content\/uploads\/2024\/04\/sala-de-prensa-3.webp 1920w\" sizes=\"auto, (max-width: 1024px) 100vw, 1024px\" \/><\/figure><\/div>\n\n\n  <div class=\"bloque_valores_nutricionales\">\n    <div class=\"titleContacto\">\n      N\u00e4hrwertdeklaration    <\/div>\n    <div class='valores'>        <div class=\"fila\">\n          <div class=\"dato\">\n            N\u00e4hrwert          <\/div>\n          <div class=\"cantidad\">\n            100 g          <\/div>\n        <\/div>\n            <div class=\"fila\">\n          <div class=\"dato\">\n            Energie (Brennwert)          <\/div>\n          <div class=\"cantidad\">\n            527 kJ \/124 kcal          <\/div>\n        <\/div>\n            <div class=\"fila\">\n          <div class=\"dato\">\n            Fett          <\/div>\n          <div class=\"cantidad\">\n            0.2 g          <\/div>\n        <\/div>\n            <div class=\"fila\">\n          <div class=\"dato\">\n            davon ges\u00e4ttigte Fetts\u00e4uren          <\/div>\n          <div class=\"cantidad\">\n            0 g          <\/div>\n        <\/div>\n            <div class=\"fila\">\n          <div class=\"dato\">\n            Kohlenhydrate          <\/div>\n          <div class=\"cantidad\">\n            26 g          <\/div>\n        <\/div>\n            <div class=\"fila\">\n          <div class=\"dato\">\n            davon Zucker          <\/div>\n          <div class=\"cantidad\">\n            1 g          <\/div>\n        <\/div>\n            <div class=\"fila\">\n          <div class=\"dato\">\n            Ballaststoffe          <\/div>\n          <div class=\"cantidad\">\n            1 g          <\/div>\n        <\/div>\n            <div class=\"fila\">\n          <div class=\"dato\">\n            Eiwei\u00df          <\/div>\n          <div class=\"cantidad\">\n            4.5 g          <\/div>\n        <\/div>\n            <div class=\"fila\">\n          <div class=\"dato\">\n            Salz          <\/div>\n          <div class=\"cantidad\">\n            <0,2 g          <\/div>\n        <\/div>\n    <\/div>  <\/div>\n  \n\n  <div id=\"certificaciones-slider\" class=\"splide\">\n    <div class=\"splide__track\">\n      <ul class=\"splide__list\">          <div class=\"splide__slide\">\n            <div class=\"content\">\n              <img decoding=\"async\" class=\"foto\" src=\"https:\/\/laabuelacarmen.com\/wp-content\/uploads\/2022\/03\/Sin-titulo-7.png\" title=\"Sin-t\u00edtulo-7\" alt=\"\" \/>\n            <\/div>\n          <\/div>\n                <div class=\"splide__slide\">\n            <div class=\"content\">\n              <img decoding=\"async\" class=\"foto\" src=\"https:\/\/laabuelacarmen.com\/wp-content\/uploads\/2022\/03\/Sin-titulo-6.png\" title=\"Sin-t\u00edtulo-6\" alt=\"\" \/>\n            <\/div>\n          <\/div>\n                <div class=\"splide__slide\">\n            <div class=\"content\">\n              <img decoding=\"async\" class=\"foto\" src=\"https:\/\/laabuelacarmen.com\/wp-content\/uploads\/2022\/03\/Sin-titulo-5.png\" title=\"Sin-t\u00edtulo-5\" alt=\"\" \/>\n            <\/div>\n          <\/div>\n                <div class=\"splide__slide\">\n            <div class=\"content\">\n              <img decoding=\"async\" class=\"foto\" src=\"https:\/\/laabuelacarmen.com\/wp-content\/uploads\/2022\/03\/Sin-titulo-4.png\" title=\"Sin-t\u00edtulo-4\" alt=\"\" \/>\n            <\/div>\n          <\/div>\n                <div class=\"splide__slide\">\n            <div class=\"content\">\n              <img decoding=\"async\" class=\"foto\" src=\"https:\/\/laabuelacarmen.com\/wp-content\/uploads\/2022\/03\/Sin-titulo-3.png\" title=\"Sin-t\u00edtulo-3\" alt=\"\" \/>\n            <\/div>\n          <\/div>\n                <div class=\"splide__slide\">\n            <div class=\"content\">\n              <img decoding=\"async\" class=\"foto\" src=\"https:\/\/laabuelacarmen.com\/wp-content\/uploads\/2022\/03\/Sin-titulo-2.png\" title=\"Sin-t\u00edtulo-2\" alt=\"\" \/>\n            <\/div>\n          <\/div>\n                <div class=\"splide__slide\">\n            <div class=\"content\">\n              <img decoding=\"async\" class=\"foto\" src=\"https:\/\/laabuelacarmen.com\/wp-content\/uploads\/2022\/03\/Sin-titulo-1.png\" title=\"Sin-t\u00edtulo-1\" alt=\"\" \/>\n            <\/div>\n          <\/div>\n      <\/ul>    <\/div>\n  <\/div>\n\n\n  <div id=\"slider_paginas\" class=\"splide\">\n          <div class=\"titleSliderPaginas\">\n        Andere Produkte      <\/div>\n        <div class=\"splide__track\">\n      <ul class=\"splide__list\">\n                  <li class=\"splide__slide producto \">\n            <div class=\"content\">\n              <div class=\"imagen\">\n                <a class=\"verProducto\" href=\"https:\/\/laabuelacarmen.com\/de\/produkte\/frischer-knoblauch\/\">\n                  <img class='miniatura_producto' src='https:\/\/laabuelacarmen.com\/wp-content\/uploads\/2022\/07\/Ajo-Fresco-1-300x188.jpg' width='300px' height='300px'>\n                <\/a>\n              <\/div>\n              <div class=\"tituloMiniatura\">\n                <a href=\"https:\/\/laabuelacarmen.com\/de\/produkte\/frischer-knoblauch\/\">\n                  Frischer Knoblauch                <\/a>\n              <\/div>\n            <\/div>\n          <\/li>\n                  <li class=\"splide__slide producto \">\n            <div class=\"content\">\n              <div class=\"imagen\">\n                <a class=\"verProducto\" href=\"https:\/\/laabuelacarmen.com\/de\/produkte\/schwarzer-knoblauch\/\">\n                  <img class='miniatura_producto' src='https:\/\/laabuelacarmen.com\/wp-content\/uploads\/2022\/07\/Ajo-negro-300x188.jpg' width='300px' height='300px'>\n                <\/a>\n              <\/div>\n              <div class=\"tituloMiniatura\">\n                <a href=\"https:\/\/laabuelacarmen.com\/de\/produkte\/schwarzer-knoblauch\/\">\n                  Schwarzer Knoblauch                <\/a>\n              <\/div>\n            <\/div>\n          <\/li>\n                  <li class=\"splide__slide producto \">\n            <div class=\"content\">\n              <div class=\"imagen\">\n                <a class=\"verProducto\" href=\"https:\/\/laabuelacarmen.com\/de\/produkte\/gebratener-knoblauch\/\">\n                  <img class='miniatura_producto' src='https:\/\/laabuelacarmen.com\/wp-content\/uploads\/2022\/07\/Ajo-frito-1-300x188.jpg' width='300px' height='300px'>\n                <\/a>\n              <\/div>\n              <div class=\"tituloMiniatura\">\n                <a href=\"https:\/\/laabuelacarmen.com\/de\/produkte\/gebratener-knoblauch\/\">\n                  Gebratener Knoblauch                <\/a>\n              <\/div>\n            <\/div>\n          <\/li>\n              <\/ul>\n    <\/div>\n  <\/div>\n","protected":false},"excerpt":{"rendered":"<p>Bio Violetter Knoblauch aus Andalusien Spanien Wenn Sie hochwertigen violetten Knoblauch kaufen m\u00f6chten, sind Sie hier genau richtig. Entdecken Sie den intensivsten Geschmack und alle gesundheitlichen Vorteile des authentischen spanischen Knoblauchs. Von der Familie La Abuela Carmen in C\u00f3rdoba seit 1990 zu 100 % \u00f6kologisch angebaut, bringt jede Knolle die reine Essenz Andalusiens direkt in [&hellip;]<\/p>\n","protected":false},"author":1,"featured_media":23921,"parent":24601,"menu_order":0,"comment_status":"closed","ping_status":"closed","template":"","meta":{"inline_featured_image":false,"footnotes":""},"class_list":["post-60643","page","type-page","status-publish","has-post-thumbnail","hentry"],"acf":[],"_links":{"self":[{"href":"https:\/\/laabuelacarmen.com\/de\/wp-json\/wp\/v2\/pages\/60643","targetHints":{"allow":["GET"]}}],"collection":[{"href":"https:\/\/laabuelacarmen.com\/de\/wp-json\/wp\/v2\/pages"}],"about":[{"href":"https:\/\/laabuelacarmen.com\/de\/wp-json\/wp\/v2\/types\/page"}],"author":[{"embeddable":true,"href":"https:\/\/laabuelacarmen.com\/de\/wp-json\/wp\/v2\/users\/1"}],"replies":[{"embeddable":true,"href":"https:\/\/laabuelacarmen.com\/de\/wp-json\/wp\/v2\/comments?post=60643"}],"version-history":[{"count":4,"href":"https:\/\/laabuelacarmen.com\/de\/wp-json\/wp\/v2\/pages\/60643\/revisions"}],"predecessor-version":[{"id":60647,"href":"https:\/\/laabuelacarmen.com\/de\/wp-json\/wp\/v2\/pages\/60643\/revisions\/60647"}],"up":[{"embeddable":true,"href":"https:\/\/laabuelacarmen.com\/de\/wp-json\/wp\/v2\/pages\/24601"}],"wp:featuredmedia":[{"embeddable":true,"href":"https:\/\/laabuelacarmen.com\/de\/wp-json\/wp\/v2\/media\/23921"}],"wp:attachment":[{"href":"https:\/\/laabuelacarmen.com\/de\/wp-json\/wp\/v2\/media?parent=60643"}],"curies":[{"name":"wp","href":"https:\/\/api.w.org\/{rel}","templated":true}]}}