{"id":32253,"date":"2025-03-07T10:39:33","date_gmt":"2025-03-07T09:39:33","guid":{"rendered":"https:\/\/laabuelacarmen.com\/?page_id=32253"},"modified":"2025-09-15T13:42:22","modified_gmt":"2025-09-15T12:42:22","slug":"schwarzer-knoblauch-aus-spanien","status":"publish","type":"page","link":"https:\/\/laabuelacarmen.com\/de\/produkte\/schwarzer-knoblauch-aus-spanien\/","title":{"rendered":"Schwarzer Knoblauch aus Spanien"},"content":{"rendered":"\n<div class=\"wp-block-media-text alignfull has-media-on-the-right is-stacked-on-mobile\" style=\"grid-template-columns:auto 75%\"><div class=\"wp-block-media-text__content\">\n<h1 class=\"wp-block-heading\">Schwarzer Knoblauch aus Spanien<\/h1>\n\n\n\n<p>Unser <strong>schwarzer Knoblauch<\/strong> wird aus sorgf\u00e4ltig ausgew\u00e4hltem, frischem Knoblauch hergestellt, der einem <strong>nat\u00fcrlichen Fermentationsprozess<\/strong> unterzogen wird. Dieses Verfahren verleiht dem Knoblauch seine charakteristische schwarze Farbe, eine weiche Textur und einen s\u00fc\u00dflichen, milden Geschmack, der an Balsamico-Essig oder Trockenfr\u00fcchte erinnert.<\/p>\n\n\n\n<p><strong>La Abuela Carmen<\/strong> legt gro\u00dfen Wert auf Qualit\u00e4t und Tradition. Unser schwarzer Knoblauch ist <strong>100 % nat\u00fcrlich<\/strong>, ohne Zusatzstoffe oder Konservierungsmittel, und beh\u00e4lt alle wertvollen N\u00e4hrstoffe des frischen Knoblauchs bei. Er eignet sich hervorragend f\u00fcr die Gourmet-K\u00fcche, als Zutat in verschiedenen Gerichten oder als gesundes Lebensmittel f\u00fcr den t\u00e4glichen Verzehr.<\/p>\n\n\n\n<p><\/p>\n\n\n\n<p><a href=\"https:\/\/laabuelacarmen.com\/de\/kontakt\/\">angebot anfordern<\/a><\/p>\n<\/div><figure class=\"wp-block-media-text__media\"><img loading=\"lazy\" decoding=\"async\" width=\"1024\" height=\"682\" src=\"https:\/\/laabuelacarmen.com\/wp-content\/uploads\/2022\/03\/Pack-6-uds.-Ajo-Negro-ECOLOGICO-60g-fotor-20240722860-1024x682.jpg\" alt=\"\" class=\"wp-image-24143 size-full\" srcset=\"https:\/\/laabuelacarmen.com\/wp-content\/uploads\/2022\/03\/Pack-6-uds.-Ajo-Negro-ECOLOGICO-60g-fotor-20240722860-1024x682.jpg 1024w, https:\/\/laabuelacarmen.com\/wp-content\/uploads\/2022\/03\/Pack-6-uds.-Ajo-Negro-ECOLOGICO-60g-fotor-20240722860-300x200.jpg 300w, https:\/\/laabuelacarmen.com\/wp-content\/uploads\/2022\/03\/Pack-6-uds.-Ajo-Negro-ECOLOGICO-60g-fotor-20240722860-768x512.jpg 768w, https:\/\/laabuelacarmen.com\/wp-content\/uploads\/2022\/03\/Pack-6-uds.-Ajo-Negro-ECOLOGICO-60g-fotor-20240722860-1536x1024.jpg 1536w, https:\/\/laabuelacarmen.com\/wp-content\/uploads\/2022\/03\/Pack-6-uds.-Ajo-Negro-ECOLOGICO-60g-fotor-20240722860-2048x1365.jpg 2048w, https:\/\/laabuelacarmen.com\/wp-content\/uploads\/2022\/03\/Pack-6-uds.-Ajo-Negro-ECOLOGICO-60g-fotor-20240722860-633x422.jpg 633w, https:\/\/laabuelacarmen.com\/wp-content\/uploads\/2022\/03\/Pack-6-uds.-Ajo-Negro-ECOLOGICO-60g-fotor-20240722860-1000x667.jpg 1000w\" sizes=\"auto, (max-width: 1024px) 100vw, 1024px\" \/><\/figure><\/div>\n\n\n\n<h2 class=\"wp-block-heading\"><strong>Spanischer gesch\u00e4lter Knoblauch direkt vom Produzenten<\/strong><\/h2>\n\n\n\n<p>Der schwarze Knoblauch von La Abuela Carmen stammt aus <strong>Montalb\u00e1n de C\u00f3rdoba, einer Region im S\u00fcden Spaniens<\/strong>, die f\u00fcr ihre lange Tradition im Knoblauchanbau bekannt ist. Das warme, trockene Klima Andalusiens und die fruchtbaren B\u00f6den bieten die idealen Bedingungen f\u00fcr den Anbau von hochwertigem Knoblauch. Hier wird unser Knoblauch unter streng kontrollierten Bedingungen angebaut, geerntet und verarbeitet, um ein erstklassiges Produkt zu garantieren.<\/p>\n\n\n\n<div class=\"wp-block-media-text alignfull has-media-on-the-right is-stacked-on-mobile is-vertically-aligned-center is-style-default\" style=\"grid-template-columns:auto 75%\"><div class=\"wp-block-media-text__content\">\n<h2 class=\"wp-block-heading\"><\/h2>\n\n\n\n<p>Als <strong>erster<\/strong> <strong>Produzent von schwarzem Knoblauch in Europa <\/strong>hat sich La Abuela Carmen auf die Herstellung eines reinen, nat\u00fcrlichen Produkts spezialisiert. Wir arbeiten ausschlie\u00dflich mit spanischem Knoblauch, der nach h\u00f6chsten Qualit\u00e4tsstandards ausgew\u00e4hlt und verarbeitet wird. Unser gesamter Produktionsprozess \u2013 vom Anbau bis zur Fermentation \u2013 findet in Spanien statt, ohne den Einsatz von Zusatzstoffen oder Konservierungsmitteln.<\/p>\n\n\n\n<p>Wenn Sie auf der Suche nach erstklassigem spanischem schwarzen Knoblauch direkt vom Erzeuger sind, sind Sie bei La Abuela Carmen genau richtig. Wir beliefern Unternehmen und Fachleute, die auf Qualit\u00e4t und Authentizit\u00e4t setzen. Unser Team steht Ihnen gerne zur Verf\u00fcgung, um Ihnen alle Informationen zu unserem Produkt zu geben und eine individuelle L\u00f6sung f\u00fcr Ihren Bedarf zu finden. Kontaktieren Sie uns noch heute und profitieren Sie von der besten Qualit\u00e4t spanischen schwarzen Knoblauchs<\/p>\n<\/div><figure class=\"wp-block-media-text__media\"><img loading=\"lazy\" decoding=\"async\" width=\"1024\" height=\"768\" src=\"https:\/\/laabuelacarmen.com\/wp-content\/uploads\/2024\/04\/sala-de-prensa-3-1024x768.webp\" alt=\"\" class=\"wp-image-24089 size-full\" srcset=\"https:\/\/laabuelacarmen.com\/wp-content\/uploads\/2024\/04\/sala-de-prensa-3-1024x768.webp 1024w, https:\/\/laabuelacarmen.com\/wp-content\/uploads\/2024\/04\/sala-de-prensa-3-300x225.webp 300w, https:\/\/laabuelacarmen.com\/wp-content\/uploads\/2024\/04\/sala-de-prensa-3-768x576.webp 768w, https:\/\/laabuelacarmen.com\/wp-content\/uploads\/2024\/04\/sala-de-prensa-3-1536x1152.webp 1536w, https:\/\/laabuelacarmen.com\/wp-content\/uploads\/2024\/04\/sala-de-prensa-3-633x475.webp 633w, https:\/\/laabuelacarmen.com\/wp-content\/uploads\/2024\/04\/sala-de-prensa-3-1000x750.webp 1000w, https:\/\/laabuelacarmen.com\/wp-content\/uploads\/2024\/04\/sala-de-prensa-3.webp 1920w\" sizes=\"auto, (max-width: 1024px) 100vw, 1024px\" \/><\/figure><\/div>\n\n\n  <div class=\"bloque_valores_nutricionales\">\n    <div class=\"titleContacto\">\n      N\u00e4hrwertdeklaration    <\/div>\n    <div class='valores'>        <div class=\"fila\">\n          <div class=\"dato\">\n            N\u00e4hrwert          <\/div>\n          <div class=\"cantidad\">\n            100 g          <\/div>\n        <\/div>\n            <div class=\"fila\">\n          <div class=\"dato\">\n            Energie (Brennwert)          <\/div>\n          <div class=\"cantidad\">\n            527 kJ \/124 kcal          <\/div>\n        <\/div>\n            <div class=\"fila\">\n          <div class=\"dato\">\n            Fett          <\/div>\n          <div class=\"cantidad\">\n            0.2 g          <\/div>\n        <\/div>\n            <div class=\"fila\">\n          <div class=\"dato\">\n            davon ges\u00e4ttigte Fetts\u00e4uren          <\/div>\n          <div class=\"cantidad\">\n            0 g          <\/div>\n        <\/div>\n            <div class=\"fila\">\n          <div class=\"dato\">\n            Kohlenhydrate          <\/div>\n          <div class=\"cantidad\">\n            26 g          <\/div>\n        <\/div>\n            <div class=\"fila\">\n          <div class=\"dato\">\n            davon Zucker          <\/div>\n          <div class=\"cantidad\">\n            1 g          <\/div>\n        <\/div>\n            <div class=\"fila\">\n          <div class=\"dato\">\n            Ballaststoffe          <\/div>\n          <div class=\"cantidad\">\n            1 g          <\/div>\n        <\/div>\n            <div class=\"fila\">\n          <div class=\"dato\">\n            Eiwei\u00df          <\/div>\n          <div class=\"cantidad\">\n            4.5 g          <\/div>\n        <\/div>\n            <div class=\"fila\">\n          <div class=\"dato\">\n            Salz          <\/div>\n          <div class=\"cantidad\">\n            <0,2 g          <\/div>\n        <\/div>\n    <\/div>  <\/div>\n  \n\n  <div id=\"certificaciones-slider\" class=\"splide\">\n    <div class=\"splide__track\">\n      <ul class=\"splide__list\">          <div class=\"splide__slide\">\n            <div class=\"content\">\n              <img decoding=\"async\" class=\"foto\" src=\"https:\/\/laabuelacarmen.com\/wp-content\/uploads\/2022\/03\/Sin-titulo-7.png\" title=\"Sin-t\u00edtulo-7\" alt=\"\" \/>\n            <\/div>\n          <\/div>\n                <div class=\"splide__slide\">\n            <div class=\"content\">\n              <img decoding=\"async\" class=\"foto\" src=\"https:\/\/laabuelacarmen.com\/wp-content\/uploads\/2022\/03\/Sin-titulo-6.png\" title=\"Sin-t\u00edtulo-6\" alt=\"\" \/>\n            <\/div>\n          <\/div>\n                <div class=\"splide__slide\">\n            <div class=\"content\">\n              <img decoding=\"async\" class=\"foto\" src=\"https:\/\/laabuelacarmen.com\/wp-content\/uploads\/2022\/03\/Sin-titulo-5.png\" title=\"Sin-t\u00edtulo-5\" alt=\"\" \/>\n            <\/div>\n          <\/div>\n                <div class=\"splide__slide\">\n            <div class=\"content\">\n              <img decoding=\"async\" class=\"foto\" src=\"https:\/\/laabuelacarmen.com\/wp-content\/uploads\/2022\/03\/Sin-titulo-4.png\" title=\"Sin-t\u00edtulo-4\" alt=\"\" \/>\n            <\/div>\n          <\/div>\n                <div class=\"splide__slide\">\n            <div class=\"content\">\n              <img decoding=\"async\" class=\"foto\" src=\"https:\/\/laabuelacarmen.com\/wp-content\/uploads\/2022\/03\/Sin-titulo-3.png\" title=\"Sin-t\u00edtulo-3\" alt=\"\" \/>\n            <\/div>\n          <\/div>\n                <div class=\"splide__slide\">\n            <div class=\"content\">\n              <img decoding=\"async\" class=\"foto\" src=\"https:\/\/laabuelacarmen.com\/wp-content\/uploads\/2022\/03\/Sin-titulo-2.png\" title=\"Sin-t\u00edtulo-2\" alt=\"\" \/>\n            <\/div>\n          <\/div>\n                <div class=\"splide__slide\">\n            <div class=\"content\">\n              <img decoding=\"async\" class=\"foto\" src=\"https:\/\/laabuelacarmen.com\/wp-content\/uploads\/2022\/03\/Sin-titulo-1.png\" title=\"Sin-t\u00edtulo-1\" alt=\"\" \/>\n            <\/div>\n          <\/div>\n      <\/ul>    <\/div>\n  <\/div>\n\n\n  <div id=\"slider_paginas\" class=\"splide\">\n          <div class=\"titleSliderPaginas\">\n        Andere Produkte      <\/div>\n        <div class=\"splide__track\">\n      <ul class=\"splide__list\">\n                  <li class=\"splide__slide producto \">\n            <div class=\"content\">\n              <div class=\"imagen\">\n                <a class=\"verProducto\" href=\"https:\/\/laabuelacarmen.com\/de\/produkte\/frischer-knoblauch\/\">\n                  <img class='miniatura_producto' src='https:\/\/laabuelacarmen.com\/wp-content\/uploads\/2022\/07\/Ajo-Fresco-1-300x188.jpg' width='300px' height='300px'>\n                <\/a>\n              <\/div>\n              <div class=\"tituloMiniatura\">\n                <a href=\"https:\/\/laabuelacarmen.com\/de\/produkte\/frischer-knoblauch\/\">\n                  Frischer Knoblauch                <\/a>\n              <\/div>\n            <\/div>\n          <\/li>\n                  <li class=\"splide__slide producto \">\n            <div class=\"content\">\n              <div class=\"imagen\">\n                <a class=\"verProducto\" href=\"https:\/\/laabuelacarmen.com\/de\/produkte\/schwarzer-knoblauch\/\">\n                  <img class='miniatura_producto' src='https:\/\/laabuelacarmen.com\/wp-content\/uploads\/2022\/07\/Ajo-negro-300x188.jpg' width='300px' height='300px'>\n                <\/a>\n              <\/div>\n              <div class=\"tituloMiniatura\">\n                <a href=\"https:\/\/laabuelacarmen.com\/de\/produkte\/schwarzer-knoblauch\/\">\n                  Schwarzer Knoblauch                <\/a>\n              <\/div>\n            <\/div>\n          <\/li>\n                  <li class=\"splide__slide producto \">\n            <div class=\"content\">\n              <div class=\"imagen\">\n                <a class=\"verProducto\" href=\"https:\/\/laabuelacarmen.com\/de\/produkte\/gebratener-knoblauch\/\">\n                  <img class='miniatura_producto' src='https:\/\/laabuelacarmen.com\/wp-content\/uploads\/2022\/07\/Ajo-frito-1-300x188.jpg' width='300px' height='300px'>\n                <\/a>\n              <\/div>\n              <div class=\"tituloMiniatura\">\n                <a href=\"https:\/\/laabuelacarmen.com\/de\/produkte\/gebratener-knoblauch\/\">\n                  Gebratener Knoblauch                <\/a>\n              <\/div>\n            <\/div>\n          <\/li>\n              <\/ul>\n    <\/div>\n  <\/div>\n","protected":false},"excerpt":{"rendered":"<p>Schwarzer Knoblauch aus Spanien Unser schwarzer Knoblauch wird aus sorgf\u00e4ltig ausgew\u00e4hltem, frischem Knoblauch hergestellt, der einem nat\u00fcrlichen Fermentationsprozess unterzogen wird. Dieses Verfahren verleiht dem Knoblauch seine charakteristische schwarze Farbe, eine weiche Textur und einen s\u00fc\u00dflichen, milden Geschmack, der an Balsamico-Essig oder Trockenfr\u00fcchte erinnert. La Abuela Carmen legt gro\u00dfen Wert auf Qualit\u00e4t und Tradition. Unser schwarzer [&hellip;]<\/p>\n","protected":false},"author":1,"featured_media":23921,"parent":24601,"menu_order":0,"comment_status":"closed","ping_status":"closed","template":"","meta":{"inline_featured_image":false,"footnotes":""},"class_list":["post-32253","page","type-page","status-publish","has-post-thumbnail","hentry"],"acf":[],"_links":{"self":[{"href":"https:\/\/laabuelacarmen.com\/de\/wp-json\/wp\/v2\/pages\/32253","targetHints":{"allow":["GET"]}}],"collection":[{"href":"https:\/\/laabuelacarmen.com\/de\/wp-json\/wp\/v2\/pages"}],"about":[{"href":"https:\/\/laabuelacarmen.com\/de\/wp-json\/wp\/v2\/types\/page"}],"author":[{"embeddable":true,"href":"https:\/\/laabuelacarmen.com\/de\/wp-json\/wp\/v2\/users\/1"}],"replies":[{"embeddable":true,"href":"https:\/\/laabuelacarmen.com\/de\/wp-json\/wp\/v2\/comments?post=32253"}],"version-history":[{"count":11,"href":"https:\/\/laabuelacarmen.com\/de\/wp-json\/wp\/v2\/pages\/32253\/revisions"}],"predecessor-version":[{"id":59868,"href":"https:\/\/laabuelacarmen.com\/de\/wp-json\/wp\/v2\/pages\/32253\/revisions\/59868"}],"up":[{"embeddable":true,"href":"https:\/\/laabuelacarmen.com\/de\/wp-json\/wp\/v2\/pages\/24601"}],"wp:featuredmedia":[{"embeddable":true,"href":"https:\/\/laabuelacarmen.com\/de\/wp-json\/wp\/v2\/media\/23921"}],"wp:attachment":[{"href":"https:\/\/laabuelacarmen.com\/de\/wp-json\/wp\/v2\/media?parent=32253"}],"curies":[{"name":"wp","href":"https:\/\/api.w.org\/{rel}","templated":true}]}}