{"id":24661,"date":"2022-03-15T14:25:56","date_gmt":"2022-03-15T13:25:56","guid":{"rendered":"https:\/\/laabuelacarmen.com\/sectores\/supermercados\/"},"modified":"2025-01-14T10:01:49","modified_gmt":"2025-01-14T09:01:49","slug":"supermaerkte","status":"publish","type":"page","link":"https:\/\/laabuelacarmen.com\/de\/sektoren\/supermaerkte\/","title":{"rendered":"SUPERM\u00c4RKTE"},"content":{"rendered":"\n<div class=\"wp-block-media-text alignfull has-media-on-the-right is-stacked-on-mobile is-vertically-aligned-center is-style-default\" style=\"grid-template-columns:auto 56%\"><div class=\"wp-block-media-text__content\">\n<h1 class=\"wp-block-heading has-text-color\" style=\"color:#000000\"><strong>GESCH\u00c4FTE UND SUPERM\u00c4RKTE, LA ABUELA CARMEN KOMMT ZU IHNEN NACHHAUSE<\/strong><\/h1>\n\n\n\n<p>Der Empfang unserer Produkte (entweder in Gesch\u00e4ften und Superm\u00e4rkten oder beim Online-Einkauf auf dieser Website) ist die wichtige Verbindung zwischen unserer Marke und dem Endverbraucher.<\/p>\n\n\n\n<p>Dank der kulinarischen und gesunden Eigenschaften des Knoblauchs k\u00f6nnen wir unseren umfangreichen Katalog diversifizieren. Sein Bio-Sortiment ist ein Zeichen f\u00fcr zertifizierte Garantie.<\/p>\n\n\n\n<p>Neben dem Knoblauch und dem schwarzen Knoblauch in seinen zahlreichen Varianten bietet La Abuela Carmen dem Verbraucher auch die exklusive Schwarze Zwiebel an. Dieses schmackhafte Lebensmittel verf\u00fcgt \u00fcber zahlreiche, f\u00fcr die Gesundheit sehr wichtige Eigenschaften, die von verschiedenen offiziellen Gesundheitsbeh\u00f6rden bescheinigt wurden. Neben diesem Lebensmittel stehen den Verbrauchern auch die schwarze Zitrone und die Mandarine zur Verf\u00fcgung&nbsp;\u2013 ein ideales Gew\u00fcrz f\u00fcr zahlreiche Gerichte in unserer Gastronomie.<\/p>\n\n\n\n<p>Unsere Verbraucher finden auf dieser Website auch eine umfangreiche Liste mit Rezepten, die sie mit unseren Produkten zubereiten k\u00f6nnen, und die st\u00e4ndig aktualisiert wird.<\/p>\n\n\n\n<p><\/p>\n<\/div><figure class=\"wp-block-media-text__media\"><img loading=\"lazy\" decoding=\"async\" width=\"1000\" height=\"666\" src=\"https:\/\/laabuelacarmen.com\/wp-content\/uploads\/2022\/03\/PACK-GOURMET-2.jpg\" alt=\"\" class=\"wp-image-663 size-full\" srcset=\"https:\/\/laabuelacarmen.com\/wp-content\/uploads\/2022\/03\/PACK-GOURMET-2.jpg 1000w, https:\/\/laabuelacarmen.com\/wp-content\/uploads\/2022\/03\/PACK-GOURMET-2-633x422.jpg 633w, https:\/\/laabuelacarmen.com\/wp-content\/uploads\/2022\/03\/PACK-GOURMET-2-300x200.jpg 300w, https:\/\/laabuelacarmen.com\/wp-content\/uploads\/2022\/03\/PACK-GOURMET-2-768x511.jpg 768w\" sizes=\"auto, (max-width: 1000px) 100vw, 1000px\" \/><\/figure><\/div>\n\n\n  <div id=\"slider_paginas\" class=\"splide\">\n          <div class=\"titleSliderPaginas\">\n        Die wichtigsten Produkte, die f\u00fcr den Supermarktsektor vermarktet werden.      <\/div>\n        <div class=\"splide__track\">\n      <ul class=\"splide__list\">\n                  <li class=\"splide__slide producto \">\n            <div class=\"content\">\n              <div class=\"imagen\">\n                <a class=\"verProducto\" href=\"https:\/\/laabuelacarmen.com\/de\/produkte\/schwarzer-knoblauch\/\">\n                  <img class='miniatura_producto' src='https:\/\/laabuelacarmen.com\/wp-content\/uploads\/2022\/07\/Ajo-negro-300x188.jpg' width='300px' height='300px'>\n                <\/a>\n              <\/div>\n              <div class=\"tituloMiniatura\">\n                <a href=\"https:\/\/laabuelacarmen.com\/de\/produkte\/schwarzer-knoblauch\/\">\n                  Schwarzer Knoblauch                <\/a>\n              <\/div>\n            <\/div>\n          <\/li>\n                  <li class=\"splide__slide producto \">\n            <div class=\"content\">\n              <div class=\"imagen\">\n                <a class=\"verProducto\" href=\"https:\/\/laabuelacarmen.com\/de\/produkte\/gebratener-knoblauch\/\">\n                  <img class='miniatura_producto' src='https:\/\/laabuelacarmen.com\/wp-content\/uploads\/2022\/07\/Ajo-frito-1-300x188.jpg' width='300px' height='300px'>\n                <\/a>\n              <\/div>\n              <div class=\"tituloMiniatura\">\n                <a href=\"https:\/\/laabuelacarmen.com\/de\/produkte\/gebratener-knoblauch\/\">\n                  Gebratener Knoblauch                <\/a>\n              <\/div>\n            <\/div>\n          <\/li>\n                  <li class=\"splide__slide producto \">\n            <div class=\"content\">\n              <div class=\"imagen\">\n                <a class=\"verProducto\" href=\"https:\/\/laabuelacarmen.com\/de\/produkte\/bio-knoblauch\/\">\n                  <img class='miniatura_producto' src='https:\/\/laabuelacarmen.com\/wp-content\/uploads\/2022\/07\/Ajo-ecologico-1-300x188.jpg' width='300px' height='300px'>\n                <\/a>\n              <\/div>\n              <div class=\"tituloMiniatura\">\n                <a href=\"https:\/\/laabuelacarmen.com\/de\/produkte\/bio-knoblauch\/\">\n                  Bio-Knoblauch                <\/a>\n              <\/div>\n            <\/div>\n          <\/li>\n              <\/ul>\n    <\/div>\n  <\/div>\n\n\n\n<h3 class=\"wp-block-heading has-text-align-center\">Unternehmen der Supermarktbranche, mit denen wir zusammenarbeiten:<\/h3>\n\n\n  <div id=\"certificaciones-slider\" class=\"splide\">\n    <div class=\"splide__track\">\n      <ul class=\"splide__list\">          <div class=\"splide__slide\">\n            <div class=\"content\">\n              <img decoding=\"async\" class=\"foto\" src=\"https:\/\/laabuelacarmen.com\/wp-content\/uploads\/2022\/07\/mercadona.png\" title=\"mercadona\" alt=\"\" \/>\n            <\/div>\n          <\/div>\n                <div class=\"splide__slide\">\n            <div class=\"content\">\n              <img decoding=\"async\" class=\"foto\" src=\"https:\/\/laabuelacarmen.com\/wp-content\/uploads\/2022\/07\/SABOR-A-VIDA-logo2-300x230-1.png\" title=\"SABOR-A-VIDA-logo2-300x230\" alt=\"\" \/>\n            <\/div>\n          <\/div>\n                <div class=\"splide__slide\">\n            <div class=\"content\">\n              <img decoding=\"async\" class=\"foto\" src=\"https:\/\/laabuelacarmen.com\/wp-content\/uploads\/2022\/07\/logo-deza.png\" title=\"logo-deza\" alt=\"\" \/>\n            <\/div>\n          <\/div>\n                <div class=\"splide__slide\">\n            <div class=\"content\">\n              <img decoding=\"async\" class=\"foto\" src=\"https:\/\/laabuelacarmen.com\/wp-content\/uploads\/2022\/07\/vegiee-room.png\" title=\"vegiee-room\" alt=\"\" \/>\n            <\/div>\n          <\/div>\n                <div class=\"splide__slide\">\n            <div class=\"content\">\n              <img decoding=\"async\" class=\"foto\" src=\"https:\/\/laabuelacarmen.com\/wp-content\/uploads\/2022\/07\/ecologica_saucedo.png\" title=\"ecologica_saucedo\" alt=\"\" \/>\n            <\/div>\n          <\/div>\n                <div class=\"splide__slide\">\n            <div class=\"content\">\n              <img decoding=\"async\" class=\"foto\" src=\"https:\/\/laabuelacarmen.com\/wp-content\/uploads\/2022\/07\/logo_eci.png\" title=\"logo_eci\" alt=\"\" \/>\n            <\/div>\n          <\/div>\n                <div class=\"splide__slide\">\n            <div class=\"content\">\n              <img decoding=\"async\" class=\"foto\" src=\"https:\/\/laabuelacarmen.com\/wp-content\/uploads\/2022\/07\/logo_elagua2.png\" title=\"logo_elagua2\" alt=\"\" \/>\n            <\/div>\n          <\/div>\n                <div class=\"splide__slide\">\n            <div class=\"content\">\n              <img decoding=\"async\" class=\"foto\" src=\"https:\/\/laabuelacarmen.com\/wp-content\/uploads\/2022\/07\/logo.png\" title=\"logo\" alt=\"\" \/>\n            <\/div>\n          <\/div>\n                <div class=\"splide__slide\">\n            <div class=\"content\">\n              <img decoding=\"async\" class=\"foto\" src=\"https:\/\/laabuelacarmen.com\/wp-content\/uploads\/2022\/07\/herbolario-indigo-logo-.png\" title=\"herbolario-indigo-logo-\" alt=\"\" \/>\n            <\/div>\n          <\/div>\n                <div class=\"splide__slide\">\n            <div class=\"content\">\n              <img decoding=\"async\" class=\"foto\" src=\"https:\/\/laabuelacarmen.com\/wp-content\/uploads\/2022\/07\/kokore.png\" title=\"kokore\" alt=\"\" \/>\n            <\/div>\n          <\/div>\n                <div class=\"splide__slide\">\n            <div class=\"content\">\n              <img decoding=\"async\" class=\"foto\" src=\"https:\/\/laabuelacarmen.com\/wp-content\/uploads\/2022\/07\/logo_la_cepa.png\" title=\"logo_la_cepa\" alt=\"\" \/>\n            <\/div>\n          <\/div>\n                <div class=\"splide__slide\">\n            <div class=\"content\">\n              <img decoding=\"async\" class=\"foto\" src=\"https:\/\/laabuelacarmen.com\/wp-content\/uploads\/2022\/07\/logotipo_rest_recomiendo.png\" title=\"logotipo_rest_recomiendo\" alt=\"\" \/>\n            <\/div>\n          <\/div>\n                <div class=\"splide__slide\">\n            <div class=\"content\">\n              <img decoding=\"async\" class=\"foto\" src=\"https:\/\/laabuelacarmen.com\/wp-content\/uploads\/2022\/07\/logo_rest_La_Samoroteca.png\" title=\"logo_rest_La_Samoroteca\" alt=\"\" \/>\n            <\/div>\n          <\/div>\n                <div class=\"splide__slide\">\n            <div class=\"content\">\n              <img decoding=\"async\" class=\"foto\" src=\"https:\/\/laabuelacarmen.com\/wp-content\/uploads\/2022\/07\/logo_la_ortiga.png\" title=\"logo_la_ortiga\" alt=\"\" \/>\n            <\/div>\n          <\/div>\n                <div class=\"splide__slide\">\n            <div class=\"content\">\n              <img decoding=\"async\" class=\"foto\" src=\"https:\/\/laabuelacarmen.com\/wp-content\/uploads\/2022\/07\/abarrotes_logo.jpg\" title=\"abarrotes_logo\" alt=\"\" \/>\n            <\/div>\n          <\/div>\n                <div class=\"splide__slide\">\n            <div class=\"content\">\n              <img decoding=\"async\" class=\"foto\" src=\"https:\/\/laabuelacarmen.com\/wp-content\/uploads\/2022\/07\/Natural.jpg\" title=\"Natural\" alt=\"\" \/>\n            <\/div>\n          <\/div>\n      <\/ul>    <\/div>\n  <\/div>\n","protected":false},"excerpt":{"rendered":"<p>GESCH\u00c4FTE UND SUPERM\u00c4RKTE, LA ABUELA CARMEN KOMMT ZU IHNEN NACHHAUSE Der Empfang unserer Produkte (entweder in Gesch\u00e4ften und Superm\u00e4rkten oder beim Online-Einkauf auf dieser Website) ist die wichtige Verbindung zwischen unserer Marke und dem Endverbraucher. Dank der kulinarischen und gesunden Eigenschaften des Knoblauchs k\u00f6nnen wir unseren umfangreichen Katalog diversifizieren. Sein Bio-Sortiment ist ein Zeichen f\u00fcr [&hellip;]<\/p>\n","protected":false},"author":1,"featured_media":0,"parent":24650,"menu_order":0,"comment_status":"closed","ping_status":"closed","template":"","meta":{"inline_featured_image":false,"footnotes":""},"class_list":["post-24661","page","type-page","status-publish","hentry"],"acf":[],"_links":{"self":[{"href":"https:\/\/laabuelacarmen.com\/de\/wp-json\/wp\/v2\/pages\/24661","targetHints":{"allow":["GET"]}}],"collection":[{"href":"https:\/\/laabuelacarmen.com\/de\/wp-json\/wp\/v2\/pages"}],"about":[{"href":"https:\/\/laabuelacarmen.com\/de\/wp-json\/wp\/v2\/types\/page"}],"author":[{"embeddable":true,"href":"https:\/\/laabuelacarmen.com\/de\/wp-json\/wp\/v2\/users\/1"}],"replies":[{"embeddable":true,"href":"https:\/\/laabuelacarmen.com\/de\/wp-json\/wp\/v2\/comments?post=24661"}],"version-history":[{"count":6,"href":"https:\/\/laabuelacarmen.com\/de\/wp-json\/wp\/v2\/pages\/24661\/revisions"}],"predecessor-version":[{"id":29672,"href":"https:\/\/laabuelacarmen.com\/de\/wp-json\/wp\/v2\/pages\/24661\/revisions\/29672"}],"up":[{"embeddable":true,"href":"https:\/\/laabuelacarmen.com\/de\/wp-json\/wp\/v2\/pages\/24650"}],"wp:attachment":[{"href":"https:\/\/laabuelacarmen.com\/de\/wp-json\/wp\/v2\/media?parent=24661"}],"curies":[{"name":"wp","href":"https:\/\/api.w.org\/{rel}","templated":true}]}}