{"id":24646,"date":"2022-07-19T09:19:49","date_gmt":"2022-07-19T08:19:49","guid":{"rendered":"https:\/\/laabuelacarmen.com\/productos\/ajos-encurtidos\/"},"modified":"2025-10-21T10:23:05","modified_gmt":"2025-10-21T09:23:05","slug":"eingelegter-knoblauch","status":"publish","type":"page","link":"https:\/\/laabuelacarmen.com\/de\/produkte\/eingelegter-knoblauch\/","title":{"rendered":"Eingelegter Knoblauch"},"content":{"rendered":"\n<div class=\"wp-block-media-text alignfull has-media-on-the-right is-stacked-on-mobile is-style-default\" style=\"grid-template-columns:auto 56%\"><div class=\"wp-block-media-text__content\">\n<h1 class=\"wp-block-heading\">Eingelegter Knoblauchlieferant<\/h1>\n\n\n\n<p>Unser eingelegter Knoblauch wird aus reinen Naturprodukten und nach einem speziellen Verfahren hergestellt, das den charakteristischen und starken Geschmack des Knoblauchs reduziert.<\/p>\n\n\n\n<p><strong>Knoblauch mit feinem Kr\u00e4uter-Oliven\u00f6l<\/strong> hat einen milden Geschmack und eine knusprige Textur, die ihn u.&nbsp;a. zur idealen Erg\u00e4nzung von Braten, Brot oder Hummus macht.<\/p>\n\n\n\n<p><strong>Paprika-Knoblauch und gew\u00fcrzter Knoblauch<\/strong> besitzen eine pikante Note und eignen sich ideal zum Verfeinern von Salaten, Nudeln, Saucen&#8230; Au\u00dferdem verwenden wir f\u00fcr alle unsere Konserven hochwertige \u00d6le und v\u00f6llig nat\u00fcrliche Produkte.Seit \u00fcber 20 Jahren bieten wir im Rahmen unseres Engagements als Bio-Produzent <strong>auch die besten Bio-Konserven von Paprika-Knoblauch, gew\u00fcrztem Knoblauc<\/strong>h und Knoblauch in Oliven\u00f6l mit feinen Kr\u00e4utern an.<\/p>\n\n\n\n<p><a href=\"https:\/\/laabuelacarmen.com\/de\/kontakt\/\">angebot anfordern<\/a><\/p>\n<\/div><figure class=\"wp-block-media-text__media\"><img loading=\"lazy\" decoding=\"async\" width=\"560\" height=\"373\" src=\"https:\/\/laabuelacarmen.com\/wp-content\/uploads\/2022\/07\/Conservas-de-ajo.jpg\" alt=\"\" class=\"wp-image-10553 size-full\" srcset=\"https:\/\/laabuelacarmen.com\/wp-content\/uploads\/2022\/07\/Conservas-de-ajo.jpg 560w, https:\/\/laabuelacarmen.com\/wp-content\/uploads\/2022\/07\/Conservas-de-ajo-300x200.jpg 300w\" sizes=\"auto, (max-width: 560px) 100vw, 560px\" \/><\/figure><\/div>\n\n\n  <div class=\"bloque_valores_nutricionales\">\n    <div class=\"titleContacto\">\n      Informaci\u00f3n Nutricional    <\/div>\n    <div class='valores'>        <div class=\"fila\">\n          <div class=\"dato\">\n            Valores           <\/div>\n          <div class=\"cantidad\">\n            100 g          <\/div>\n        <\/div>\n            <div class=\"fila\">\n          <div class=\"dato\">\n            Valor energ\u00e9tico           <\/div>\n          <div class=\"cantidad\">\n            362 kJ \/ 86 Kcal          <\/div>\n        <\/div>\n            <div class=\"fila\">\n          <div class=\"dato\">\n            Grasas totales          <\/div>\n          <div class=\"cantidad\">\n            3,2 g          <\/div>\n        <\/div>\n            <div class=\"fila\">\n          <div class=\"dato\">\n            de las cuales: saturadas          <\/div>\n          <div class=\"cantidad\">\n            0,5 g          <\/div>\n        <\/div>\n            <div class=\"fila\">\n          <div class=\"dato\">\n            Hidratos de Carbono\t          <\/div>\n          <div class=\"cantidad\">\n            10 g          <\/div>\n        <\/div>\n            <div class=\"fila\">\n          <div class=\"dato\">\n            de los cuales: az\u00facares          <\/div>\n          <div class=\"cantidad\">\n            1 g          <\/div>\n        <\/div>\n            <div class=\"fila\">\n          <div class=\"dato\">\n            Fibra alimentaria          <\/div>\n          <div class=\"cantidad\">\n            1 g          <\/div>\n        <\/div>\n            <div class=\"fila\">\n          <div class=\"dato\">\n            Prote\u00ednas          <\/div>\n          <div class=\"cantidad\">\n            2,7 g          <\/div>\n        <\/div>\n            <div class=\"fila\">\n          <div class=\"dato\">\n            Sal           <\/div>\n          <div class=\"cantidad\">\n            4 g          <\/div>\n        <\/div>\n    <\/div>  <\/div>\n  \n\n  <div id=\"certificaciones-slider\" class=\"splide\">\n    <div class=\"splide__track\">\n      <ul class=\"splide__list\">          <div class=\"splide__slide\">\n            <div class=\"content\">\n              <img decoding=\"async\" class=\"foto\" src=\"https:\/\/laabuelacarmen.com\/wp-content\/uploads\/2022\/03\/Sin-titulo-7.png\" title=\"Sin-t\u00edtulo-7\" alt=\"\" \/>\n            <\/div>\n          <\/div>\n                <div class=\"splide__slide\">\n            <div class=\"content\">\n              <img decoding=\"async\" class=\"foto\" src=\"https:\/\/laabuelacarmen.com\/wp-content\/uploads\/2022\/03\/Sin-titulo-6.png\" title=\"Sin-t\u00edtulo-6\" alt=\"\" \/>\n            <\/div>\n          <\/div>\n                <div class=\"splide__slide\">\n            <div class=\"content\">\n              <img decoding=\"async\" class=\"foto\" src=\"https:\/\/laabuelacarmen.com\/wp-content\/uploads\/2022\/03\/Sin-titulo-5.png\" title=\"Sin-t\u00edtulo-5\" alt=\"\" \/>\n            <\/div>\n          <\/div>\n                <div class=\"splide__slide\">\n            <div class=\"content\">\n              <img decoding=\"async\" class=\"foto\" src=\"https:\/\/laabuelacarmen.com\/wp-content\/uploads\/2022\/03\/Sin-titulo-4.png\" title=\"Sin-t\u00edtulo-4\" alt=\"\" \/>\n            <\/div>\n          <\/div>\n                <div class=\"splide__slide\">\n            <div class=\"content\">\n              <img decoding=\"async\" class=\"foto\" src=\"https:\/\/laabuelacarmen.com\/wp-content\/uploads\/2022\/03\/Sin-titulo-3.png\" title=\"Sin-t\u00edtulo-3\" alt=\"\" \/>\n            <\/div>\n          <\/div>\n                <div class=\"splide__slide\">\n            <div class=\"content\">\n              <img decoding=\"async\" class=\"foto\" src=\"https:\/\/laabuelacarmen.com\/wp-content\/uploads\/2022\/03\/Sin-titulo-2.png\" title=\"Sin-t\u00edtulo-2\" alt=\"\" \/>\n            <\/div>\n          <\/div>\n                <div class=\"splide__slide\">\n            <div class=\"content\">\n              <img decoding=\"async\" class=\"foto\" src=\"https:\/\/laabuelacarmen.com\/wp-content\/uploads\/2022\/03\/Sin-titulo-1.png\" title=\"Sin-t\u00edtulo-1\" alt=\"\" \/>\n            <\/div>\n          <\/div>\n      <\/ul>    <\/div>\n  <\/div>\n\n\n  <div id=\"slider_paginas\" class=\"splide\">\n          <div class=\"titleSliderPaginas\">\n        Otros Productos:      <\/div>\n        <div class=\"splide__track\">\n      <ul class=\"splide__list\">\n                  <li class=\"splide__slide producto \">\n            <div class=\"content\">\n              <div class=\"imagen\">\n                <a class=\"verProducto\" href=\"https:\/\/laabuelacarmen.com\/productos\/ajo-morado\/\">\n                  <img class='miniatura_producto' src='https:\/\/laabuelacarmen.com\/wp-content\/uploads\/2022\/07\/Ajo-morado-300x188.jpg' width='300px' height='300px'>\n                <\/a>\n              <\/div>\n              <div class=\"tituloMiniatura\">\n                <a href=\"https:\/\/laabuelacarmen.com\/productos\/ajo-morado\/\">\n                  Ajo Morado                <\/a>\n              <\/div>\n            <\/div>\n          <\/li>\n                  <li class=\"splide__slide producto \">\n            <div class=\"content\">\n              <div class=\"imagen\">\n                <a class=\"verProducto\" href=\"https:\/\/laabuelacarmen.com\/productos\/ajo-fresco\/\">\n                  <img class='miniatura_producto' src='https:\/\/laabuelacarmen.com\/wp-content\/uploads\/2022\/07\/Ajo-Fresco-1-300x188.jpg' width='300px' height='300px'>\n                <\/a>\n              <\/div>\n              <div class=\"tituloMiniatura\">\n                <a href=\"https:\/\/laabuelacarmen.com\/productos\/ajo-fresco\/\">\n                  Ajo Fresco                <\/a>\n              <\/div>\n            <\/div>\n          <\/li>\n                  <li class=\"splide__slide producto \">\n            <div class=\"content\">\n              <div class=\"imagen\">\n                <a class=\"verProducto\" href=\"https:\/\/laabuelacarmen.com\/productos\/pasta-de-ajo-y-ajo-picado\/\">\n                  <img class='miniatura_producto' src='https:\/\/laabuelacarmen.com\/wp-content\/uploads\/2022\/07\/Pasta-de-ajo-1-300x188.jpg' width='300px' height='300px'>\n                <\/a>\n              <\/div>\n              <div class=\"tituloMiniatura\">\n                <a href=\"https:\/\/laabuelacarmen.com\/productos\/pasta-de-ajo-y-ajo-picado\/\">\n                  Pasta de ajo y ajo picado                <\/a>\n              <\/div>\n            <\/div>\n          <\/li>\n              <\/ul>\n    <\/div>\n  <\/div>\n","protected":false},"excerpt":{"rendered":"<p>Eingelegter Knoblauchlieferant Unser eingelegter Knoblauch wird aus reinen Naturprodukten und nach einem speziellen Verfahren hergestellt, das den charakteristischen und starken Geschmack des Knoblauchs reduziert. Knoblauch mit feinem Kr\u00e4uter-Oliven\u00f6l hat einen milden Geschmack und eine knusprige Textur, die ihn u.&nbsp;a. zur idealen Erg\u00e4nzung von Braten, Brot oder Hummus macht. Paprika-Knoblauch und gew\u00fcrzter Knoblauch besitzen eine pikante [&hellip;]<\/p>\n","protected":false},"author":1,"featured_media":23886,"parent":24601,"menu_order":0,"comment_status":"closed","ping_status":"closed","template":"","meta":{"inline_featured_image":false,"footnotes":""},"class_list":["post-24646","page","type-page","status-publish","has-post-thumbnail","hentry"],"acf":[],"_links":{"self":[{"href":"https:\/\/laabuelacarmen.com\/de\/wp-json\/wp\/v2\/pages\/24646","targetHints":{"allow":["GET"]}}],"collection":[{"href":"https:\/\/laabuelacarmen.com\/de\/wp-json\/wp\/v2\/pages"}],"about":[{"href":"https:\/\/laabuelacarmen.com\/de\/wp-json\/wp\/v2\/types\/page"}],"author":[{"embeddable":true,"href":"https:\/\/laabuelacarmen.com\/de\/wp-json\/wp\/v2\/users\/1"}],"replies":[{"embeddable":true,"href":"https:\/\/laabuelacarmen.com\/de\/wp-json\/wp\/v2\/comments?post=24646"}],"version-history":[{"count":3,"href":"https:\/\/laabuelacarmen.com\/de\/wp-json\/wp\/v2\/pages\/24646\/revisions"}],"predecessor-version":[{"id":62135,"href":"https:\/\/laabuelacarmen.com\/de\/wp-json\/wp\/v2\/pages\/24646\/revisions\/62135"}],"up":[{"embeddable":true,"href":"https:\/\/laabuelacarmen.com\/de\/wp-json\/wp\/v2\/pages\/24601"}],"wp:featuredmedia":[{"embeddable":true,"href":"https:\/\/laabuelacarmen.com\/de\/wp-json\/wp\/v2\/media\/23886"}],"wp:attachment":[{"href":"https:\/\/laabuelacarmen.com\/de\/wp-json\/wp\/v2\/media?parent=24646"}],"curies":[{"name":"wp","href":"https:\/\/api.w.org\/{rel}","templated":true}]}}