{"id":24641,"date":"2022-03-13T14:38:23","date_gmt":"2022-03-13T13:38:23","guid":{"rendered":"https:\/\/laabuelacarmen.com\/productos\/mandarina-negra\/"},"modified":"2024-10-29T14:42:52","modified_gmt":"2024-10-29T13:42:52","slug":"schwarze-mandarine","status":"publish","type":"page","link":"https:\/\/laabuelacarmen.com\/de\/produkte\/schwarze-mandarine\/","title":{"rendered":"Schwarze Mandarine"},"content":{"rendered":"\n<div class=\"wp-block-media-text alignfull has-media-on-the-right is-stacked-on-mobile is-vertically-aligned-center is-style-default\" style=\"grid-template-columns:auto 75%\"><div class=\"wp-block-media-text__content\">\n<h1 class=\"wp-block-heading has-text-color\" id=\"orilla-con-mar-azul-1\" style=\"color:#000000\">Schwarze Mandarine<\/h1>\n\n\n\n<p>Die schwarze Mandarine von La Abuela Carmen besteht zu 100&nbsp;% aus&nbsp;<strong>frischer nationaler Mandarine aus traditionellem Anbau.<\/strong>&nbsp;Sie wird durch ein nat\u00fcrliches Verfahren gewonnen, bei dem sie einer niedrigen Luftfeuchtigkeit und kontrollierten Temperaturen ausgesetzt wird, so dass keine weiteren Zutaten oder Zusatzstoffe hinzugef\u00fcgt werden. So entsteht ein intensiver, karamellisierter Geschmack mit einem Hauch von Holz und Honig.<\/p>\n\n\n\n<p>Wir sind Pioniere in der Produktion nationaler <strong>schwarzer Mandarinen<\/strong> und dank unseres Verarbeitungsprozesses erhalten und verbessern wir ihre urspr\u00fcnglichen N\u00e4hrstoffe. Sie hat einen hohen Vitamin-C-Gehalt, der den der frischen Mandarine um ein Vielfaches \u00fcbersteigt, sowie einen hohen Kalium- und Ballaststoffgehalt.<\/p>\n\n\n\n<p>Die schwarze Mandarine eignet sich hervorragend, um s\u00fc\u00dfen und herzhaften Gerichten, aber auch Cocktails und Aufg\u00fcssen eine andere Note zu verleihen. Das <strong>geschnittene Format<\/strong> eignet sich ideal zum Dekorieren und Aromatisieren von Getr\u00e4nken wie Wermut, Sangria, Spirituosen oder zum Herstellen einer erfrischenden aromatisierten Wassermischung. Mit dem <strong>Pulver aus schwarzen Mandarine<\/strong>n k\u00f6nnen Sie au\u00dferdem im Handumdrehen all Ihren Gerichten diesen exklusiven Geschmack verleihen und Ihre G\u00e4ste mit einer karamellisierten Note \u00fcberraschen.<\/p>\n\n\n\n<p><a href=\"https:\/\/laabuelacarmen.com\/de\/kontakt\/\" data-type=\"page\" data-id=\"362\">angebot anfordern<\/a><\/p>\n<\/div><figure class=\"wp-block-media-text__media\"><img loading=\"lazy\" decoding=\"async\" width=\"1024\" height=\"683\" src=\"https:\/\/laabuelacarmen.com\/wp-content\/uploads\/2022\/07\/Mandarina-negra-1-1024x683.jpg\" alt=\"\" class=\"wp-image-10198 size-full\" srcset=\"https:\/\/laabuelacarmen.com\/wp-content\/uploads\/2022\/07\/Mandarina-negra-1-1024x683.jpg 1024w, https:\/\/laabuelacarmen.com\/wp-content\/uploads\/2022\/07\/Mandarina-negra-1-300x200.jpg 300w, https:\/\/laabuelacarmen.com\/wp-content\/uploads\/2022\/07\/Mandarina-negra-1-768x512.jpg 768w, https:\/\/laabuelacarmen.com\/wp-content\/uploads\/2022\/07\/Mandarina-negra-1-1536x1024.jpg 1536w, https:\/\/laabuelacarmen.com\/wp-content\/uploads\/2022\/07\/Mandarina-negra-1-633x422.jpg 633w, https:\/\/laabuelacarmen.com\/wp-content\/uploads\/2022\/07\/Mandarina-negra-1-1000x667.jpg 1000w, https:\/\/laabuelacarmen.com\/wp-content\/uploads\/2022\/07\/Mandarina-negra-1.jpg 1680w\" sizes=\"auto, (max-width: 1024px) 100vw, 1024px\" \/><\/figure><\/div>\n\n\n  <div class=\"bloque_valores_nutricionales\">\n    <div class=\"titleContacto\">\n       Informaci\u00f3n Nutricional    <\/div>\n    <div class='valores'>        <div class=\"fila\">\n          <div class=\"dato\">\n            Valores          <\/div>\n          <div class=\"cantidad\">\n            100 g          <\/div>\n        <\/div>\n            <div class=\"fila\">\n          <div class=\"dato\">\n            Valor energ\u00e9tico          <\/div>\n          <div class=\"cantidad\">\n            1021 kJ \/ 244 Kcal          <\/div>\n        <\/div>\n            <div class=\"fila\">\n          <div class=\"dato\">\n            Grasas totales          <\/div>\n          <div class=\"cantidad\">\n            0.6 g          <\/div>\n        <\/div>\n            <div class=\"fila\">\n          <div class=\"dato\">\n            De las cuales: saturadas          <\/div>\n          <div class=\"cantidad\">\n            0.15 g          <\/div>\n        <\/div>\n            <div class=\"fila\">\n          <div class=\"dato\">\n            Hidratos de Carbono          <\/div>\n          <div class=\"cantidad\">\n            38,3 g          <\/div>\n        <\/div>\n            <div class=\"fila\">\n          <div class=\"dato\">\n            de los cuales: az\u00facares          <\/div>\n          <div class=\"cantidad\">\n            38,3 g          <\/div>\n        <\/div>\n            <div class=\"fila\">\n          <div class=\"dato\">\n            Fibra alimentaria          <\/div>\n          <div class=\"cantidad\">\n            34 g          <\/div>\n        <\/div>\n            <div class=\"fila\">\n          <div class=\"dato\">\n            Prote\u00ednas          <\/div>\n          <div class=\"cantidad\">\n            4,7 g          <\/div>\n        <\/div>\n            <div class=\"fila\">\n          <div class=\"dato\">\n            Sal          <\/div>\n          <div class=\"cantidad\">\n            0,01 g          <\/div>\n        <\/div>\n            <div class=\"fila\">\n          <div class=\"dato\">\n            Potasio          <\/div>\n          <div class=\"cantidad\">\n            1088 mg (54 % VRN*)          <\/div>\n        <\/div>\n            <div class=\"fila\">\n          <div class=\"dato\">\n            Vitamina C          <\/div>\n          <div class=\"cantidad\">\n            114 mg (143 % VRN*)          <\/div>\n        <\/div>\n    <\/div>  <\/div>\n  \n\n  <div id=\"certificaciones-slider\" class=\"splide\">\n    <div class=\"splide__track\">\n      <ul class=\"splide__list\">          <div class=\"splide__slide\">\n            <div class=\"content\">\n              <img decoding=\"async\" class=\"foto\" src=\"https:\/\/laabuelacarmen.com\/wp-content\/uploads\/2022\/03\/Sin-titulo-7.png\" title=\"Sin-t\u00edtulo-7\" alt=\"\" \/>\n            <\/div>\n          <\/div>\n                <div class=\"splide__slide\">\n            <div class=\"content\">\n              <img decoding=\"async\" class=\"foto\" src=\"https:\/\/laabuelacarmen.com\/wp-content\/uploads\/2022\/03\/Sin-titulo-6.png\" title=\"Sin-t\u00edtulo-6\" alt=\"\" \/>\n            <\/div>\n          <\/div>\n                <div class=\"splide__slide\">\n            <div class=\"content\">\n              <img decoding=\"async\" class=\"foto\" src=\"https:\/\/laabuelacarmen.com\/wp-content\/uploads\/2022\/03\/Sin-titulo-5.png\" title=\"Sin-t\u00edtulo-5\" alt=\"\" \/>\n            <\/div>\n          <\/div>\n                <div class=\"splide__slide\">\n            <div class=\"content\">\n              <img decoding=\"async\" class=\"foto\" src=\"https:\/\/laabuelacarmen.com\/wp-content\/uploads\/2022\/03\/Sin-titulo-4.png\" title=\"Sin-t\u00edtulo-4\" alt=\"\" \/>\n            <\/div>\n          <\/div>\n                <div class=\"splide__slide\">\n            <div class=\"content\">\n              <img decoding=\"async\" class=\"foto\" src=\"https:\/\/laabuelacarmen.com\/wp-content\/uploads\/2022\/03\/Sin-titulo-3.png\" title=\"Sin-t\u00edtulo-3\" alt=\"\" \/>\n            <\/div>\n          <\/div>\n                <div class=\"splide__slide\">\n            <div class=\"content\">\n              <img decoding=\"async\" class=\"foto\" src=\"https:\/\/laabuelacarmen.com\/wp-content\/uploads\/2022\/03\/Sin-titulo-1.png\" title=\"Sin-t\u00edtulo-1\" alt=\"\" \/>\n            <\/div>\n          <\/div>\n                <div class=\"splide__slide\">\n            <div class=\"content\">\n              <img decoding=\"async\" class=\"foto\" src=\"https:\/\/laabuelacarmen.com\/wp-content\/uploads\/2022\/03\/Sin-titulo-2.png\" title=\"Sin-t\u00edtulo-2\" alt=\"\" \/>\n            <\/div>\n          <\/div>\n      <\/ul>    <\/div>\n  <\/div>\n\n\n  <div id=\"slider_paginas\" class=\"splide\">\n          <div class=\"titleSliderPaginas\">\n        Andere produkte:      <\/div>\n        <div class=\"splide__track\">\n      <ul class=\"splide__list\">\n                  <li class=\"splide__slide producto \">\n            <div class=\"content\">\n              <div class=\"imagen\">\n                <a class=\"verProducto\" href=\"https:\/\/laabuelacarmen.com\/de\/produkte\/kapseln-mit-schwarzem-knoblauch-nigrum\/\">\n                  <img class='miniatura_producto' src='https:\/\/laabuelacarmen.com\/wp-content\/uploads\/2022\/07\/Nigrum-300x188.jpg' width='300px' height='300px'>\n                <\/a>\n              <\/div>\n              <div class=\"tituloMiniatura\">\n                <a href=\"https:\/\/laabuelacarmen.com\/de\/produkte\/kapseln-mit-schwarzem-knoblauch-nigrum\/\">\n                  Kapseln mit schwarzem Knoblauch Nigrum                <\/a>\n              <\/div>\n            <\/div>\n          <\/li>\n                  <li class=\"splide__slide producto \">\n            <div class=\"content\">\n              <div class=\"imagen\">\n                <a class=\"verProducto\" href=\"https:\/\/laabuelacarmen.com\/de\/produkte\/schwarze-zitrone\/\">\n                  <img class='miniatura_producto' src='https:\/\/laabuelacarmen.com\/wp-content\/uploads\/2022\/07\/Limon-negro-300x188.jpg' width='300px' height='300px'>\n                <\/a>\n              <\/div>\n              <div class=\"tituloMiniatura\">\n                <a href=\"https:\/\/laabuelacarmen.com\/de\/produkte\/schwarze-zitrone\/\">\n                  Schwarze Zitrone                <\/a>\n              <\/div>\n            <\/div>\n          <\/li>\n                  <li class=\"splide__slide producto \">\n            <div class=\"content\">\n              <div class=\"imagen\">\n                <a class=\"verProducto\" href=\"https:\/\/laabuelacarmen.com\/de\/produkte\/schwarze-zwiebel\/\">\n                  <img class='miniatura_producto' src='https:\/\/laabuelacarmen.com\/wp-content\/uploads\/2023\/05\/fotor_2023-5-30_8_39_6-300x267.jpg' width='300px' height='300px'>\n                <\/a>\n              <\/div>\n              <div class=\"tituloMiniatura\">\n                <a href=\"https:\/\/laabuelacarmen.com\/de\/produkte\/schwarze-zwiebel\/\">\n                  Schwarze Zwiebel                <\/a>\n              <\/div>\n            <\/div>\n          <\/li>\n              <\/ul>\n    <\/div>\n  <\/div>\n","protected":false},"excerpt":{"rendered":"<p>Schwarze Mandarine Die schwarze Mandarine von La Abuela Carmen besteht zu 100&nbsp;% aus&nbsp;frischer nationaler Mandarine aus traditionellem Anbau.&nbsp;Sie wird durch ein nat\u00fcrliches Verfahren gewonnen, bei dem sie einer niedrigen Luftfeuchtigkeit und kontrollierten Temperaturen ausgesetzt wird, so dass keine weiteren Zutaten oder Zusatzstoffe hinzugef\u00fcgt werden. So entsteht ein intensiver, karamellisierter Geschmack mit einem Hauch von Holz [&hellip;]<\/p>\n","protected":false},"author":1,"featured_media":23888,"parent":24601,"menu_order":0,"comment_status":"closed","ping_status":"closed","template":"","meta":{"inline_featured_image":false,"footnotes":""},"class_list":["post-24641","page","type-page","status-publish","has-post-thumbnail","hentry"],"acf":[],"_links":{"self":[{"href":"https:\/\/laabuelacarmen.com\/de\/wp-json\/wp\/v2\/pages\/24641","targetHints":{"allow":["GET"]}}],"collection":[{"href":"https:\/\/laabuelacarmen.com\/de\/wp-json\/wp\/v2\/pages"}],"about":[{"href":"https:\/\/laabuelacarmen.com\/de\/wp-json\/wp\/v2\/types\/page"}],"author":[{"embeddable":true,"href":"https:\/\/laabuelacarmen.com\/de\/wp-json\/wp\/v2\/users\/1"}],"replies":[{"embeddable":true,"href":"https:\/\/laabuelacarmen.com\/de\/wp-json\/wp\/v2\/comments?post=24641"}],"version-history":[{"count":6,"href":"https:\/\/laabuelacarmen.com\/de\/wp-json\/wp\/v2\/pages\/24641\/revisions"}],"predecessor-version":[{"id":24906,"href":"https:\/\/laabuelacarmen.com\/de\/wp-json\/wp\/v2\/pages\/24641\/revisions\/24906"}],"up":[{"embeddable":true,"href":"https:\/\/laabuelacarmen.com\/de\/wp-json\/wp\/v2\/pages\/24601"}],"wp:featuredmedia":[{"embeddable":true,"href":"https:\/\/laabuelacarmen.com\/de\/wp-json\/wp\/v2\/media\/23888"}],"wp:attachment":[{"href":"https:\/\/laabuelacarmen.com\/de\/wp-json\/wp\/v2\/media?parent=24641"}],"curies":[{"name":"wp","href":"https:\/\/api.w.org\/{rel}","templated":true}]}}