{"id":24636,"date":"2022-03-13T14:27:34","date_gmt":"2022-03-13T13:27:34","guid":{"rendered":"https:\/\/laabuelacarmen.com\/productos\/limon-negro\/"},"modified":"2024-10-29T14:49:41","modified_gmt":"2024-10-29T13:49:41","slug":"schwarze-zitrone","status":"publish","type":"page","link":"https:\/\/laabuelacarmen.com\/de\/produkte\/schwarze-zitrone\/","title":{"rendered":"Schwarze Zitrone"},"content":{"rendered":"\n<div class=\"wp-block-media-text alignfull has-media-on-the-right is-stacked-on-mobile is-vertically-aligned-center is-style-default\" style=\"grid-template-columns:auto 75%\"><div class=\"wp-block-media-text__content\">\n<h1 class=\"wp-block-heading has-text-color\" id=\"orilla-con-mar-azul-1\" style=\"color:#000000\">Schwarze Zitrone<\/h1>\n\n\n\n<p>Die schwarzen Zitronen werden in einem feuchtigkeits- und temperaturgesteuerten Verfahren gewonnen, bei dem die von uns verwendeten <strong>frischen andalusischen Zitronen<\/strong> ihr gesamtes Aroma entfalten und reifen. Im Organic-Sortiment finden Sie auch diese schwarze Zitrone aus <strong>heimischen Bio-Zitronen<\/strong>. Beide haben einen hohen Gehalt an Ballaststoffen, Vitamin C und Kalium.<\/p>\n\n\n\n<p>Diese klassische Zutat der persischen K\u00fcche&nbsp;\u2013 bekannt als \u201eLoomi\u201c&nbsp;\u2013 wurde auch in anderen L\u00e4ndern des Nahen Ostens \u00fcbernommen und ist bekannt f\u00fcr ihren <strong>zitrusartigen und w\u00fcrzigen Geschmack<\/strong> mit herben und rauchigen Noten. Sie wird h\u00e4ufig als ideales Gew\u00fcrz f\u00fcr Braten, Eint\u00f6pfe, Reisgerichte, Saucen und andere Gerichte verwendet und eignet sich auch hervorragend f\u00fcr S\u00fc\u00dfwaren, da sie Zitrus- und exotische Noten liefert. Sie k\u00f6nnen die <strong>schwarze Zitrone<\/strong> in Ihren Lieblingstees, Cocktails und isotonischen Getr\u00e4nken verwenden und so ein intensives, frisches Aroma erleben.<\/p>\n\n\n\n<p>La Abuela Carmen ist der einzige europ\u00e4ische Hersteller dieses Lebensmittels, das Sie in unserem Gesch\u00e4ft finden k\u00f6nnen.<\/p>\n\n\n\n<p><a href=\"https:\/\/laabuelacarmen.com\/de\/kontakt\/\" data-type=\"page\" data-id=\"362\">ANGEBOT ANFORDERN<\/a><\/p>\n<\/div><figure class=\"wp-block-media-text__media\"><img loading=\"lazy\" decoding=\"async\" width=\"1000\" height=\"666\" src=\"https:\/\/laabuelacarmen.com\/wp-content\/uploads\/2022\/03\/LIMON-NEGRO-EN-POLVO-TARRO-DISPENSADOR-40G-1.jpg\" alt=\"\" class=\"wp-image-637 size-full\" srcset=\"https:\/\/laabuelacarmen.com\/wp-content\/uploads\/2022\/03\/LIMON-NEGRO-EN-POLVO-TARRO-DISPENSADOR-40G-1.jpg 1000w, https:\/\/laabuelacarmen.com\/wp-content\/uploads\/2022\/03\/LIMON-NEGRO-EN-POLVO-TARRO-DISPENSADOR-40G-1-633x422.jpg 633w, https:\/\/laabuelacarmen.com\/wp-content\/uploads\/2022\/03\/LIMON-NEGRO-EN-POLVO-TARRO-DISPENSADOR-40G-1-300x200.jpg 300w, https:\/\/laabuelacarmen.com\/wp-content\/uploads\/2022\/03\/LIMON-NEGRO-EN-POLVO-TARRO-DISPENSADOR-40G-1-768x511.jpg 768w\" sizes=\"auto, (max-width: 1000px) 100vw, 1000px\" \/><\/figure><\/div>\n\n\n  <div class=\"bloque_valores_nutricionales\">\n    <div class=\"titleContacto\">\n       Informaci\u00f3n Nutricional    <\/div>\n    <div class='valores'>        <div class=\"fila\">\n          <div class=\"dato\">\n            Valores          <\/div>\n          <div class=\"cantidad\">\n            100 g          <\/div>\n        <\/div>\n            <div class=\"fila\">\n          <div class=\"dato\">\n            Valor energ\u00e9tico          <\/div>\n          <div class=\"cantidad\">\n            1369 kJ \/ 323 kcal          <\/div>\n        <\/div>\n            <div class=\"fila\">\n          <div class=\"dato\">\n            Grasas totales          <\/div>\n          <div class=\"cantidad\">\n            1,6 g          <\/div>\n        <\/div>\n            <div class=\"fila\">\n          <div class=\"dato\">\n            De las cuales: saturadas          <\/div>\n          <div class=\"cantidad\">\n            1 g          <\/div>\n        <\/div>\n            <div class=\"fila\">\n          <div class=\"dato\">\n            Hidratos de Carbono          <\/div>\n          <div class=\"cantidad\">\n            67 g          <\/div>\n        <\/div>\n            <div class=\"fila\">\n          <div class=\"dato\">\n            de los cuales: az\u00facares          <\/div>\n          <div class=\"cantidad\">\n            9 g          <\/div>\n        <\/div>\n            <div class=\"fila\">\n          <div class=\"dato\">\n            Fibra alimentaria          <\/div>\n          <div class=\"cantidad\">\n            6 g          <\/div>\n        <\/div>\n            <div class=\"fila\">\n          <div class=\"dato\">\n            Prote\u00ednas          <\/div>\n          <div class=\"cantidad\">\n            7 g          <\/div>\n        <\/div>\n            <div class=\"fila\">\n          <div class=\"dato\">\n            Sal          <\/div>\n          <div class=\"cantidad\">\n            0,1 g          <\/div>\n        <\/div>\n            <div class=\"fila\">\n          <div class=\"dato\">\n            Potasio          <\/div>\n          <div class=\"cantidad\">\n            1149 mg (57 % VRN*)          <\/div>\n        <\/div>\n            <div class=\"fila\">\n          <div class=\"dato\">\n            Vitamina C          <\/div>\n          <div class=\"cantidad\">\n            233 mg (292 % VRN*)          <\/div>\n        <\/div>\n    <\/div>  <\/div>\n  \n\n  <div id=\"certificaciones-slider\" class=\"splide\">\n    <div class=\"splide__track\">\n      <ul class=\"splide__list\">          <div class=\"splide__slide\">\n            <div class=\"content\">\n              <img decoding=\"async\" class=\"foto\" src=\"https:\/\/laabuelacarmen.com\/wp-content\/uploads\/2022\/03\/Sin-titulo-7.png\" title=\"Sin-t\u00edtulo-7\" alt=\"\" \/>\n            <\/div>\n          <\/div>\n                <div class=\"splide__slide\">\n            <div class=\"content\">\n              <img decoding=\"async\" class=\"foto\" src=\"https:\/\/laabuelacarmen.com\/wp-content\/uploads\/2022\/03\/Sin-titulo-6.png\" title=\"Sin-t\u00edtulo-6\" alt=\"\" \/>\n            <\/div>\n          <\/div>\n                <div class=\"splide__slide\">\n            <div class=\"content\">\n              <img decoding=\"async\" class=\"foto\" src=\"https:\/\/laabuelacarmen.com\/wp-content\/uploads\/2022\/03\/Sin-titulo-5.png\" title=\"Sin-t\u00edtulo-5\" alt=\"\" \/>\n            <\/div>\n          <\/div>\n                <div class=\"splide__slide\">\n            <div class=\"content\">\n              <img decoding=\"async\" class=\"foto\" src=\"https:\/\/laabuelacarmen.com\/wp-content\/uploads\/2022\/03\/Sin-titulo-4.png\" title=\"Sin-t\u00edtulo-4\" alt=\"\" \/>\n            <\/div>\n          <\/div>\n                <div class=\"splide__slide\">\n            <div class=\"content\">\n              <img decoding=\"async\" class=\"foto\" src=\"https:\/\/laabuelacarmen.com\/wp-content\/uploads\/2022\/03\/Sin-titulo-3.png\" title=\"Sin-t\u00edtulo-3\" alt=\"\" \/>\n            <\/div>\n          <\/div>\n                <div class=\"splide__slide\">\n            <div class=\"content\">\n              <img decoding=\"async\" class=\"foto\" src=\"https:\/\/laabuelacarmen.com\/wp-content\/uploads\/2022\/03\/Sin-titulo-1.png\" title=\"Sin-t\u00edtulo-1\" alt=\"\" \/>\n            <\/div>\n          <\/div>\n                <div class=\"splide__slide\">\n            <div class=\"content\">\n              <img decoding=\"async\" class=\"foto\" src=\"https:\/\/laabuelacarmen.com\/wp-content\/uploads\/2022\/03\/Sin-titulo-2.png\" title=\"Sin-t\u00edtulo-2\" alt=\"\" \/>\n            <\/div>\n          <\/div>\n      <\/ul>    <\/div>\n  <\/div>\n\n\n  <div id=\"slider_paginas\" class=\"splide\">\n          <div class=\"titleSliderPaginas\">\n        Andere produkte:      <\/div>\n        <div class=\"splide__track\">\n      <ul class=\"splide__list\">\n                  <li class=\"splide__slide producto \">\n            <div class=\"content\">\n              <div class=\"imagen\">\n                <a class=\"verProducto\" href=\"https:\/\/laabuelacarmen.com\/de\/produkte\/frischer-knoblauch\/\">\n                  <img class='miniatura_producto' src='https:\/\/laabuelacarmen.com\/wp-content\/uploads\/2022\/07\/Ajo-Fresco-1-300x188.jpg' width='300px' height='300px'>\n                <\/a>\n              <\/div>\n              <div class=\"tituloMiniatura\">\n                <a href=\"https:\/\/laabuelacarmen.com\/de\/produkte\/frischer-knoblauch\/\">\n                  Frischer Knoblauch                <\/a>\n              <\/div>\n            <\/div>\n          <\/li>\n                  <li class=\"splide__slide producto \">\n            <div class=\"content\">\n              <div class=\"imagen\">\n                <a class=\"verProducto\" href=\"https:\/\/laabuelacarmen.com\/de\/produkte\/bio-knoblauch\/\">\n                  <img class='miniatura_producto' src='https:\/\/laabuelacarmen.com\/wp-content\/uploads\/2022\/07\/Ajo-ecologico-1-300x188.jpg' width='300px' height='300px'>\n                <\/a>\n              <\/div>\n              <div class=\"tituloMiniatura\">\n                <a href=\"https:\/\/laabuelacarmen.com\/de\/produkte\/bio-knoblauch\/\">\n                  Bio-Knoblauch                <\/a>\n              <\/div>\n            <\/div>\n          <\/li>\n                  <li class=\"splide__slide producto \">\n            <div class=\"content\">\n              <div class=\"imagen\">\n                <a class=\"verProducto\" href=\"https:\/\/laabuelacarmen.com\/de\/produkte\/schwarzer-knoblauch\/\">\n                  <img class='miniatura_producto' src='https:\/\/laabuelacarmen.com\/wp-content\/uploads\/2022\/07\/Ajo-negro-300x188.jpg' width='300px' height='300px'>\n                <\/a>\n              <\/div>\n              <div class=\"tituloMiniatura\">\n                <a href=\"https:\/\/laabuelacarmen.com\/de\/produkte\/schwarzer-knoblauch\/\">\n                  Schwarzer Knoblauch                <\/a>\n              <\/div>\n            <\/div>\n          <\/li>\n              <\/ul>\n    <\/div>\n  <\/div>\n\n\n<div class='bloque_entradas_relacionadas'><div class=\"titulo_fila\"><span class=\"titulo_bloque\">Rezepte mit schwarzer Zitrone<\/span><\/div>    <div class=\"receta_relacionada\">\n      <div class=\"imagen\">\n        <img decoding=\"async\" src=\"https:\/\/laabuelacarmen.com\/wp-content\/uploads\/2023\/11\/receta-tarta-1024x680.jpg\" alt=\"Rezept f\u00fcr Mandelkuchen mit schwarzer Zitrone\" title=\"Rezept f\u00fcr Mandelkuchen mit schwarzer Zitrone\">\n        <a class=\"titulo\" href=\"https:\/\/laabuelacarmen.com\/de\/recetas\/rezept-fuer-mandelkuchen-mit-schwarzer-zitrone\/\">\n          Rezept f\u00fcr Mandelkuchen mit schwarzer Zitrone        <\/a>\n      <\/div>\n    <\/div>\n    <\/div>","protected":false},"excerpt":{"rendered":"<p>Schwarze Zitrone Die schwarzen Zitronen werden in einem feuchtigkeits- und temperaturgesteuerten Verfahren gewonnen, bei dem die von uns verwendeten frischen andalusischen Zitronen ihr gesamtes Aroma entfalten und reifen. Im Organic-Sortiment finden Sie auch diese schwarze Zitrone aus heimischen Bio-Zitronen. Beide haben einen hohen Gehalt an Ballaststoffen, Vitamin C und Kalium. Diese klassische Zutat der persischen [&hellip;]<\/p>\n","protected":false},"author":1,"featured_media":23887,"parent":24601,"menu_order":0,"comment_status":"closed","ping_status":"closed","template":"","meta":{"inline_featured_image":false,"footnotes":""},"class_list":["post-24636","page","type-page","status-publish","has-post-thumbnail","hentry"],"acf":[],"_links":{"self":[{"href":"https:\/\/laabuelacarmen.com\/de\/wp-json\/wp\/v2\/pages\/24636","targetHints":{"allow":["GET"]}}],"collection":[{"href":"https:\/\/laabuelacarmen.com\/de\/wp-json\/wp\/v2\/pages"}],"about":[{"href":"https:\/\/laabuelacarmen.com\/de\/wp-json\/wp\/v2\/types\/page"}],"author":[{"embeddable":true,"href":"https:\/\/laabuelacarmen.com\/de\/wp-json\/wp\/v2\/users\/1"}],"replies":[{"embeddable":true,"href":"https:\/\/laabuelacarmen.com\/de\/wp-json\/wp\/v2\/comments?post=24636"}],"version-history":[{"count":3,"href":"https:\/\/laabuelacarmen.com\/de\/wp-json\/wp\/v2\/pages\/24636\/revisions"}],"predecessor-version":[{"id":24909,"href":"https:\/\/laabuelacarmen.com\/de\/wp-json\/wp\/v2\/pages\/24636\/revisions\/24909"}],"up":[{"embeddable":true,"href":"https:\/\/laabuelacarmen.com\/de\/wp-json\/wp\/v2\/pages\/24601"}],"wp:featuredmedia":[{"embeddable":true,"href":"https:\/\/laabuelacarmen.com\/de\/wp-json\/wp\/v2\/media\/23887"}],"wp:attachment":[{"href":"https:\/\/laabuelacarmen.com\/de\/wp-json\/wp\/v2\/media?parent=24636"}],"curies":[{"name":"wp","href":"https:\/\/api.w.org\/{rel}","templated":true}]}}