{"id":24632,"date":"2022-03-13T14:23:28","date_gmt":"2022-03-13T13:23:28","guid":{"rendered":"https:\/\/laabuelacarmen.com\/productos\/cebolla-negra\/"},"modified":"2024-10-29T14:51:36","modified_gmt":"2024-10-29T13:51:36","slug":"schwarze-zwiebel","status":"publish","type":"page","link":"https:\/\/laabuelacarmen.com\/de\/produkte\/schwarze-zwiebel\/","title":{"rendered":"Schwarze Zwiebel"},"content":{"rendered":"\n<div class=\"wp-block-media-text alignfull has-media-on-the-right is-stacked-on-mobile is-vertically-aligned-center is-style-default\" style=\"grid-template-columns:auto 75%\"><div class=\"wp-block-media-text__content\">\n<h1 class=\"wp-block-heading has-text-color\" id=\"orilla-con-mar-azul-1\" style=\"color:#000000\">Schwarze Zwiebel<\/h1>\n\n\n\n<p>Die schwarzen Zwiebeln von La Abuela Carmen werden durch einen langen Prozess der <strong>nat\u00fcrlichen Reifung<\/strong> der besten Sorten wie Reca oder Schalotte hergestellt. Bei diesem Prozess verzichten wir auf Zusatzstoffe und Konservierungsmittel. So erhalten Sie ein einzigartiges Produkt, das sich durch seine Reifung von anderen Zwiebelsorten unterscheidet. Bei unserem Bio-Sortiment haben wir auch einen eigenen Anbau, so dass die Umwelt immer geschont wird.<\/p>\n\n\n\n<p>Sein N\u00e4hrwert und sein unverf\u00e4lschter <strong>s\u00fc\u00dfer und balsamischer Geschmac<\/strong>k haben ihm weltweite Anerkennung eingebracht. Entdecken Sie diese <strong>Gourmet-Zwiebel<\/strong> mit ihrer charakteristischen dunklen Farbe und cremigen Textur, die die charakteristischen Schichten der frischen Zwiebel beibeh\u00e4lt, aber viel bek\u00f6mmlicher ist. Dar\u00fcber hinaus enth\u00e4lt sie mehr Antioxidantien als wei\u00dfe Zwiebeln.Probieren Sie sie in Eint\u00f6pfen, Saucen, Salaten oder Dressings aus, um ihnen eine andere und innovative Note zu verleihen, die ihnen S\u00fc\u00dfe, Farbe und Geschmack verleiht. Lassen Sie Ihrer Fantasie freien Lauf und kombinieren Sie sie nach Lust und Laune. Dank ihres exquisiten s\u00fc\u00dfen Geschmacks k\u00f6nnen Sie sie sogar pur essen und haben so alle ihre <strong>n\u00e4hrstoffreichen Eigenschaften<\/strong>, ohne sie zu einem Gericht hinzuf\u00fcgen zu m\u00fcssen.<a href=\"https:\/\/laabuelacarmen.com\/de\/kontakt\/\" data-type=\"page\" data-id=\"362\">angebot anfordern<\/a><\/p>\n<\/div><figure class=\"wp-block-media-text__media\"><img loading=\"lazy\" decoding=\"async\" width=\"1024\" height=\"683\" src=\"https:\/\/laabuelacarmen.com\/wp-content\/uploads\/2023\/08\/cebolla-negra-1024x683.jpg\" alt=\"\" class=\"wp-image-16616 size-full\" srcset=\"https:\/\/laabuelacarmen.com\/wp-content\/uploads\/2023\/08\/cebolla-negra-1024x683.jpg 1024w, https:\/\/laabuelacarmen.com\/wp-content\/uploads\/2023\/08\/cebolla-negra-300x200.jpg 300w, https:\/\/laabuelacarmen.com\/wp-content\/uploads\/2023\/08\/cebolla-negra-768x512.jpg 768w, https:\/\/laabuelacarmen.com\/wp-content\/uploads\/2023\/08\/cebolla-negra-1536x1024.jpg 1536w, https:\/\/laabuelacarmen.com\/wp-content\/uploads\/2023\/08\/cebolla-negra-2048x1365.jpg 2048w, https:\/\/laabuelacarmen.com\/wp-content\/uploads\/2023\/08\/cebolla-negra-633x422.jpg 633w, https:\/\/laabuelacarmen.com\/wp-content\/uploads\/2023\/08\/cebolla-negra-1000x667.jpg 1000w\" sizes=\"auto, (max-width: 1024px) 100vw, 1024px\" \/><\/figure><\/div>\n\n\n  <div class=\"bloque_valores_nutricionales\">\n    <div class=\"titleContacto\">\n       Informaci\u00f3n Nutricional    <\/div>\n    <div class='valores'>        <div class=\"fila\">\n          <div class=\"dato\">\n            Valores          <\/div>\n          <div class=\"cantidad\">\n            100 g          <\/div>\n        <\/div>\n            <div class=\"fila\">\n          <div class=\"dato\">\n            Valor energ\u00e9tico          <\/div>\n          <div class=\"cantidad\">\n            384 kJ \/ 90 kcal          <\/div>\n        <\/div>\n            <div class=\"fila\">\n          <div class=\"dato\">\n            Grasas totales          <\/div>\n          <div class=\"cantidad\">\n            0 g          <\/div>\n        <\/div>\n            <div class=\"fila\">\n          <div class=\"dato\">\n            De las cuales: saturadas          <\/div>\n          <div class=\"cantidad\">\n            0 g          <\/div>\n        <\/div>\n            <div class=\"fila\">\n          <div class=\"dato\">\n            Hidratos de Carbono          <\/div>\n          <div class=\"cantidad\">\n            17 g          <\/div>\n        <\/div>\n            <div class=\"fila\">\n          <div class=\"dato\">\n            de los cuales: az\u00facares          <\/div>\n          <div class=\"cantidad\">\n            17 g          <\/div>\n        <\/div>\n            <div class=\"fila\">\n          <div class=\"dato\">\n            Fibra alimentaria          <\/div>\n          <div class=\"cantidad\">\n            3,69 g          <\/div>\n        <\/div>\n            <div class=\"fila\">\n          <div class=\"dato\">\n            Prote\u00ednas          <\/div>\n          <div class=\"cantidad\">\n            4.25 g          <\/div>\n        <\/div>\n            <div class=\"fila\">\n          <div class=\"dato\">\n            Sal          <\/div>\n          <div class=\"cantidad\">\n            0,01 g          <\/div>\n        <\/div>\n    <\/div>  <\/div>\n  \n\n  <div id=\"certificaciones-slider\" class=\"splide\">\n    <div class=\"splide__track\">\n      <ul class=\"splide__list\">          <div class=\"splide__slide\">\n            <div class=\"content\">\n              <img decoding=\"async\" class=\"foto\" src=\"https:\/\/laabuelacarmen.com\/wp-content\/uploads\/2022\/03\/Sin-titulo-7.png\" title=\"Sin-t\u00edtulo-7\" alt=\"\" \/>\n            <\/div>\n          <\/div>\n                <div class=\"splide__slide\">\n            <div class=\"content\">\n              <img decoding=\"async\" class=\"foto\" src=\"https:\/\/laabuelacarmen.com\/wp-content\/uploads\/2022\/03\/Sin-titulo-6.png\" title=\"Sin-t\u00edtulo-6\" alt=\"\" \/>\n            <\/div>\n          <\/div>\n                <div class=\"splide__slide\">\n            <div class=\"content\">\n              <img decoding=\"async\" class=\"foto\" src=\"https:\/\/laabuelacarmen.com\/wp-content\/uploads\/2022\/03\/Sin-titulo-5.png\" title=\"Sin-t\u00edtulo-5\" alt=\"\" \/>\n            <\/div>\n          <\/div>\n                <div class=\"splide__slide\">\n            <div class=\"content\">\n              <img decoding=\"async\" class=\"foto\" src=\"https:\/\/laabuelacarmen.com\/wp-content\/uploads\/2022\/03\/Sin-titulo-4.png\" title=\"Sin-t\u00edtulo-4\" alt=\"\" \/>\n            <\/div>\n          <\/div>\n                <div class=\"splide__slide\">\n            <div class=\"content\">\n              <img decoding=\"async\" class=\"foto\" src=\"https:\/\/laabuelacarmen.com\/wp-content\/uploads\/2022\/03\/Sin-titulo-3.png\" title=\"Sin-t\u00edtulo-3\" alt=\"\" \/>\n            <\/div>\n          <\/div>\n                <div class=\"splide__slide\">\n            <div class=\"content\">\n              <img decoding=\"async\" class=\"foto\" src=\"https:\/\/laabuelacarmen.com\/wp-content\/uploads\/2022\/03\/Sin-titulo-1.png\" title=\"Sin-t\u00edtulo-1\" alt=\"\" \/>\n            <\/div>\n          <\/div>\n                <div class=\"splide__slide\">\n            <div class=\"content\">\n              <img decoding=\"async\" class=\"foto\" src=\"https:\/\/laabuelacarmen.com\/wp-content\/uploads\/2022\/03\/Sin-titulo-2.png\" title=\"Sin-t\u00edtulo-2\" alt=\"\" \/>\n            <\/div>\n          <\/div>\n      <\/ul>    <\/div>\n  <\/div>\n\n\n  <div id=\"slider_paginas\" class=\"splide\">\n          <div class=\"titleSliderPaginas\">\n        Andere produkte:      <\/div>\n        <div class=\"splide__track\">\n      <ul class=\"splide__list\">\n                  <li class=\"splide__slide producto \">\n            <div class=\"content\">\n              <div class=\"imagen\">\n                <a class=\"verProducto\" href=\"https:\/\/laabuelacarmen.com\/de\/produkte\/schwarze-zitrone\/\">\n                  <img class='miniatura_producto' src='https:\/\/laabuelacarmen.com\/wp-content\/uploads\/2022\/07\/Limon-negro-300x188.jpg' width='300px' height='300px'>\n                <\/a>\n              <\/div>\n              <div class=\"tituloMiniatura\">\n                <a href=\"https:\/\/laabuelacarmen.com\/de\/produkte\/schwarze-zitrone\/\">\n                  Schwarze Zitrone                <\/a>\n              <\/div>\n            <\/div>\n          <\/li>\n                  <li class=\"splide__slide producto \">\n            <div class=\"content\">\n              <div class=\"imagen\">\n                <a class=\"verProducto\" href=\"https:\/\/laabuelacarmen.com\/de\/produkte\/bio-knoblauch\/\">\n                  <img class='miniatura_producto' src='https:\/\/laabuelacarmen.com\/wp-content\/uploads\/2022\/07\/Ajo-ecologico-1-300x188.jpg' width='300px' height='300px'>\n                <\/a>\n              <\/div>\n              <div class=\"tituloMiniatura\">\n                <a href=\"https:\/\/laabuelacarmen.com\/de\/produkte\/bio-knoblauch\/\">\n                  Bio-Knoblauch                <\/a>\n              <\/div>\n            <\/div>\n          <\/li>\n                  <li class=\"splide__slide producto \">\n            <div class=\"content\">\n              <div class=\"imagen\">\n                <a class=\"verProducto\" href=\"https:\/\/laabuelacarmen.com\/de\/produkte\/schwarzer-knoblauch\/\">\n                  <img class='miniatura_producto' src='https:\/\/laabuelacarmen.com\/wp-content\/uploads\/2022\/07\/Ajo-negro-300x188.jpg' width='300px' height='300px'>\n                <\/a>\n              <\/div>\n              <div class=\"tituloMiniatura\">\n                <a href=\"https:\/\/laabuelacarmen.com\/de\/produkte\/schwarzer-knoblauch\/\">\n                  Schwarzer Knoblauch                <\/a>\n              <\/div>\n            <\/div>\n          <\/li>\n              <\/ul>\n    <\/div>\n  <\/div>\n","protected":false},"excerpt":{"rendered":"<p>Schwarze Zwiebel Die schwarzen Zwiebeln von La Abuela Carmen werden durch einen langen Prozess der nat\u00fcrlichen Reifung der besten Sorten wie Reca oder Schalotte hergestellt. Bei diesem Prozess verzichten wir auf Zusatzstoffe und Konservierungsmittel. So erhalten Sie ein einzigartiges Produkt, das sich durch seine Reifung von anderen Zwiebelsorten unterscheidet. Bei unserem Bio-Sortiment haben wir auch [&hellip;]<\/p>\n","protected":false},"author":1,"featured_media":24006,"parent":24601,"menu_order":0,"comment_status":"closed","ping_status":"closed","template":"","meta":{"inline_featured_image":false,"footnotes":""},"class_list":["post-24632","page","type-page","status-publish","has-post-thumbnail","hentry"],"acf":[],"_links":{"self":[{"href":"https:\/\/laabuelacarmen.com\/de\/wp-json\/wp\/v2\/pages\/24632","targetHints":{"allow":["GET"]}}],"collection":[{"href":"https:\/\/laabuelacarmen.com\/de\/wp-json\/wp\/v2\/pages"}],"about":[{"href":"https:\/\/laabuelacarmen.com\/de\/wp-json\/wp\/v2\/types\/page"}],"author":[{"embeddable":true,"href":"https:\/\/laabuelacarmen.com\/de\/wp-json\/wp\/v2\/users\/1"}],"replies":[{"embeddable":true,"href":"https:\/\/laabuelacarmen.com\/de\/wp-json\/wp\/v2\/comments?post=24632"}],"version-history":[{"count":3,"href":"https:\/\/laabuelacarmen.com\/de\/wp-json\/wp\/v2\/pages\/24632\/revisions"}],"predecessor-version":[{"id":24912,"href":"https:\/\/laabuelacarmen.com\/de\/wp-json\/wp\/v2\/pages\/24632\/revisions\/24912"}],"up":[{"embeddable":true,"href":"https:\/\/laabuelacarmen.com\/de\/wp-json\/wp\/v2\/pages\/24601"}],"wp:featuredmedia":[{"embeddable":true,"href":"https:\/\/laabuelacarmen.com\/de\/wp-json\/wp\/v2\/media\/24006"}],"wp:attachment":[{"href":"https:\/\/laabuelacarmen.com\/de\/wp-json\/wp\/v2\/media?parent=24632"}],"curies":[{"name":"wp","href":"https:\/\/api.w.org\/{rel}","templated":true}]}}