{"id":24627,"date":"2022-10-21T08:32:52","date_gmt":"2022-10-21T07:32:52","guid":{"rendered":"https:\/\/laabuelacarmen.com\/productos\/ajo-deshidratado\/"},"modified":"2024-10-29T14:27:19","modified_gmt":"2024-10-29T13:27:19","slug":"dehydrierter-knoblauch","status":"publish","type":"page","link":"https:\/\/laabuelacarmen.com\/de\/produkte\/dehydrierter-knoblauch\/","title":{"rendered":"Dehydrierter Knoblauch"},"content":{"rendered":"\n<div class=\"wp-block-media-text alignfull has-media-on-the-right is-stacked-on-mobile\" style=\"grid-template-columns:auto 75%\"><div class=\"wp-block-media-text__content\">\n<h2 class=\"wp-block-heading\">Dehydrierter Knoblauch<\/h2>\n\n\n\n<p>Der Knoblauch wird von uns selbst gesch\u00e4lt, in Scheiben geschnitten und bei niedrigen Temperaturen dehydriert, so dass der nat\u00fcrliche Geschmack erhalten bleibt.<\/p>\n\n\n\n<p>Zur Verwendung werden 3 Liter Wasser auf ein Kilo getrockneten Knoblauch gegeben und dieser etwa 15 Minuten lang eingeweicht. Abtropfen lassen und wie frischen Knoblauch verwenden.<\/p>\n\n\n\n<p>Diese Art von Knoblauch eignet sich hervorragend f\u00fcr Fleisch, Meeresfr\u00fcchte, Saucen wie Mayonnaise, Tomatensauce und auch f\u00fcr Eint\u00f6pfe.<\/p>\n\n\n\n<p><a href=\"https:\/\/laabuelacarmen.com\/de\/kontakt\/\">angerbot anfordern<\/a><\/p>\n<\/div><figure class=\"wp-block-media-text__media\"><img loading=\"lazy\" decoding=\"async\" width=\"560\" height=\"373\" src=\"https:\/\/laabuelacarmen.com\/wp-content\/uploads\/2022\/10\/Ajo-deshidratado.jpg\" alt=\"\" class=\"wp-image-11963 size-full\" srcset=\"https:\/\/laabuelacarmen.com\/wp-content\/uploads\/2022\/10\/Ajo-deshidratado.jpg 560w, https:\/\/laabuelacarmen.com\/wp-content\/uploads\/2022\/10\/Ajo-deshidratado-300x200.jpg 300w\" sizes=\"auto, (max-width: 560px) 100vw, 560px\" \/><\/figure><\/div>\n\n\n  <div id=\"certificaciones-slider\" class=\"splide\">\n    <div class=\"splide__track\">\n      <ul class=\"splide__list\">          <div class=\"splide__slide\">\n            <div class=\"content\">\n              <img decoding=\"async\" class=\"foto\" src=\"https:\/\/laabuelacarmen.com\/wp-content\/uploads\/2022\/03\/Sin-titulo-7.png\" title=\"Sin-t\u00edtulo-7\" alt=\"\" \/>\n            <\/div>\n          <\/div>\n                <div class=\"splide__slide\">\n            <div class=\"content\">\n              <img decoding=\"async\" class=\"foto\" src=\"https:\/\/laabuelacarmen.com\/wp-content\/uploads\/2022\/03\/Sin-titulo-6.png\" title=\"Sin-t\u00edtulo-6\" alt=\"\" \/>\n            <\/div>\n          <\/div>\n                <div class=\"splide__slide\">\n            <div class=\"content\">\n              <img decoding=\"async\" class=\"foto\" src=\"https:\/\/laabuelacarmen.com\/wp-content\/uploads\/2022\/03\/Sin-titulo-5.png\" title=\"Sin-t\u00edtulo-5\" alt=\"\" \/>\n            <\/div>\n          <\/div>\n                <div class=\"splide__slide\">\n            <div class=\"content\">\n              <img decoding=\"async\" class=\"foto\" src=\"https:\/\/laabuelacarmen.com\/wp-content\/uploads\/2022\/03\/Sin-titulo-4.png\" title=\"Sin-t\u00edtulo-4\" alt=\"\" \/>\n            <\/div>\n          <\/div>\n                <div class=\"splide__slide\">\n            <div class=\"content\">\n              <img decoding=\"async\" class=\"foto\" src=\"https:\/\/laabuelacarmen.com\/wp-content\/uploads\/2022\/03\/Sin-titulo-3.png\" title=\"Sin-t\u00edtulo-3\" alt=\"\" \/>\n            <\/div>\n          <\/div>\n                <div class=\"splide__slide\">\n            <div class=\"content\">\n              <img decoding=\"async\" class=\"foto\" src=\"https:\/\/laabuelacarmen.com\/wp-content\/uploads\/2022\/03\/Sin-titulo-2.png\" title=\"Sin-t\u00edtulo-2\" alt=\"\" \/>\n            <\/div>\n          <\/div>\n                <div class=\"splide__slide\">\n            <div class=\"content\">\n              <img decoding=\"async\" class=\"foto\" src=\"https:\/\/laabuelacarmen.com\/wp-content\/uploads\/2022\/03\/Sin-titulo-1.png\" title=\"Sin-t\u00edtulo-1\" alt=\"\" \/>\n            <\/div>\n          <\/div>\n      <\/ul>    <\/div>\n  <\/div>\n\n\n  <div id=\"slider_paginas\" class=\"splide\">\n          <div class=\"titleSliderPaginas\">\n        Andere Produkte      <\/div>\n        <div class=\"splide__track\">\n      <ul class=\"splide__list\">\n                  <li class=\"splide__slide producto \">\n            <div class=\"content\">\n              <div class=\"imagen\">\n                <a class=\"verProducto\" href=\"https:\/\/laabuelacarmen.com\/productos\/ajo-blanco\/\">\n                  <img class='miniatura_producto' src='https:\/\/laabuelacarmen.com\/wp-content\/uploads\/2022\/07\/Ajo-blanco-1-300x188.jpg' width='300px' height='300px'>\n                <\/a>\n              <\/div>\n              <div class=\"tituloMiniatura\">\n                <a href=\"https:\/\/laabuelacarmen.com\/productos\/ajo-blanco\/\">\n                  Ajo Blanco                <\/a>\n              <\/div>\n            <\/div>\n          <\/li>\n              <\/ul>\n    <\/div>\n  <\/div>\n","protected":false},"excerpt":{"rendered":"<p>Dehydrierter Knoblauch Der Knoblauch wird von uns selbst gesch\u00e4lt, in Scheiben geschnitten und bei niedrigen Temperaturen dehydriert, so dass der nat\u00fcrliche Geschmack erhalten bleibt. Zur Verwendung werden 3 Liter Wasser auf ein Kilo getrockneten Knoblauch gegeben und dieser etwa 15 Minuten lang eingeweicht. Abtropfen lassen und wie frischen Knoblauch verwenden. Diese Art von Knoblauch eignet [&hellip;]<\/p>\n","protected":false},"author":1,"featured_media":23922,"parent":24601,"menu_order":0,"comment_status":"closed","ping_status":"closed","template":"","meta":{"inline_featured_image":false,"footnotes":""},"class_list":["post-24627","page","type-page","status-publish","has-post-thumbnail","hentry"],"acf":[],"_links":{"self":[{"href":"https:\/\/laabuelacarmen.com\/de\/wp-json\/wp\/v2\/pages\/24627","targetHints":{"allow":["GET"]}}],"collection":[{"href":"https:\/\/laabuelacarmen.com\/de\/wp-json\/wp\/v2\/pages"}],"about":[{"href":"https:\/\/laabuelacarmen.com\/de\/wp-json\/wp\/v2\/types\/page"}],"author":[{"embeddable":true,"href":"https:\/\/laabuelacarmen.com\/de\/wp-json\/wp\/v2\/users\/1"}],"replies":[{"embeddable":true,"href":"https:\/\/laabuelacarmen.com\/de\/wp-json\/wp\/v2\/comments?post=24627"}],"version-history":[{"count":3,"href":"https:\/\/laabuelacarmen.com\/de\/wp-json\/wp\/v2\/pages\/24627\/revisions"}],"predecessor-version":[{"id":24879,"href":"https:\/\/laabuelacarmen.com\/de\/wp-json\/wp\/v2\/pages\/24627\/revisions\/24879"}],"up":[{"embeddable":true,"href":"https:\/\/laabuelacarmen.com\/de\/wp-json\/wp\/v2\/pages\/24601"}],"wp:featuredmedia":[{"embeddable":true,"href":"https:\/\/laabuelacarmen.com\/de\/wp-json\/wp\/v2\/media\/23922"}],"wp:attachment":[{"href":"https:\/\/laabuelacarmen.com\/de\/wp-json\/wp\/v2\/media?parent=24627"}],"curies":[{"name":"wp","href":"https:\/\/api.w.org\/{rel}","templated":true}]}}