{"id":24623,"date":"2022-10-20T16:26:38","date_gmt":"2022-10-20T15:26:38","guid":{"rendered":"https:\/\/laabuelacarmen.com\/productos\/ajo-pelado\/"},"modified":"2025-02-25T10:58:44","modified_gmt":"2025-02-25T09:58:44","slug":"geschaelter-knoblauch","status":"publish","type":"page","link":"https:\/\/laabuelacarmen.com\/de\/produkte\/geschaelter-knoblauch\/","title":{"rendered":"Gesch\u00e4lter Knoblauch"},"content":{"rendered":"\n<div class=\"wp-block-media-text alignfull has-media-on-the-right is-stacked-on-mobile\" style=\"grid-template-columns:auto 75%\"><div class=\"wp-block-media-text__content\">\n<h1 class=\"wp-block-heading\">Lieferanten von gesch\u00e4ltem Knoblauch<\/h1>\n\n\n\n<p>Gesch\u00e4lter Knoblauch ist ein nat\u00fcrlicher, frischer Knoblauch und wird einem Sch\u00e4lverfahren unterzogen, bei dem die Zehen von der Haut befreit werden, so dass alle N\u00e4hrwerteigenschaften des Produkts erhalten bleiben.<\/p>\n\n\n\n<p>Das Hauptmerkmal unseres gesch\u00e4lten Knoblauchs besteht darin, dass der Sch\u00e4lvorgang in unseren Anlagen mit modernster Technologie durchgef\u00fchrt wird. Deshalb wird dieses Produkt immer h\u00e4ufiger nachgefragt und hat sich dank seiner einfachen Handhabung auf dem Markt durchgesetzt.<\/p>\n\n\n\n<p><\/p>\n\n\n\n<p><a href=\"https:\/\/laabuelacarmen.com\/de\/kontakt\/\">angebot anfordern<\/a><\/p>\n<\/div><figure class=\"wp-block-media-text__media\"><img loading=\"lazy\" decoding=\"async\" width=\"560\" height=\"360\" src=\"https:\/\/laabuelacarmen.com\/wp-content\/uploads\/2022\/10\/Ajo-pelado.jpg\" alt=\"\" class=\"wp-image-11945 size-full\" srcset=\"https:\/\/laabuelacarmen.com\/wp-content\/uploads\/2022\/10\/Ajo-pelado.jpg 560w, https:\/\/laabuelacarmen.com\/wp-content\/uploads\/2022\/10\/Ajo-pelado-300x193.jpg 300w\" sizes=\"auto, (max-width: 560px) 100vw, 560px\" \/><\/figure><\/div>\n\n\n\n<h2 class=\"wp-block-heading\"><strong>Spanischer gesch\u00e4lter Knoblauch direkt vom Produzenten<\/strong><\/h2>\n\n\n\n<p>La Abuela Carmen ist Ihr zuverl\u00e4ssiger Partner f\u00fcr hochwertigen gesch\u00e4lten Knoblauch aus Spanien. Mit jahrzehntelanger Erfahrung in der Knoblauchproduktion liefern wir erstklassige Produkte an Unternehmen in ganz Europa, einschlie\u00dflich Deutschland.<\/p>\n\n\n\n<p>Unsere gesch\u00e4lten Knoblauchzehen werden mit h\u00f6chster Sorgfalt verarbeitet, um maximale Frische, Aroma und Haltbarkeit zu gew\u00e4hrleisten. Dank modernster Technologien und strenger Qualit\u00e4tskontrollen bieten wir Ihnen ein Produkt, das den h\u00f6chsten gastronomischen und industriellen Anforderungen entspricht.<\/p>\n\n\n\n<div class=\"wp-block-media-text alignfull has-media-on-the-right is-stacked-on-mobile is-vertically-aligned-center is-style-default\" style=\"grid-template-columns:auto 75%\"><div class=\"wp-block-media-text__content\">\n<h2 class=\"wp-block-heading\"><strong>Warum sollten Sie gesch\u00e4lten Knoblauch von La Abuela Carmen w\u00e4hlen?<\/strong><\/h2>\n\n\n\n<p>La Abuela Carmen bietet <strong>gesch\u00e4lten Knoblauch<\/strong> von h\u00f6chster Qualit\u00e4t, angebaut in Andalusien und verarbeitet mit modernster Technologie, um Frische und Aroma zu bewahren. Unser 100 % nat\u00fcrlicher Knoblauch ist sofort einsatzbereit, reduziert Abf\u00e4lle und optimiert Arbeitsprozesse in der Lebensmittelindustrie. Dank effizienter Verpackung bleibt die Qualit\u00e4t lange erhalten. Mit flexiblen Lieferoptionen und ma\u00dfgeschneiderten L\u00f6sungen f\u00fcr Gro\u00dfh\u00e4ndler und Importeure sind wir Ihr zuverl\u00e4ssiger Partner f\u00fcr hochwertigen spanischen Knoblauch.<\/p>\n<\/div><figure class=\"wp-block-media-text__media\"><img loading=\"lazy\" decoding=\"async\" width=\"861\" height=\"407\" src=\"https:\/\/laabuelacarmen.com\/wp-content\/uploads\/2023\/02\/AJOS-ETIQUETA.jpg\" alt=\"\" class=\"wp-image-23958 size-full\" srcset=\"https:\/\/laabuelacarmen.com\/wp-content\/uploads\/2023\/02\/AJOS-ETIQUETA.jpg 861w, https:\/\/laabuelacarmen.com\/wp-content\/uploads\/2023\/02\/AJOS-ETIQUETA-300x142.jpg 300w, https:\/\/laabuelacarmen.com\/wp-content\/uploads\/2023\/02\/AJOS-ETIQUETA-768x363.jpg 768w, https:\/\/laabuelacarmen.com\/wp-content\/uploads\/2023\/02\/AJOS-ETIQUETA-633x299.jpg 633w\" sizes=\"auto, (max-width: 861px) 100vw, 861px\" \/><\/figure><\/div>\n\n\n  <div class=\"bloque_valores_nutricionales\">\n    <div class=\"titleContacto\">\n       Informaci\u00f3n Nutricional    <\/div>\n    <div class='valores'>        <div class=\"fila\">\n          <div class=\"dato\">\n            Valores          <\/div>\n          <div class=\"cantidad\">\n            100 g          <\/div>\n        <\/div>\n            <div class=\"fila\">\n          <div class=\"dato\">\n            Valor energ\u00e9tico          <\/div>\n          <div class=\"cantidad\">\n            527 kJ \/124 kcal          <\/div>\n        <\/div>\n            <div class=\"fila\">\n          <div class=\"dato\">\n            Grasas totales          <\/div>\n          <div class=\"cantidad\">\n            0.2 g          <\/div>\n        <\/div>\n            <div class=\"fila\">\n          <div class=\"dato\">\n            De las cuales: saturadas          <\/div>\n          <div class=\"cantidad\">\n            0 g          <\/div>\n        <\/div>\n            <div class=\"fila\">\n          <div class=\"dato\">\n            Hidratos de Carbono          <\/div>\n          <div class=\"cantidad\">\n            26 g          <\/div>\n        <\/div>\n            <div class=\"fila\">\n          <div class=\"dato\">\n            de los cuales: az\u00facares          <\/div>\n          <div class=\"cantidad\">\n            1 g          <\/div>\n        <\/div>\n            <div class=\"fila\">\n          <div class=\"dato\">\n            Fibra alimentaria          <\/div>\n          <div class=\"cantidad\">\n            1 g          <\/div>\n        <\/div>\n            <div class=\"fila\">\n          <div class=\"dato\">\n            Prote\u00ednas          <\/div>\n          <div class=\"cantidad\">\n            4.5 g          <\/div>\n        <\/div>\n            <div class=\"fila\">\n          <div class=\"dato\">\n            Sal          <\/div>\n          <div class=\"cantidad\">\n            <0,2 g          <\/div>\n        <\/div>\n    <\/div>  <\/div>\n  \n\n  <div id=\"certificaciones-slider\" class=\"splide\">\n    <div class=\"splide__track\">\n      <ul class=\"splide__list\">          <div class=\"splide__slide\">\n            <div class=\"content\">\n              <img decoding=\"async\" class=\"foto\" src=\"https:\/\/laabuelacarmen.com\/wp-content\/uploads\/2022\/03\/Sin-titulo-7.png\" title=\"Sin-t\u00edtulo-7\" alt=\"\" \/>\n            <\/div>\n          <\/div>\n                <div class=\"splide__slide\">\n            <div class=\"content\">\n              <img decoding=\"async\" class=\"foto\" src=\"https:\/\/laabuelacarmen.com\/wp-content\/uploads\/2022\/03\/Sin-titulo-6.png\" title=\"Sin-t\u00edtulo-6\" alt=\"\" \/>\n            <\/div>\n          <\/div>\n                <div class=\"splide__slide\">\n            <div class=\"content\">\n              <img decoding=\"async\" class=\"foto\" src=\"https:\/\/laabuelacarmen.com\/wp-content\/uploads\/2022\/03\/Sin-titulo-5.png\" title=\"Sin-t\u00edtulo-5\" alt=\"\" \/>\n            <\/div>\n          <\/div>\n                <div class=\"splide__slide\">\n            <div class=\"content\">\n              <img decoding=\"async\" class=\"foto\" src=\"https:\/\/laabuelacarmen.com\/wp-content\/uploads\/2022\/03\/Sin-titulo-4.png\" title=\"Sin-t\u00edtulo-4\" alt=\"\" \/>\n            <\/div>\n          <\/div>\n                <div class=\"splide__slide\">\n            <div class=\"content\">\n              <img decoding=\"async\" class=\"foto\" src=\"https:\/\/laabuelacarmen.com\/wp-content\/uploads\/2022\/03\/Sin-titulo-3.png\" title=\"Sin-t\u00edtulo-3\" alt=\"\" \/>\n            <\/div>\n          <\/div>\n                <div class=\"splide__slide\">\n            <div class=\"content\">\n              <img decoding=\"async\" class=\"foto\" src=\"https:\/\/laabuelacarmen.com\/wp-content\/uploads\/2022\/03\/Sin-titulo-2.png\" title=\"Sin-t\u00edtulo-2\" alt=\"\" \/>\n            <\/div>\n          <\/div>\n                <div class=\"splide__slide\">\n            <div class=\"content\">\n              <img decoding=\"async\" class=\"foto\" src=\"https:\/\/laabuelacarmen.com\/wp-content\/uploads\/2022\/03\/Sin-titulo-1.png\" title=\"Sin-t\u00edtulo-1\" alt=\"\" \/>\n            <\/div>\n          <\/div>\n      <\/ul>    <\/div>\n  <\/div>\n\n\n  <div id=\"slider_paginas\" class=\"splide\">\n          <div class=\"titleSliderPaginas\">\n        Andere Produkte      <\/div>\n        <div class=\"splide__track\">\n      <ul class=\"splide__list\">\n                  <li class=\"splide__slide producto \">\n            <div class=\"content\">\n              <div class=\"imagen\">\n                <a class=\"verProducto\" href=\"https:\/\/laabuelacarmen.com\/de\/produkte\/frischer-knoblauch\/\">\n                  <img class='miniatura_producto' src='https:\/\/laabuelacarmen.com\/wp-content\/uploads\/2022\/07\/Ajo-Fresco-1-300x188.jpg' width='300px' height='300px'>\n                <\/a>\n              <\/div>\n              <div class=\"tituloMiniatura\">\n                <a href=\"https:\/\/laabuelacarmen.com\/de\/produkte\/frischer-knoblauch\/\">\n                  Frischer Knoblauch                <\/a>\n              <\/div>\n            <\/div>\n          <\/li>\n                  <li class=\"splide__slide producto \">\n            <div class=\"content\">\n              <div class=\"imagen\">\n                <a class=\"verProducto\" href=\"https:\/\/laabuelacarmen.com\/de\/produkte\/schwarzer-knoblauch\/\">\n                  <img class='miniatura_producto' src='https:\/\/laabuelacarmen.com\/wp-content\/uploads\/2022\/07\/Ajo-negro-300x188.jpg' width='300px' height='300px'>\n                <\/a>\n              <\/div>\n              <div class=\"tituloMiniatura\">\n                <a href=\"https:\/\/laabuelacarmen.com\/de\/produkte\/schwarzer-knoblauch\/\">\n                  Schwarzer Knoblauch                <\/a>\n              <\/div>\n            <\/div>\n          <\/li>\n                  <li class=\"splide__slide producto \">\n            <div class=\"content\">\n              <div class=\"imagen\">\n                <a class=\"verProducto\" href=\"https:\/\/laabuelacarmen.com\/de\/produkte\/gebratener-knoblauch\/\">\n                  <img class='miniatura_producto' src='https:\/\/laabuelacarmen.com\/wp-content\/uploads\/2022\/07\/Ajo-frito-1-300x188.jpg' width='300px' height='300px'>\n                <\/a>\n              <\/div>\n              <div class=\"tituloMiniatura\">\n                <a href=\"https:\/\/laabuelacarmen.com\/de\/produkte\/gebratener-knoblauch\/\">\n                  Gebratener Knoblauch                <\/a>\n              <\/div>\n            <\/div>\n          <\/li>\n              <\/ul>\n    <\/div>\n  <\/div>\n","protected":false},"excerpt":{"rendered":"<p>Lieferanten von gesch\u00e4ltem Knoblauch Gesch\u00e4lter Knoblauch ist ein nat\u00fcrlicher, frischer Knoblauch und wird einem Sch\u00e4lverfahren unterzogen, bei dem die Zehen von der Haut befreit werden, so dass alle N\u00e4hrwerteigenschaften des Produkts erhalten bleiben. Das Hauptmerkmal unseres gesch\u00e4lten Knoblauchs besteht darin, dass der Sch\u00e4lvorgang in unseren Anlagen mit modernster Technologie durchgef\u00fchrt wird. Deshalb wird dieses Produkt [&hellip;]<\/p>\n","protected":false},"author":1,"featured_media":23921,"parent":24601,"menu_order":0,"comment_status":"closed","ping_status":"closed","template":"","meta":{"inline_featured_image":false,"footnotes":""},"class_list":["post-24623","page","type-page","status-publish","has-post-thumbnail","hentry"],"acf":[],"_links":{"self":[{"href":"https:\/\/laabuelacarmen.com\/de\/wp-json\/wp\/v2\/pages\/24623","targetHints":{"allow":["GET"]}}],"collection":[{"href":"https:\/\/laabuelacarmen.com\/de\/wp-json\/wp\/v2\/pages"}],"about":[{"href":"https:\/\/laabuelacarmen.com\/de\/wp-json\/wp\/v2\/types\/page"}],"author":[{"embeddable":true,"href":"https:\/\/laabuelacarmen.com\/de\/wp-json\/wp\/v2\/users\/1"}],"replies":[{"embeddable":true,"href":"https:\/\/laabuelacarmen.com\/de\/wp-json\/wp\/v2\/comments?post=24623"}],"version-history":[{"count":4,"href":"https:\/\/laabuelacarmen.com\/de\/wp-json\/wp\/v2\/pages\/24623\/revisions"}],"predecessor-version":[{"id":32251,"href":"https:\/\/laabuelacarmen.com\/de\/wp-json\/wp\/v2\/pages\/24623\/revisions\/32251"}],"up":[{"embeddable":true,"href":"https:\/\/laabuelacarmen.com\/de\/wp-json\/wp\/v2\/pages\/24601"}],"wp:featuredmedia":[{"embeddable":true,"href":"https:\/\/laabuelacarmen.com\/de\/wp-json\/wp\/v2\/media\/23921"}],"wp:attachment":[{"href":"https:\/\/laabuelacarmen.com\/de\/wp-json\/wp\/v2\/media?parent=24623"}],"curies":[{"name":"wp","href":"https:\/\/api.w.org\/{rel}","templated":true}]}}