{"id":24614,"date":"2022-07-19T08:42:04","date_gmt":"2022-07-19T07:42:04","guid":{"rendered":"https:\/\/laabuelacarmen.com\/productos\/ajo-frito\/"},"modified":"2024-10-28T13:18:52","modified_gmt":"2024-10-28T12:18:52","slug":"gebratener-knoblauch","status":"publish","type":"page","link":"https:\/\/laabuelacarmen.com\/de\/produkte\/gebratener-knoblauch\/","title":{"rendered":"Gebratener Knoblauch"},"content":{"rendered":"\n<div class=\"wp-block-media-text alignfull has-media-on-the-right is-stacked-on-mobile is-style-default\" style=\"grid-template-columns:auto 56%\"><div class=\"wp-block-media-text__content\">\n<h1 class=\"wp-block-heading\">Gebratener Knoblauch<\/h1>\n\n\n\n<p>Wir sind der f\u00fchrende Knoblauchgro\u00dfh\u00e4ndler in Spanien und verf\u00fcgen \u00fcber <strong>mehr als 40 Jahre<\/strong> Erfahrung in diesem Sektor und <strong>bieten den besten gebratenen Knoblauch<\/strong> auf dem Markt.<\/p>\n\n\n\n<p>Wir sch\u00e4len und braten den frischen Knoblauch aus unserer Produktion in hochwertigem nativem Oliven\u00f6l extra, um einen schmackhaften gebratenen Knoblauch mit knuspriger Textur zu erhalten, der sofort verzehrt werden kann.<\/p>\n\n\n\n<p>Au\u00dferdem kann man den gebratenen Knoblauch in Form eines <strong>Spenders<\/strong> kaufen, so dass man jedes Gericht mit einem feinen Pulver w\u00fcrzen und seinem Rezept den letzten Schliff geben kann. Oder auch in Form von <strong>Knoblauchchips<\/strong>, einem hausgemachten Snack, der die perfekte Erg\u00e4nzung zu Ihrem Salat ist.<\/p>\n\n\n\n<p>Dank unserer 1999 eingegangenen Verpflichtung als Bioproduzent produzieren wir auch <strong>gebratenen Bio-Knoblauch<\/strong>, der sehr gut schmeckt und knusprig ist. Er eignet sich hervorragend f\u00fcr eine Vielzahl von Gerichten: Pizzen, Salate, Suppen, Saucen&#8230;<\/p>\n\n\n\n<p><a href=\"https:\/\/laabuelacarmen.com\/de\/kontakt\/\">Solicitar Presupuesto<\/a> <a href=\"https:\/\/laabuelacarmen.com\/tienda\/ajo-frito\/\">Ver en Tienda Online<\/a><\/p>\n<\/div><figure class=\"wp-block-media-text__media\"><img loading=\"lazy\" decoding=\"async\" width=\"560\" height=\"374\" src=\"https:\/\/laabuelacarmen.com\/wp-content\/uploads\/2022\/07\/Ajo-frito-2.jpg\" alt=\"\" class=\"wp-image-10540 size-full\" srcset=\"https:\/\/laabuelacarmen.com\/wp-content\/uploads\/2022\/07\/Ajo-frito-2.jpg 560w, https:\/\/laabuelacarmen.com\/wp-content\/uploads\/2022\/07\/Ajo-frito-2-300x200.jpg 300w\" sizes=\"auto, (max-width: 560px) 100vw, 560px\" \/><\/figure><\/div>\n\n\n  <div class=\"bloque_valores_nutricionales\">\n    <div class=\"titleContacto\">\n      Informaci\u00f3n Nutricional    <\/div>\n    <div class='valores'>        <div class=\"fila\">\n          <div class=\"dato\">\n            Valores          <\/div>\n          <div class=\"cantidad\">\n            100 g          <\/div>\n        <\/div>\n            <div class=\"fila\">\n          <div class=\"dato\">\n            Valor energ\u00e9tico\t          <\/div>\n          <div class=\"cantidad\">\n            1903 kJ \/ 452 kcal          <\/div>\n        <\/div>\n            <div class=\"fila\">\n          <div class=\"dato\">\n            Grasas totales\t          <\/div>\n          <div class=\"cantidad\">\n            16 g          <\/div>\n        <\/div>\n            <div class=\"fila\">\n          <div class=\"dato\">\n            de las cuales: saturadas\t          <\/div>\n          <div class=\"cantidad\">\n            2 g          <\/div>\n        <\/div>\n            <div class=\"fila\">\n          <div class=\"dato\">\n            Hidratos de Carbono          <\/div>\n          <div class=\"cantidad\">\n            62 g          <\/div>\n        <\/div>\n            <div class=\"fila\">\n          <div class=\"dato\">\n            de los cuales: az\u00facares          <\/div>\n          <div class=\"cantidad\">\n            2 g          <\/div>\n        <\/div>\n            <div class=\"fila\">\n          <div class=\"dato\">\n            Fibra alimentaria          <\/div>\n          <div class=\"cantidad\">\n            3 g          <\/div>\n        <\/div>\n            <div class=\"fila\">\n          <div class=\"dato\">\n            Prote\u00ednas          <\/div>\n          <div class=\"cantidad\">\n            14 g          <\/div>\n        <\/div>\n            <div class=\"fila\">\n          <div class=\"dato\">\n            Sal          <\/div>\n          <div class=\"cantidad\">\n            0,5 g          <\/div>\n        <\/div>\n    <\/div>  <\/div>\n  \n\n  <div id=\"certificaciones-slider\" class=\"splide\">\n    <div class=\"splide__track\">\n      <ul class=\"splide__list\">          <div class=\"splide__slide\">\n            <div class=\"content\">\n              <img decoding=\"async\" class=\"foto\" src=\"https:\/\/laabuelacarmen.com\/wp-content\/uploads\/2022\/03\/Sin-titulo-7.png\" title=\"Sin-t\u00edtulo-7\" alt=\"\" \/>\n            <\/div>\n          <\/div>\n                <div class=\"splide__slide\">\n            <div class=\"content\">\n              <img decoding=\"async\" class=\"foto\" src=\"https:\/\/laabuelacarmen.com\/wp-content\/uploads\/2022\/03\/Sin-titulo-6.png\" title=\"Sin-t\u00edtulo-6\" alt=\"\" \/>\n            <\/div>\n          <\/div>\n                <div class=\"splide__slide\">\n            <div class=\"content\">\n              <img decoding=\"async\" class=\"foto\" src=\"https:\/\/laabuelacarmen.com\/wp-content\/uploads\/2022\/03\/Sin-titulo-5.png\" title=\"Sin-t\u00edtulo-5\" alt=\"\" \/>\n            <\/div>\n          <\/div>\n                <div class=\"splide__slide\">\n            <div class=\"content\">\n              <img decoding=\"async\" class=\"foto\" src=\"https:\/\/laabuelacarmen.com\/wp-content\/uploads\/2022\/03\/Sin-titulo-4.png\" title=\"Sin-t\u00edtulo-4\" alt=\"\" \/>\n            <\/div>\n          <\/div>\n                <div class=\"splide__slide\">\n            <div class=\"content\">\n              <img decoding=\"async\" class=\"foto\" src=\"https:\/\/laabuelacarmen.com\/wp-content\/uploads\/2022\/03\/Sin-titulo-3.png\" title=\"Sin-t\u00edtulo-3\" alt=\"\" \/>\n            <\/div>\n          <\/div>\n                <div class=\"splide__slide\">\n            <div class=\"content\">\n              <img decoding=\"async\" class=\"foto\" src=\"https:\/\/laabuelacarmen.com\/wp-content\/uploads\/2022\/03\/Sin-titulo-2.png\" title=\"Sin-t\u00edtulo-2\" alt=\"\" \/>\n            <\/div>\n          <\/div>\n                <div class=\"splide__slide\">\n            <div class=\"content\">\n              <img decoding=\"async\" class=\"foto\" src=\"https:\/\/laabuelacarmen.com\/wp-content\/uploads\/2022\/03\/Sin-titulo-1.png\" title=\"Sin-t\u00edtulo-1\" alt=\"\" \/>\n            <\/div>\n          <\/div>\n      <\/ul>    <\/div>\n  <\/div>\n\n\n  <div id=\"slider_paginas\" class=\"splide\">\n          <div class=\"titleSliderPaginas\">\n        Otros Productos      <\/div>\n        <div class=\"splide__track\">\n      <ul class=\"splide__list\">\n                  <li class=\"splide__slide producto \">\n            <div class=\"content\">\n              <div class=\"imagen\">\n                <a class=\"verProducto\" href=\"https:\/\/laabuelacarmen.com\/productos\/chile-chipotle\/\">\n                  <img class='miniatura_producto' src='https:\/\/laabuelacarmen.com\/wp-content\/uploads\/2022\/07\/Chile-Chipotle-1-300x188.jpg' width='300px' height='300px'>\n                <\/a>\n              <\/div>\n              <div class=\"tituloMiniatura\">\n                <a href=\"https:\/\/laabuelacarmen.com\/productos\/chile-chipotle\/\">\n                  Chile Chipotle                <\/a>\n              <\/div>\n            <\/div>\n          <\/li>\n                  <li class=\"splide__slide producto \">\n            <div class=\"content\">\n              <div class=\"imagen\">\n                <a class=\"verProducto\" href=\"https:\/\/laabuelacarmen.com\/productos\/cebolla-negra\/\">\n                  <img class='miniatura_producto' src='https:\/\/laabuelacarmen.com\/wp-content\/uploads\/2023\/05\/fotor_2023-5-30_8_39_6-300x267.jpg' width='300px' height='300px'>\n                <\/a>\n              <\/div>\n              <div class=\"tituloMiniatura\">\n                <a href=\"https:\/\/laabuelacarmen.com\/productos\/cebolla-negra\/\">\n                  Cebolla Negra                <\/a>\n              <\/div>\n            <\/div>\n          <\/li>\n                  <li class=\"splide__slide producto \">\n            <div class=\"content\">\n              <div class=\"imagen\">\n                <a class=\"verProducto\" href=\"https:\/\/laabuelacarmen.com\/productos\/limon-negro\/\">\n                  <img class='miniatura_producto' src='https:\/\/laabuelacarmen.com\/wp-content\/uploads\/2022\/07\/Limon-negro-300x188.jpg' width='300px' height='300px'>\n                <\/a>\n              <\/div>\n              <div class=\"tituloMiniatura\">\n                <a href=\"https:\/\/laabuelacarmen.com\/productos\/limon-negro\/\">\n                  Lim\u00f3n Negro                <\/a>\n              <\/div>\n            <\/div>\n          <\/li>\n              <\/ul>\n    <\/div>\n  <\/div>\n","protected":false},"excerpt":{"rendered":"<p>Gebratener Knoblauch Wir sind der f\u00fchrende Knoblauchgro\u00dfh\u00e4ndler in Spanien und verf\u00fcgen \u00fcber mehr als 40 Jahre Erfahrung in diesem Sektor und bieten den besten gebratenen Knoblauch auf dem Markt. Wir sch\u00e4len und braten den frischen Knoblauch aus unserer Produktion in hochwertigem nativem Oliven\u00f6l extra, um einen schmackhaften gebratenen Knoblauch mit knuspriger Textur zu erhalten, der [&hellip;]<\/p>\n","protected":false},"author":1,"featured_media":23879,"parent":24601,"menu_order":0,"comment_status":"closed","ping_status":"closed","template":"","meta":{"inline_featured_image":false,"footnotes":""},"class_list":["post-24614","page","type-page","status-publish","has-post-thumbnail","hentry"],"acf":[],"_links":{"self":[{"href":"https:\/\/laabuelacarmen.com\/de\/wp-json\/wp\/v2\/pages\/24614","targetHints":{"allow":["GET"]}}],"collection":[{"href":"https:\/\/laabuelacarmen.com\/de\/wp-json\/wp\/v2\/pages"}],"about":[{"href":"https:\/\/laabuelacarmen.com\/de\/wp-json\/wp\/v2\/types\/page"}],"author":[{"embeddable":true,"href":"https:\/\/laabuelacarmen.com\/de\/wp-json\/wp\/v2\/users\/1"}],"replies":[{"embeddable":true,"href":"https:\/\/laabuelacarmen.com\/de\/wp-json\/wp\/v2\/comments?post=24614"}],"version-history":[{"count":1,"href":"https:\/\/laabuelacarmen.com\/de\/wp-json\/wp\/v2\/pages\/24614\/revisions"}],"predecessor-version":[{"id":24617,"href":"https:\/\/laabuelacarmen.com\/de\/wp-json\/wp\/v2\/pages\/24614\/revisions\/24617"}],"up":[{"embeddable":true,"href":"https:\/\/laabuelacarmen.com\/de\/wp-json\/wp\/v2\/pages\/24601"}],"wp:featuredmedia":[{"embeddable":true,"href":"https:\/\/laabuelacarmen.com\/de\/wp-json\/wp\/v2\/media\/23879"}],"wp:attachment":[{"href":"https:\/\/laabuelacarmen.com\/de\/wp-json\/wp\/v2\/media?parent=24614"}],"curies":[{"name":"wp","href":"https:\/\/api.w.org\/{rel}","templated":true}]}}