{"id":24608,"date":"2022-03-13T10:11:00","date_gmt":"2022-03-13T09:11:00","guid":{"rendered":"https:\/\/laabuelacarmen.com\/productos\/ajo-ecologico\/"},"modified":"2025-10-21T10:12:04","modified_gmt":"2025-10-21T09:12:04","slug":"bio-knoblauch","status":"publish","type":"page","link":"https:\/\/laabuelacarmen.com\/de\/produkte\/bio-knoblauch\/","title":{"rendered":"Bio-Knoblauch"},"content":{"rendered":"\n<div class=\"wp-block-media-text alignfull has-media-on-the-right is-stacked-on-mobile is-vertically-aligned-center is-style-default\" style=\"grid-template-columns:auto 75%\"><div class=\"wp-block-media-text__content\">\n<h1 class=\"wp-block-heading has-text-color\" id=\"orilla-con-mar-azul-1\" style=\"color:#000000\">Bio-Knoblauchproduzent<\/h1>\n\n\n\n<p>Die Produktionslinie f\u00fcr Bio-Knoblauch von La Abuela Carmen setzt Ma\u00dfst\u00e4be unter den Bio-Knoblauchunternehmen.<\/p>\n\n\n\n<p>Schon vor \u00fcber 40 Jahren haben wir erkannt, dass frischer Knoblauch ein Produkt ist, das f\u00fcr viel mehr verwendet werden kann. Dank unserer langj\u00e4hrigen Erfahrung mit dem Anbau und der Ernte dieses Saatguts kennen wir seine gesundheitlichen und ern\u00e4hrungsphysiologischen Eigenschaften sehr genau.<\/p>\n\n\n\n<p>Deshalb und um die besten Garantien bieten zu k\u00f6nnen, engagieren wir uns seit 1999 f\u00fcr den \u00f6kologischen Landbau und haben die Zertifizierung des andalusischen Ausschusses f\u00fcr \u00f6kologischen Landbau (CAAE) erhalten. Dieser Wendepunkt er\u00f6ffnete neue Horizonte und vervollst\u00e4ndigte das vom Verbraucher ben\u00f6tigte Angebot an Naturprodukten ohne Zusatz- und Konservierungsstoffe.<\/p>\n\n\n\n<p>Seitdem sind wir der weltweit f\u00fchrende Exporteur von Bio-Knoblauch&nbsp;\u2013 sowohl f\u00fcr unsere Art des Bio-Anbaus als auch f\u00fcr unsere eigene Bio-Produktionslinie, La Abuela Carmen Bio.<\/p>\n\n\n\n<p><a href=\"https:\/\/laabuelacarmen.com\/de\/kontakt\/\" data-type=\"page\" data-id=\"362\">Angebot anfordern<br><\/a><\/p>\n<\/div><figure class=\"wp-block-media-text__media\"><img loading=\"lazy\" decoding=\"async\" width=\"1024\" height=\"683\" src=\"https:\/\/laabuelacarmen.com\/wp-content\/uploads\/2022\/07\/Ajo-ecologico-1024x683.jpg\" alt=\"\" class=\"wp-image-10215 size-full\" srcset=\"https:\/\/laabuelacarmen.com\/wp-content\/uploads\/2022\/07\/Ajo-ecologico-1024x683.jpg 1024w, https:\/\/laabuelacarmen.com\/wp-content\/uploads\/2022\/07\/Ajo-ecologico-300x200.jpg 300w, https:\/\/laabuelacarmen.com\/wp-content\/uploads\/2022\/07\/Ajo-ecologico-768x512.jpg 768w, https:\/\/laabuelacarmen.com\/wp-content\/uploads\/2022\/07\/Ajo-ecologico-1536x1024.jpg 1536w, https:\/\/laabuelacarmen.com\/wp-content\/uploads\/2022\/07\/Ajo-ecologico-633x422.jpg 633w, https:\/\/laabuelacarmen.com\/wp-content\/uploads\/2022\/07\/Ajo-ecologico-1000x667.jpg 1000w, https:\/\/laabuelacarmen.com\/wp-content\/uploads\/2022\/07\/Ajo-ecologico.jpg 1680w\" sizes=\"auto, (max-width: 1024px) 100vw, 1024px\" \/><\/figure><\/div>\n\n\n\n<h2 class=\"wp-block-heading\"><strong>Wir sind weltweiter Gro\u00dfhandels produzent von Bio-Knoblauch<\/strong><\/h2>\n\n\n\n<p>La Abuela Carmen Bio ist die vollst\u00e4ndigste Premium-Linie unter den&nbsp;<strong>Bio-Knoblauchproduzenten<\/strong>. Hier finden Sie frische Knoblauchzwiebeln, ger\u00e4ucherte Knoblauchzwiebeln, schwarzen Knoblauch, gesch\u00e4lte Knoblauchzehen, Knoblauchkonserven, gebratenen Knoblauch, Knoblauchpaste, dehydrierten Knoblauch, gehackten oder geschnittenen Knoblauch. Die verschiedenen Formate sind im Online-Shop von La Abuela Carmen erh\u00e4ltlich und werden aus eigenem, <strong>frisch geerntetem Bio-Knoblauch<\/strong> hergestellt.<\/p>\n\n\n\n<p>Unser Knoblauch ist nicht nur wegen seiner Eigenschaften sehr gefragt, sondern auch wegen seiner einfachen, spezifischen Verwendbarkeit f\u00fcr jede Gelegenheit. Er hat sich zu einer Hauptzutat entwickelt, die in keiner K\u00fcche fehlen darf.<\/p>\n\n\n\n<p>Wir empfehlen ger\u00e4ucherten Knoblauch in Aioli oder Aufstrichen sowie Knoblauchpaste, die Sie auch als Dressing in Ihren Gerichten und Saucen verwenden k\u00f6nnen, um sie cremig zu machen. Dieses Format eignet sich auch ideal zum W\u00fcrzen in der Fleisch- und Konservenindustrie, im Catering und im Gastgewerbe. Weitere Verwendungszwecke f\u00fcr <strong>gebratenen<\/strong>, in Scheiben geschnittenen und gehackten <strong>Bio-Knoblauch<\/strong> sind Salate, Cremes, Suppen oder die Garnierung von Beilagen, Tapas und Kebabs.<\/p>\n\n\n\n<p>Wenn Sie auf der Suche nach einem <strong>Gro\u00dfh\u00e4ndler f\u00fcr Bio-Knoblauch<\/strong> sind, der Ihnen die beste Vielfalt, Qualit\u00e4t und Bio-Garantie garantiert, dann ist La Abuela Carmen die Antwort.<\/p>\n\n\n  <div id=\"certificaciones-slider\" class=\"splide\">\n    <div class=\"splide__track\">\n      <ul class=\"splide__list\">          <div class=\"splide__slide\">\n            <div class=\"content\">\n              <img decoding=\"async\" class=\"foto\" src=\"https:\/\/laabuelacarmen.com\/wp-content\/uploads\/2022\/03\/Sin-titulo-7.png\" title=\"Sin-t\u00edtulo-7\" alt=\"\" \/>\n            <\/div>\n          <\/div>\n                <div class=\"splide__slide\">\n            <div class=\"content\">\n              <img decoding=\"async\" class=\"foto\" src=\"https:\/\/laabuelacarmen.com\/wp-content\/uploads\/2022\/03\/Sin-titulo-6.png\" title=\"Sin-t\u00edtulo-6\" alt=\"\" \/>\n            <\/div>\n          <\/div>\n                <div class=\"splide__slide\">\n            <div class=\"content\">\n              <img decoding=\"async\" class=\"foto\" src=\"https:\/\/laabuelacarmen.com\/wp-content\/uploads\/2022\/03\/Sin-titulo-5.png\" title=\"Sin-t\u00edtulo-5\" alt=\"\" \/>\n            <\/div>\n          <\/div>\n                <div class=\"splide__slide\">\n            <div class=\"content\">\n              <img decoding=\"async\" class=\"foto\" src=\"https:\/\/laabuelacarmen.com\/wp-content\/uploads\/2022\/03\/Sin-titulo-4.png\" title=\"Sin-t\u00edtulo-4\" alt=\"\" \/>\n            <\/div>\n          <\/div>\n                <div class=\"splide__slide\">\n            <div class=\"content\">\n              <img decoding=\"async\" class=\"foto\" src=\"https:\/\/laabuelacarmen.com\/wp-content\/uploads\/2022\/03\/Sin-titulo-3.png\" title=\"Sin-t\u00edtulo-3\" alt=\"\" \/>\n            <\/div>\n          <\/div>\n                <div class=\"splide__slide\">\n            <div class=\"content\">\n              <img decoding=\"async\" class=\"foto\" src=\"https:\/\/laabuelacarmen.com\/wp-content\/uploads\/2022\/03\/Sin-titulo-1.png\" title=\"Sin-t\u00edtulo-1\" alt=\"\" \/>\n            <\/div>\n          <\/div>\n                <div class=\"splide__slide\">\n            <div class=\"content\">\n              <img decoding=\"async\" class=\"foto\" src=\"https:\/\/laabuelacarmen.com\/wp-content\/uploads\/2022\/03\/Sin-titulo-2.png\" title=\"Sin-t\u00edtulo-2\" alt=\"\" \/>\n            <\/div>\n          <\/div>\n      <\/ul>    <\/div>\n  <\/div>\n\n\n  <div id=\"slider_paginas\" class=\"splide\">\n          <div class=\"titleSliderPaginas\">\n        Andere Produkte      <\/div>\n        <div class=\"splide__track\">\n      <ul class=\"splide__list\">\n                  <li class=\"splide__slide producto \">\n            <div class=\"content\">\n              <div class=\"imagen\">\n                <a class=\"verProducto\" href=\"https:\/\/laabuelacarmen.com\/de\/produkte\/knoblauchpaste-und-gehackter-knoblauch\/\">\n                  <img class='miniatura_producto' src='https:\/\/laabuelacarmen.com\/wp-content\/uploads\/2022\/07\/Pasta-de-ajo-1-300x188.jpg' width='300px' height='300px'>\n                <\/a>\n              <\/div>\n              <div class=\"tituloMiniatura\">\n                <a href=\"https:\/\/laabuelacarmen.com\/de\/produkte\/knoblauchpaste-und-gehackter-knoblauch\/\">\n                  Knoblauchpaste und gehackter Knoblauch                <\/a>\n              <\/div>\n            <\/div>\n          <\/li>\n                  <li class=\"splide__slide producto \">\n            <div class=\"content\">\n              <div class=\"imagen\">\n                <a class=\"verProducto\" href=\"https:\/\/laabuelacarmen.com\/de\/produkte\/kapseln-mit-schwarzem-knoblauch-nigrum\/\">\n                  <img class='miniatura_producto' src='https:\/\/laabuelacarmen.com\/wp-content\/uploads\/2022\/07\/Nigrum-300x188.jpg' width='300px' height='300px'>\n                <\/a>\n              <\/div>\n              <div class=\"tituloMiniatura\">\n                <a href=\"https:\/\/laabuelacarmen.com\/de\/produkte\/kapseln-mit-schwarzem-knoblauch-nigrum\/\">\n                  Kapseln mit schwarzem Knoblauch Nigrum                <\/a>\n              <\/div>\n            <\/div>\n          <\/li>\n                  <li class=\"splide__slide producto \">\n            <div class=\"content\">\n              <div class=\"imagen\">\n                <a class=\"verProducto\" href=\"https:\/\/laabuelacarmen.com\/de\/produkte\/schwarzer-knoblauch\/\">\n                  <img class='miniatura_producto' src='https:\/\/laabuelacarmen.com\/wp-content\/uploads\/2022\/07\/Ajo-negro-300x188.jpg' width='300px' height='300px'>\n                <\/a>\n              <\/div>\n              <div class=\"tituloMiniatura\">\n                <a href=\"https:\/\/laabuelacarmen.com\/de\/produkte\/schwarzer-knoblauch\/\">\n                  Schwarzer Knoblauch                <\/a>\n              <\/div>\n            <\/div>\n          <\/li>\n              <\/ul>\n    <\/div>\n  <\/div>\n\n\n<div class='bloque_entradas_relacionadas'><div class=\"titulo_fila\"><span class=\"titulo_bloque\"><\/span><\/div><\/div>","protected":false},"excerpt":{"rendered":"<p>Bio-Knoblauchproduzent Die Produktionslinie f\u00fcr Bio-Knoblauch von La Abuela Carmen setzt Ma\u00dfst\u00e4be unter den Bio-Knoblauchunternehmen. Schon vor \u00fcber 40 Jahren haben wir erkannt, dass frischer Knoblauch ein Produkt ist, das f\u00fcr viel mehr verwendet werden kann. Dank unserer langj\u00e4hrigen Erfahrung mit dem Anbau und der Ernte dieses Saatguts kennen wir seine gesundheitlichen und ern\u00e4hrungsphysiologischen Eigenschaften sehr [&hellip;]<\/p>\n","protected":false},"author":1,"featured_media":23877,"parent":24601,"menu_order":0,"comment_status":"closed","ping_status":"closed","template":"","meta":{"inline_featured_image":false,"footnotes":""},"class_list":["post-24608","page","type-page","status-publish","has-post-thumbnail","hentry"],"acf":[],"_links":{"self":[{"href":"https:\/\/laabuelacarmen.com\/de\/wp-json\/wp\/v2\/pages\/24608","targetHints":{"allow":["GET"]}}],"collection":[{"href":"https:\/\/laabuelacarmen.com\/de\/wp-json\/wp\/v2\/pages"}],"about":[{"href":"https:\/\/laabuelacarmen.com\/de\/wp-json\/wp\/v2\/types\/page"}],"author":[{"embeddable":true,"href":"https:\/\/laabuelacarmen.com\/de\/wp-json\/wp\/v2\/users\/1"}],"replies":[{"embeddable":true,"href":"https:\/\/laabuelacarmen.com\/de\/wp-json\/wp\/v2\/comments?post=24608"}],"version-history":[{"count":7,"href":"https:\/\/laabuelacarmen.com\/de\/wp-json\/wp\/v2\/pages\/24608\/revisions"}],"predecessor-version":[{"id":62134,"href":"https:\/\/laabuelacarmen.com\/de\/wp-json\/wp\/v2\/pages\/24608\/revisions\/62134"}],"up":[{"embeddable":true,"href":"https:\/\/laabuelacarmen.com\/de\/wp-json\/wp\/v2\/pages\/24601"}],"wp:featuredmedia":[{"embeddable":true,"href":"https:\/\/laabuelacarmen.com\/de\/wp-json\/wp\/v2\/media\/23877"}],"wp:attachment":[{"href":"https:\/\/laabuelacarmen.com\/de\/wp-json\/wp\/v2\/media?parent=24608"}],"curies":[{"name":"wp","href":"https:\/\/api.w.org\/{rel}","templated":true}]}}