{"id":24604,"date":"2022-07-19T07:15:22","date_gmt":"2022-07-19T06:15:22","guid":{"rendered":"https:\/\/laabuelacarmen.com\/productos\/capsulas-ajo-negro\/"},"modified":"2024-10-29T14:39:08","modified_gmt":"2024-10-29T13:39:08","slug":"kapseln-mit-schwarzem-knoblauch-nigrum","status":"publish","type":"page","link":"https:\/\/laabuelacarmen.com\/de\/produkte\/kapseln-mit-schwarzem-knoblauch-nigrum\/","title":{"rendered":"Kapseln mit schwarzem Knoblauch Nigrum"},"content":{"rendered":"\n<div class=\"wp-block-media-text alignfull has-media-on-the-right is-stacked-on-mobile is-style-default has-black-color has-text-color\" style=\"grid-template-columns:auto 75%\"><div class=\"wp-block-media-text__content\">\n<h1 class=\"wp-block-heading\">Kapseln mit schwarzem Knoblauch Nigrum<\/h1>\n\n\n\n<p>Seit mehr als 40 Jahren sind wir das <strong>f\u00fchrende Unternehmen im Bereich des schwarzen Knoblauch<\/strong>s und der f\u00fchrende Hersteller dieses Lebensmittels in ganz Europa. Aufgrund unserer langj\u00e4hrigen Erfahrung in der Herstellung von schwarzem Knoblauch sind wir uns der gesundheitlichen Eigenschaften dieses Produkts bewusst, was sich in unseren ber\u00fchmten <strong>Kapseln mit schwarzem Knoblauch<\/strong> widerspiegelt.<\/p>\n\n\n\n<p>Im Gegensatz zu anderen vergleichbaren Produkten liegt der gro\u00dfe Vorteil unserer Kapseln in ihrer <strong>Zusammensetzung aus 100&nbsp;% reinem schwarzem Knoblauch<\/strong> mit einer hohen antioxidativen Kraft, die sie zu einem idealen Nahrungserg\u00e4nzungsmittel macht.<\/p>\n\n\n\n<p>Bei La Abuela Carmen liegt es uns am Herzen, Ihnen ein <strong>hochwertiges Produkt<\/strong> anzubieten. Deshalb sind alle N\u00e4hrstoffe auf nat\u00fcrliche Weise darin enthalten. Dar\u00fcber hinaus sind unsere Kapseln f\u00fcr Veganer geeignet und enthalten keinerlei Allergene.<\/p>\n\n\n\n<p>Warum Nigrum?<\/p>\n\n\n\n<ul class=\"wp-block-list\">\n<li>Eigener Anbau in Andalusien.<\/li>\n\n\n\n<li>Eigener Reifeprozess in unserem Familienbetrieb.<\/li>\n\n\n\n<li>Ganz nat\u00fcrlich. Keine Zusatzstoffe.<\/li>\n\n\n\n<li>Allergenfrei<\/li>\n\n\n\n<li>Vegan, gentechnikfrei. Nicht bestrahlt<\/li>\n<\/ul>\n\n\n\n<p><a href=\"https:\/\/laabuelacarmen.com\/de\/kontakt\/\">angebot anfordern<\/a><br><\/p>\n<\/div><figure class=\"wp-block-media-text__media\"><img loading=\"lazy\" decoding=\"async\" width=\"1024\" height=\"683\" src=\"https:\/\/laabuelacarmen.com\/wp-content\/uploads\/2023\/08\/capsulas-ajo-negro-1024x683.jpg\" alt=\"\" class=\"wp-image-16588 size-full\" srcset=\"https:\/\/laabuelacarmen.com\/wp-content\/uploads\/2023\/08\/capsulas-ajo-negro-1024x683.jpg 1024w, https:\/\/laabuelacarmen.com\/wp-content\/uploads\/2023\/08\/capsulas-ajo-negro-300x200.jpg 300w, https:\/\/laabuelacarmen.com\/wp-content\/uploads\/2023\/08\/capsulas-ajo-negro-768x512.jpg 768w, https:\/\/laabuelacarmen.com\/wp-content\/uploads\/2023\/08\/capsulas-ajo-negro-1536x1024.jpg 1536w, https:\/\/laabuelacarmen.com\/wp-content\/uploads\/2023\/08\/capsulas-ajo-negro-2048x1365.jpg 2048w, https:\/\/laabuelacarmen.com\/wp-content\/uploads\/2023\/08\/capsulas-ajo-negro-633x422.jpg 633w, https:\/\/laabuelacarmen.com\/wp-content\/uploads\/2023\/08\/capsulas-ajo-negro-1000x667.jpg 1000w\" sizes=\"auto, (max-width: 1024px) 100vw, 1024px\" \/><\/figure><\/div>\n\n\n  <div class=\"bloque_valores_nutricionales\">\n    <div class=\"titleContacto\">\n      Valores Nutricionales    <\/div>\n    <div class='valores'>        <div class=\"fila\">\n          <div class=\"dato\">\n            Informaci\u00f3n nutricional          <\/div>\n          <div class=\"cantidad\">\n            Por 1 c\u00e1psula          <\/div>\n        <\/div>\n            <div class=\"fila\">\n          <div class=\"dato\">\n            Ajo negro          <\/div>\n          <div class=\"cantidad\">\n            859 mg          <\/div>\n        <\/div>\n            <div class=\"fila\">\n          <div class=\"dato\">\n            S-alil-ciste\u00edna (SAC)          <\/div>\n          <div class=\"cantidad\">\n            1,03 mg          <\/div>\n        <\/div>\n            <div class=\"fila\">\n          <div class=\"dato\">\n            Vitamina B12          <\/div>\n          <div class=\"cantidad\">\n            0,076 \u00b5g (3% VRN)          <\/div>\n        <\/div>\n    <\/div>  <\/div>\n  \n\n  <div id=\"certificaciones-slider\" class=\"splide\">\n    <div class=\"splide__track\">\n      <ul class=\"splide__list\">          <div class=\"splide__slide\">\n            <div class=\"content\">\n              <img decoding=\"async\" class=\"foto\" src=\"https:\/\/laabuelacarmen.com\/wp-content\/uploads\/2022\/03\/Sin-titulo-7.png\" title=\"Sin-t\u00edtulo-7\" alt=\"\" \/>\n            <\/div>\n          <\/div>\n                <div class=\"splide__slide\">\n            <div class=\"content\">\n              <img decoding=\"async\" class=\"foto\" src=\"https:\/\/laabuelacarmen.com\/wp-content\/uploads\/2022\/03\/Sin-titulo-6.png\" title=\"Sin-t\u00edtulo-6\" alt=\"\" \/>\n            <\/div>\n          <\/div>\n                <div class=\"splide__slide\">\n            <div class=\"content\">\n              <img decoding=\"async\" class=\"foto\" src=\"https:\/\/laabuelacarmen.com\/wp-content\/uploads\/2022\/03\/Sin-titulo-5.png\" title=\"Sin-t\u00edtulo-5\" alt=\"\" \/>\n            <\/div>\n          <\/div>\n                <div class=\"splide__slide\">\n            <div class=\"content\">\n              <img decoding=\"async\" class=\"foto\" src=\"https:\/\/laabuelacarmen.com\/wp-content\/uploads\/2022\/03\/Sin-titulo-4.png\" title=\"Sin-t\u00edtulo-4\" alt=\"\" \/>\n            <\/div>\n          <\/div>\n                <div class=\"splide__slide\">\n            <div class=\"content\">\n              <img decoding=\"async\" class=\"foto\" src=\"https:\/\/laabuelacarmen.com\/wp-content\/uploads\/2022\/03\/Sin-titulo-3.png\" title=\"Sin-t\u00edtulo-3\" alt=\"\" \/>\n            <\/div>\n          <\/div>\n                <div class=\"splide__slide\">\n            <div class=\"content\">\n              <img decoding=\"async\" class=\"foto\" src=\"https:\/\/laabuelacarmen.com\/wp-content\/uploads\/2022\/03\/Sin-titulo-2.png\" title=\"Sin-t\u00edtulo-2\" alt=\"\" \/>\n            <\/div>\n          <\/div>\n                <div class=\"splide__slide\">\n            <div class=\"content\">\n              <img decoding=\"async\" class=\"foto\" src=\"https:\/\/laabuelacarmen.com\/wp-content\/uploads\/2022\/03\/Sin-titulo-1.png\" title=\"Sin-t\u00edtulo-1\" alt=\"\" \/>\n            <\/div>\n          <\/div>\n      <\/ul>    <\/div>\n  <\/div>\n\n\n  <div id=\"slider_paginas\" class=\"splide\">\n          <div class=\"titleSliderPaginas\">\n        Andere Produkte      <\/div>\n        <div class=\"splide__track\">\n      <ul class=\"splide__list\">\n                  <li class=\"splide__slide producto \">\n            <div class=\"content\">\n              <div class=\"imagen\">\n                <a class=\"verProducto\" href=\"https:\/\/laabuelacarmen.com\/de\/produkte\/schwarzer-knoblauch\/\">\n                  <img class='miniatura_producto' src='https:\/\/laabuelacarmen.com\/wp-content\/uploads\/2022\/07\/Ajo-negro-300x188.jpg' width='300px' height='300px'>\n                <\/a>\n              <\/div>\n              <div class=\"tituloMiniatura\">\n                <a href=\"https:\/\/laabuelacarmen.com\/de\/produkte\/schwarzer-knoblauch\/\">\n                  Schwarzer Knoblauch                <\/a>\n              <\/div>\n            <\/div>\n          <\/li>\n                  <li class=\"splide__slide producto \">\n            <div class=\"content\">\n              <div class=\"imagen\">\n                <a class=\"verProducto\" href=\"https:\/\/laabuelacarmen.com\/de\/produkte\/bio-knoblauch\/\">\n                  <img class='miniatura_producto' src='https:\/\/laabuelacarmen.com\/wp-content\/uploads\/2022\/07\/Ajo-ecologico-1-300x188.jpg' width='300px' height='300px'>\n                <\/a>\n              <\/div>\n              <div class=\"tituloMiniatura\">\n                <a href=\"https:\/\/laabuelacarmen.com\/de\/produkte\/bio-knoblauch\/\">\n                  Bio-Knoblauch                <\/a>\n              <\/div>\n            <\/div>\n          <\/li>\n                  <li class=\"splide__slide producto \">\n            <div class=\"content\">\n              <div class=\"imagen\">\n                <a class=\"verProducto\" href=\"https:\/\/laabuelacarmen.com\/de\/produkte\/schwarze-mandarine\/\">\n                  <img class='miniatura_producto' src='https:\/\/laabuelacarmen.com\/wp-content\/uploads\/2022\/07\/Mandarina-Negra-3-300x188.jpg' width='300px' height='300px'>\n                <\/a>\n              <\/div>\n              <div class=\"tituloMiniatura\">\n                <a href=\"https:\/\/laabuelacarmen.com\/de\/produkte\/schwarze-mandarine\/\">\n                  Schwarze Mandarine                <\/a>\n              <\/div>\n            <\/div>\n          <\/li>\n              <\/ul>\n    <\/div>\n  <\/div>\n","protected":false},"excerpt":{"rendered":"","protected":false},"author":1,"featured_media":23889,"parent":24601,"menu_order":0,"comment_status":"closed","ping_status":"closed","template":"","meta":{"inline_featured_image":false,"footnotes":""},"class_list":["post-24604","page","type-page","status-publish","has-post-thumbnail","hentry"],"acf":[],"_links":{"self":[{"href":"https:\/\/laabuelacarmen.com\/de\/wp-json\/wp\/v2\/pages\/24604","targetHints":{"allow":["GET"]}}],"collection":[{"href":"https:\/\/laabuelacarmen.com\/de\/wp-json\/wp\/v2\/pages"}],"about":[{"href":"https:\/\/laabuelacarmen.com\/de\/wp-json\/wp\/v2\/types\/page"}],"author":[{"embeddable":true,"href":"https:\/\/laabuelacarmen.com\/de\/wp-json\/wp\/v2\/users\/1"}],"replies":[{"embeddable":true,"href":"https:\/\/laabuelacarmen.com\/de\/wp-json\/wp\/v2\/comments?post=24604"}],"version-history":[{"count":6,"href":"https:\/\/laabuelacarmen.com\/de\/wp-json\/wp\/v2\/pages\/24604\/revisions"}],"predecessor-version":[{"id":24898,"href":"https:\/\/laabuelacarmen.com\/de\/wp-json\/wp\/v2\/pages\/24604\/revisions\/24898"}],"up":[{"embeddable":true,"href":"https:\/\/laabuelacarmen.com\/de\/wp-json\/wp\/v2\/pages\/24601"}],"wp:featuredmedia":[{"embeddable":true,"href":"https:\/\/laabuelacarmen.com\/de\/wp-json\/wp\/v2\/media\/23889"}],"wp:attachment":[{"href":"https:\/\/laabuelacarmen.com\/de\/wp-json\/wp\/v2\/media?parent=24604"}],"curies":[{"name":"wp","href":"https:\/\/api.w.org\/{rel}","templated":true}]}}