{"id":24582,"date":"2022-03-13T10:28:14","date_gmt":"2022-03-13T09:28:14","guid":{"rendered":"https:\/\/laabuelacarmen.com\/ajo-fresco\/"},"modified":"2025-02-25T11:32:13","modified_gmt":"2025-02-25T10:32:13","slug":"frischer-knoblauch","status":"publish","type":"page","link":"https:\/\/laabuelacarmen.com\/de\/produkte\/frischer-knoblauch\/","title":{"rendered":"Frischer Knoblauch"},"content":{"rendered":"\n<div class=\"wp-block-media-text alignfull has-media-on-the-right is-stacked-on-mobile is-vertically-aligned-center is-style-default\" style=\"grid-template-columns:auto 75%\"><div class=\"wp-block-media-text__content\">\n<h1 class=\"wp-block-heading has-text-color\" id=\"orilla-con-mar-azul-1\" style=\"color:#000000\">Frischer Knoblauchlieferant<\/h1>\n\n\n\n<p>Bei La Abuela Carmen bauen wir eine gro\u00dfe Vielfalt an <strong>frischem Knoblauch<\/strong> von h\u00f6chster Qualit\u00e4t an.<\/p>\n\n\n\n<p>Er ist eine unverzichtbare Zutat in der mediterranen Ern\u00e4hrung und ein Muss in Ihrer K\u00fcche, sowohl wegen seiner <strong>geschmacklichen Eigenschaften<\/strong> als auch wegen seiner gro\u00dfen gesundheitlichen Vorz\u00fcge. Besonders hervorzuheben sind seine harntreibenden, cholesterin- und lipidregulierenden, antibakteriellen, antiseptischen und pilzt\u00f6tenden Eigenschaften. <strong>Frischer Knoblauch<\/strong> wird daher seit Jahrhunderten zur Behandlung einer Vielzahl von Krankheiten eingesetzt.<\/p>\n\n\n\n<p>Auf den <strong>eigenen Feldern<\/strong> von La Abuela Carmen gibt es mehrere frische Knoblauchsorten. Au\u00dferdem bauen wir eine breite Palette an <strong>frischem Bio-Knoblauch<\/strong> an, um sicherzustellen, dass die Umwelt stets gesch\u00fctzt ist. Bei uns finden Sie wei\u00dfen Knoblauch aus Kalifornien, violetten Knoblauch, fr\u00fchen violetten Knoblauch und fr\u00fchen wei\u00dfen Knoblauch.<\/p>\n\n\n\n<p>Sie k\u00f6nnen ihn roh und auf n\u00fcchternen Magen essen, um seine unz\u00e4hligen Eigenschaften zu erhalten, oder ihn kochen, um Ihren Gerichten eine besondere Note zu verleihen. F\u00fcr unsere <strong>Knoblauchprodukte<\/strong> und -konserven verwenden wir au\u00dferdem frischen Knoblauch bester Qualit\u00e4t aus eigenem Anbau, damit Sie seinen einzigartigen Geschmack und seine gesundheitsf\u00f6rdernde Wirkung genie\u00dfen k\u00f6nnen.<\/p>\n\n\n\n<p><a href=\"https:\/\/laabuelacarmen.com\/de\/kontakt\/\" data-type=\"page\" data-id=\"362\">angebot anfordern<\/a> <\/p>\n<\/div><figure class=\"wp-block-media-text__media\"><img loading=\"lazy\" decoding=\"async\" width=\"1000\" height=\"617\" src=\"https:\/\/laabuelacarmen.com\/wp-content\/uploads\/2022\/03\/Ajo-Picado-III.jpg\" alt=\"\" class=\"wp-image-609 size-full\" srcset=\"https:\/\/laabuelacarmen.com\/wp-content\/uploads\/2022\/03\/Ajo-Picado-III.jpg 1000w, https:\/\/laabuelacarmen.com\/wp-content\/uploads\/2022\/03\/Ajo-Picado-III-633x391.jpg 633w, https:\/\/laabuelacarmen.com\/wp-content\/uploads\/2022\/03\/Ajo-Picado-III-300x185.jpg 300w, https:\/\/laabuelacarmen.com\/wp-content\/uploads\/2022\/03\/Ajo-Picado-III-768x474.jpg 768w\" sizes=\"auto, (max-width: 1000px) 100vw, 1000px\" \/><\/figure><\/div>\n\n\n  <div class=\"bloque_valores_nutricionales\">\n    <div class=\"titleContacto\">\n       Informaci\u00f3n Nutricional    <\/div>\n    <div class='valores'>        <div class=\"fila\">\n          <div class=\"dato\">\n            Valores          <\/div>\n          <div class=\"cantidad\">\n            100 g          <\/div>\n        <\/div>\n            <div class=\"fila\">\n          <div class=\"dato\">\n            Valor energ\u00e9tico          <\/div>\n          <div class=\"cantidad\">\n            527 kJ \/ 124 kcal          <\/div>\n        <\/div>\n            <div class=\"fila\">\n          <div class=\"dato\">\n            Grasas totales          <\/div>\n          <div class=\"cantidad\">\n            0.2 g          <\/div>\n        <\/div>\n            <div class=\"fila\">\n          <div class=\"dato\">\n            De las cuales: saturadas          <\/div>\n          <div class=\"cantidad\">\n            0 g          <\/div>\n        <\/div>\n            <div class=\"fila\">\n          <div class=\"dato\">\n            Hidratos de Carbono          <\/div>\n          <div class=\"cantidad\">\n            26 g          <\/div>\n        <\/div>\n            <div class=\"fila\">\n          <div class=\"dato\">\n            de los cuales: az\u00facares          <\/div>\n          <div class=\"cantidad\">\n            1 g          <\/div>\n        <\/div>\n            <div class=\"fila\">\n          <div class=\"dato\">\n            Fibra alimentaria          <\/div>\n          <div class=\"cantidad\">\n            1          <\/div>\n        <\/div>\n            <div class=\"fila\">\n          <div class=\"dato\">\n            Prote\u00ednas          <\/div>\n          <div class=\"cantidad\">\n            4.5 g          <\/div>\n        <\/div>\n            <div class=\"fila\">\n          <div class=\"dato\">\n            Sal          <\/div>\n          <div class=\"cantidad\">\n            <0,2 g          <\/div>\n        <\/div>\n    <\/div>  <\/div>\n  \n\n  <div id=\"certificaciones-slider\" class=\"splide\">\n    <div class=\"splide__track\">\n      <ul class=\"splide__list\">          <div class=\"splide__slide\">\n            <div class=\"content\">\n              <img decoding=\"async\" class=\"foto\" src=\"https:\/\/laabuelacarmen.com\/wp-content\/uploads\/2022\/03\/Sin-titulo-7.png\" title=\"Sin-t\u00edtulo-7\" alt=\"\" \/>\n            <\/div>\n          <\/div>\n                <div class=\"splide__slide\">\n            <div class=\"content\">\n              <img decoding=\"async\" class=\"foto\" src=\"https:\/\/laabuelacarmen.com\/wp-content\/uploads\/2022\/03\/Sin-titulo-6.png\" title=\"Sin-t\u00edtulo-6\" alt=\"\" \/>\n            <\/div>\n          <\/div>\n                <div class=\"splide__slide\">\n            <div class=\"content\">\n              <img decoding=\"async\" class=\"foto\" src=\"https:\/\/laabuelacarmen.com\/wp-content\/uploads\/2022\/03\/Sin-titulo-5.png\" title=\"Sin-t\u00edtulo-5\" alt=\"\" \/>\n            <\/div>\n          <\/div>\n                <div class=\"splide__slide\">\n            <div class=\"content\">\n              <img decoding=\"async\" class=\"foto\" src=\"https:\/\/laabuelacarmen.com\/wp-content\/uploads\/2022\/03\/Sin-titulo-4.png\" title=\"Sin-t\u00edtulo-4\" alt=\"\" \/>\n            <\/div>\n          <\/div>\n                <div class=\"splide__slide\">\n            <div class=\"content\">\n              <img decoding=\"async\" class=\"foto\" src=\"https:\/\/laabuelacarmen.com\/wp-content\/uploads\/2022\/03\/Sin-titulo-3.png\" title=\"Sin-t\u00edtulo-3\" alt=\"\" \/>\n            <\/div>\n          <\/div>\n                <div class=\"splide__slide\">\n            <div class=\"content\">\n              <img decoding=\"async\" class=\"foto\" src=\"https:\/\/laabuelacarmen.com\/wp-content\/uploads\/2022\/03\/Sin-titulo-1.png\" title=\"Sin-t\u00edtulo-1\" alt=\"\" \/>\n            <\/div>\n          <\/div>\n                <div class=\"splide__slide\">\n            <div class=\"content\">\n              <img decoding=\"async\" class=\"foto\" src=\"https:\/\/laabuelacarmen.com\/wp-content\/uploads\/2022\/03\/Sin-titulo-2.png\" title=\"Sin-t\u00edtulo-2\" alt=\"\" \/>\n            <\/div>\n          <\/div>\n      <\/ul>    <\/div>\n  <\/div>\n\n\n  <div id=\"slider_paginas\" class=\"splide\">\n          <div class=\"titleSliderPaginas\">\n        Andere Produkte      <\/div>\n        <div class=\"splide__track\">\n      <ul class=\"splide__list\">\n                  <li class=\"splide__slide producto \">\n            <div class=\"content\">\n              <div class=\"imagen\">\n                <a class=\"verProducto\" href=\"https:\/\/laabuelacarmen.com\/de\/produkte\/schwarze-zwiebel\/\">\n                  <img class='miniatura_producto' src='https:\/\/laabuelacarmen.com\/wp-content\/uploads\/2023\/05\/fotor_2023-5-30_8_39_6-300x267.jpg' width='300px' height='300px'>\n                <\/a>\n              <\/div>\n              <div class=\"tituloMiniatura\">\n                <a href=\"https:\/\/laabuelacarmen.com\/de\/produkte\/schwarze-zwiebel\/\">\n                  Schwarze Zwiebel                <\/a>\n              <\/div>\n            <\/div>\n          <\/li>\n                  <li class=\"splide__slide producto \">\n            <div class=\"content\">\n              <div class=\"imagen\">\n                <a class=\"verProducto\" href=\"https:\/\/laabuelacarmen.com\/de\/produkte\/bio-knoblauch\/\">\n                  <img class='miniatura_producto' src='https:\/\/laabuelacarmen.com\/wp-content\/uploads\/2022\/07\/Ajo-ecologico-1-300x188.jpg' width='300px' height='300px'>\n                <\/a>\n              <\/div>\n              <div class=\"tituloMiniatura\">\n                <a href=\"https:\/\/laabuelacarmen.com\/de\/produkte\/bio-knoblauch\/\">\n                  Bio-Knoblauch                <\/a>\n              <\/div>\n            <\/div>\n          <\/li>\n                  <li class=\"splide__slide producto \">\n            <div class=\"content\">\n              <div class=\"imagen\">\n                <a class=\"verProducto\" href=\"https:\/\/laabuelacarmen.com\/de\/produkte\/frischer-knoblauch\/\">\n                  <img class='miniatura_producto' src='https:\/\/laabuelacarmen.com\/wp-content\/uploads\/2022\/07\/Ajo-Fresco-1-300x188.jpg' width='300px' height='300px'>\n                <\/a>\n              <\/div>\n              <div class=\"tituloMiniatura\">\n                <a href=\"https:\/\/laabuelacarmen.com\/de\/produkte\/frischer-knoblauch\/\">\n                  Frischer Knoblauch                <\/a>\n              <\/div>\n            <\/div>\n          <\/li>\n              <\/ul>\n    <\/div>\n  <\/div>\n","protected":false},"excerpt":{"rendered":"<p>Frischer Knoblauchlieferant Bei La Abuela Carmen bauen wir eine gro\u00dfe Vielfalt an frischem Knoblauch von h\u00f6chster Qualit\u00e4t an. Er ist eine unverzichtbare Zutat in der mediterranen Ern\u00e4hrung und ein Muss in Ihrer K\u00fcche, sowohl wegen seiner geschmacklichen Eigenschaften als auch wegen seiner gro\u00dfen gesundheitlichen Vorz\u00fcge. Besonders hervorzuheben sind seine harntreibenden, cholesterin- und lipidregulierenden, antibakteriellen, antiseptischen [&hellip;]<\/p>\n","protected":false},"author":1,"featured_media":23878,"parent":24601,"menu_order":0,"comment_status":"closed","ping_status":"closed","template":"","meta":{"inline_featured_image":false,"footnotes":""},"class_list":["post-24582","page","type-page","status-publish","has-post-thumbnail","hentry"],"acf":[],"_links":{"self":[{"href":"https:\/\/laabuelacarmen.com\/de\/wp-json\/wp\/v2\/pages\/24582","targetHints":{"allow":["GET"]}}],"collection":[{"href":"https:\/\/laabuelacarmen.com\/de\/wp-json\/wp\/v2\/pages"}],"about":[{"href":"https:\/\/laabuelacarmen.com\/de\/wp-json\/wp\/v2\/types\/page"}],"author":[{"embeddable":true,"href":"https:\/\/laabuelacarmen.com\/de\/wp-json\/wp\/v2\/users\/1"}],"replies":[{"embeddable":true,"href":"https:\/\/laabuelacarmen.com\/de\/wp-json\/wp\/v2\/comments?post=24582"}],"version-history":[{"count":7,"href":"https:\/\/laabuelacarmen.com\/de\/wp-json\/wp\/v2\/pages\/24582\/revisions"}],"predecessor-version":[{"id":32252,"href":"https:\/\/laabuelacarmen.com\/de\/wp-json\/wp\/v2\/pages\/24582\/revisions\/32252"}],"up":[{"embeddable":true,"href":"https:\/\/laabuelacarmen.com\/de\/wp-json\/wp\/v2\/pages\/24601"}],"wp:featuredmedia":[{"embeddable":true,"href":"https:\/\/laabuelacarmen.com\/de\/wp-json\/wp\/v2\/media\/23878"}],"wp:attachment":[{"href":"https:\/\/laabuelacarmen.com\/de\/wp-json\/wp\/v2\/media?parent=24582"}],"curies":[{"name":"wp","href":"https:\/\/api.w.org\/{rel}","templated":true}]}}