{"id":24558,"date":"2022-01-21T12:42:22","date_gmt":"2022-01-21T11:42:22","guid":{"rendered":"https:\/\/laabuelacarmen.com\/homepage\/"},"modified":"2025-10-21T07:00:02","modified_gmt":"2025-10-21T06:00:02","slug":"homepage","status":"publish","type":"page","link":"https:\/\/laabuelacarmen.com\/de\/","title":{"rendered":"Home"},"content":{"rendered":"  <div id=\"banner\">\n    <div id=\"home-slider\" class=\"splide\">\n      <div class=\"splide__track\">\n        <ul class=\"splide__list\">            <div class=\"splide__slide\">\n              <img data-splide-lazy=\"https:\/\/laabuelacarmen.com\/wp-content\/uploads\/2022\/01\/banner1.jpg\" title=\"Distribuidores de ajo\" alt=\"\"  \/>\n              <div class=\"text\">\n                <div class=\"content\">\n                  <span class=\"txt1\">F\u00fchrendes Unternehmen im Bereich<\/span>\n                  <span class=\"txt2\">frischer und schwarzer Knoblauch<\/span>\n                   <a class=\"btn green\" href=\"https:\/\/laabuelacarmen.com\/de\/produkte\/frischer-knoblauch\">Weitere Informationen<\/a>                 <\/div>\n              <\/div>\n            <\/div>\n                    <div class=\"splide__slide\">\n              <img data-splide-lazy=\"https:\/\/laabuelacarmen.com\/wp-content\/uploads\/2022\/06\/MG_6050-1.jpg\" title=\"empresas productoras de ajo\" alt=\"\"  \/>\n              <div class=\"text\">\n                <div class=\"content\">\n                  <span class=\"txt1\">Hauptproduzent von<\/span>\n                  <span class=\"txt2\">Schwarzem Knoblauch.<\/span>\n                   <a class=\"btn green\" href=\"https:\/\/laabuelacarmen.com\/de\/produkte\/schwarzer-knoblauch\">Weitere Informationen<\/a>                 <\/div>\n              <\/div>\n            <\/div>\n        <\/ul>      <\/div>\n    <\/div>\n  <\/div>\n\n\n\n  <div id=\"nosotros_block\" >\n    <div class=\"background_base\"><\/div>\n    <img decoding=\"async\" id=\"backgroundanimation\" class=\"background\" src=\"https:\/\/laabuelacarmen.com\/wp-content\/uploads\/2022\/02\/mayonesa1228HD-1.jpg\" alt=\"\" title=\"Productores de ajo - La Abuela Carmen\">    <div class=\"content\">\n      <div class='home homeTitle'><h1>Knoblauchproduzenten<br> Gro\u00dfhandel mit Knoblauch<br> La Abuela Carmen<\/h1><\/div>      <div id='description' class='description'><p><span style=\"font-weight: 400;\">Entdecken Sie mit La Abuela Carmen den authentischen Geschmack von frischem Knoblauch h\u00f6chster Qualit\u00e4t.<\/span><\/p>\n<p><span style=\"font-weight: 400;\">Wir sind ein f\u00fchrender\u00a0<\/span><b>Gro\u00dfh\u00e4ndler f\u00fcr Knoblauch in Spanien<\/b><span style=\"font-weight: 400;\">\u00a0und bauen unsere Rohware auf unseren eigenen Plantagen an. Dank unserer mehr als 40-j\u00e4hrigen Erfahrung in der Branche z\u00e4hlt unser\u00a0<\/span><b>Familienbetrieb<\/b><span style=\"font-weight: 400;\">\u00a0zu den renommiertesten Knoblauchproduzenten der Welt.<\/span><\/p>\n<p><span style=\"font-weight: 400;\">Wir sind in allen Phasen des Produkts pr\u00e4sent und garantieren die Einhaltung der wichtigsten Zertifizierungen, vom \u00f6kologischen Landbau bis hin zu den von der Lebensmittelindustrie geforderten Qualit\u00e4tssystemen, die von unserer eigenen Qualit\u00e4tsabteilung kontrolliert werden.<\/span><\/p>\n<p><span style=\"font-weight: 400;\">Dank dieser Lebensmittelsicherheit und der Investitionen in Forschung und Entwicklung in unseren Anlagen und Maschinen, die von den Knoblauchproduzenten ben\u00f6tigt werden, nehmen wir nicht nur in Spanien, sondern auch <\/span><b>weltweit<\/b><span style=\"font-weight: 400;\"> eine herausragende Stellung unter den <\/span><b>Knoblauchproduzenten<\/b><span style=\"font-weight: 400;\"> ein.<\/span><\/p>\n<\/div>      <div class='link'><a class='btn cream' href='https:\/\/laabuelacarmen.com\/de\/la-abuela-carmen\/'>WEITERE INFORMATIONEN<\/a><\/div>            <div id=\"contadores\" class=\"contadores\">\n        <div class=\"caja\">\n          <div class=\"numero count\" data-target=\"40\">0<\/div>\n          <div class=\"titulo\">Jahrelange Erfahrung<\/div>\n        <\/div>\n        <div class=\"caja\">\n          <div class=\"numero count\" data-target=\"25000\">24960<\/div>\n          <div class=\"titulo\">m2 Einrichtungen<\/div>\n        <\/div>\n        <div class=\"caja\">\n          <div class=\"numero count\" data-target=\"7000\">6960<\/div>\n          <div class=\"titulo\">Tonnenweise Knoblauch<\/div>\n        <\/div>\n        <div class=\"caja\">\n          <div class=\"numero count\" data-target=\"500\">460<\/div>\n          <div class=\"titulo\">Arbeiter im Team<\/div>\n        <\/div>\n      <\/div>\n    <\/div>\n  <\/div>\n\n\n  <div class=\"wp-block-group block_categories\">\n    <div class=\"woocommerce columns-4\">\n      <ul class=\"products columns-4\">\n                    <li class=\"product-category product\">\n              <a class=\"category_column\" href=\"https:\/\/laabuelacarmen.com\/productos\/ajo-fresco\/\">\n                <img decoding=\"async\" src=\"https:\/\/laabuelacarmen.com\/wp-content\/uploads\/2022\/02\/Rectangle-20.jpg\" alt=\"\" title=\"Ajo fresco\">\n              <\/a>\n              <a class=\"woocommerce-loop-category__title btn cream\" href=\"https:\/\/laabuelacarmen.com\/productos\/ajo-fresco\/\">\n                FRISCHER KNOBLAUCH              <\/a>\n            <\/li>\n                    <li class=\"product-category product\">\n              <a class=\"category_column\" href=\"https:\/\/laabuelacarmen.com\/de\/produkte\/schwarzer-knoblauch\/\">\n                <img decoding=\"async\" src=\"https:\/\/laabuelacarmen.com\/wp-content\/uploads\/2022\/02\/Rectangle-21-1.jpg\" alt=\"\" title=\"Rectangle 21 (1)\">\n              <\/a>\n              <a class=\"woocommerce-loop-category__title btn cream\" href=\"https:\/\/laabuelacarmen.com\/de\/produkte\/schwarzer-knoblauch\/\">\n                SCHWARZER KNOBLAUCH               <\/a>\n            <\/li>\n                    <li class=\"product-category product\">\n              <a class=\"category_column\" href=\"https:\/\/laabuelacarmen.com\/de\/produkte\/bio-knoblauch\/\">\n                <img decoding=\"async\" src=\"https:\/\/laabuelacarmen.com\/wp-content\/uploads\/2022\/02\/Rectangle-22-1.jpg\" alt=\"\" title=\"Rectangle 22 (1)\">\n              <\/a>\n              <a class=\"woocommerce-loop-category__title btn cream\" href=\"https:\/\/laabuelacarmen.com\/de\/produkte\/bio-knoblauch\/\">\n                 BIO-KNOBLAUCH              <\/a>\n            <\/li>\n              <\/ul>\n    <\/div>\n  <\/div>\n\n\n  <div class=\"mapa_certificaciones\">\n    <div class=\"content\">\n      <div class=\"title1\">\n        <h2>Wir sind ein weltweit t\u00e4tiger Knoblauchproduzent<\/h2>      <\/div>\n      <div class=\"descripcion\">\n        <p><span style=\"font-weight: 400;\">La Abuela Carmen ist der Ma\u00dfstab f\u00fcr\u00a0<\/span><b>Knoblauchproduzenten<\/b><span style=\"font-weight: 400;\">\u00a0aufgrund des hohen Ansehens ihrer Kulturen, der Bodenbeschaffenheit und der Temperaturen, die f\u00fcr ihre Anpflanzungen gelten. Etwas Besonderes und Charakteristisches f\u00fcr seinen Standort in Montalb\u00e1n als Knoblauchproduzent.<\/span><span style=\"font-weight: 400;\"><br \/>\n<\/span><span style=\"font-weight: 400;\">Unsere Anf\u00e4nge im Knoblauchanbau haben sich zu einer Vielzahl spezifischer Produkte unseres\u00a0<\/span><b>Knoblauchunternehmens in C\u00f3rdoba ausgeweitet.<\/b><span style=\"font-weight: 400;\">\u00a0Dazu geh\u00f6ren gesch\u00e4lter Knoblauch, Knoblauchkonserven, gebratener Knoblauch oder Knoblauchpaste.\u00a0<\/span><b>Das einzige Unternehmen auf der Welt, das schwarze Zwiebeln produziert<\/b><\/p>\n<p>&nbsp;<\/p>\n              <\/div>\n            <div class=\"mapa_y_certificados\">\n        <div class=\"mapa\">\n                  <\/div>\n        <div class=\"certificados\">\n                        <div class=\"bloque_certificaciones_1\">\n                <div class=\"titleCertificaciones\">\n                  Zertifizierungen der Anlagen in Santaella                <\/div>\n                <div id=\"certificaciones_1\">\n                  <div id=\"certificaciones-slider-1\" class=\"splide\">\n                    <div class=\"splide__track\">\n                      <ul class=\"splide__list\">\n                                                  <li class=\"splide__slide\">\n                            <img decoding=\"async\" src=\"https:\/\/laabuelacarmen.com\/wp-content\/uploads\/2023\/07\/Logo-Global-GAP.jpg\" alt=\"\" title=\"Logo Global GAP\">\n                          <\/li>\n                                                  <li class=\"splide__slide\">\n                            <img decoding=\"async\" src=\"https:\/\/laabuelacarmen.com\/wp-content\/uploads\/2022\/03\/Sin-titulo-5.png\" alt=\"\" title=\"Sin-t\u00edtulo-5\">\n                          <\/li>\n                                                  <li class=\"splide__slide\">\n                            <img decoding=\"async\" src=\"https:\/\/laabuelacarmen.com\/wp-content\/uploads\/2022\/03\/Sin-titulo-3.png\" alt=\"\" title=\"Sin-t\u00edtulo-3\">\n                          <\/li>\n                                                  <li class=\"splide__slide\">\n                            <img decoding=\"async\" src=\"https:\/\/laabuelacarmen.com\/wp-content\/uploads\/2022\/03\/Sin-titulo-7.png\" alt=\"\" title=\"Sin-t\u00edtulo-7\">\n                          <\/li>\n                                                  <li class=\"splide__slide\">\n                            <img decoding=\"async\" src=\"https:\/\/laabuelacarmen.com\/wp-content\/uploads\/2022\/03\/Sin-titulo-1.png\" alt=\"\" title=\"Sin-t\u00edtulo-1\">\n                          <\/li>\n                                              <\/ul>\n                    <\/div>\n                  <\/div>\n                <\/div>\n              <\/div>\n                          <div class=\"bloque_certificaciones_2\">\n\n                <div class=\"titleCertificaciones\">\n                  Zertifizierungen der Anlagen in Montalb\u00e1n\t                <\/div>\n                <div id=\"certificaciones_2\">\n                  <div id=\"certificaciones-slider-2\" class=\"splide\">\n                    <div class=\"splide__track\">\n                      <ul class=\"splide__list\">\n                                                  <li class=\"splide__slide\">\n                            <img decoding=\"async\" src=\"https:\/\/laabuelacarmen.com\/wp-content\/uploads\/2022\/03\/Sin-titulo-5.png\" alt=\"\" title=\"Sin-t\u00edtulo-5\">\n                          <\/li>\n                                                  <li class=\"splide__slide\">\n                            <img decoding=\"async\" src=\"https:\/\/laabuelacarmen.com\/wp-content\/uploads\/2022\/03\/Sin-titulo-3.png\" alt=\"\" title=\"Sin-t\u00edtulo-3\">\n                          <\/li>\n                                                  <li class=\"splide__slide\">\n                            <img decoding=\"async\" src=\"https:\/\/laabuelacarmen.com\/wp-content\/uploads\/2022\/03\/Sin-titulo-1.png\" alt=\"\" title=\"Sin-t\u00edtulo-1\">\n                          <\/li>\n                                              <\/ul>\n                    <\/div>\n                  <\/div>\n                <\/div>\n              <\/div>\n                  <\/div>\n      <\/div>\n    <\/div>\n  <\/div>\n\n\n  <div class=\"mapa_certificaciones\">\n    <div class=\"content\">\n      <div class=\"title1\">\n              <\/div>\n      <div class=\"descripcion\">\n        <p>Wir sind der erste <strong>Produzent von schwarzem Knoblauch in Europa<\/strong> und verf\u00fcgen als Vertriebspartner \u00fcber die erforderlichen Rohstoffe, um das ganze Jahr \u00fcber liefern zu k\u00f6nnen. Unter allen Knoblauchunternehmen waren wir die Ersten, die eine Zertifizierung f\u00fcr Bio-Produkte erhalten haben, und seit 2013 haben wir unsere Linie La Abuela Carmen BIO erweitert, damit du diese Qualit\u00e4t auch in vielen anderen eigenen Produkten genie\u00dfen kannst.<\/p>\n<p>Neben unserer Rolle als Knoblauchlieferanten in <strong>Spanien und internationalen Knoblauchlieferanten<\/strong> bieten wir innovative und exklusive Produkte wie schwarze Zwiebeln, schwarze Mandarinen und schwarze Zitronen an. Alle unsere Kunden k\u00f6nnen Knoblauch oder eines dieser Produkte im Gro\u00dfhandel kaufen, unabh\u00e4ngig von ihrem Standort.<\/p>\n<p>Willkommen bei La Abuela Carmen, <strong>den f\u00fchrenden Knoblauch-Exporteuren in Spanien<\/strong> und den Pionieren in der Produktion von schwarzem Knoblauch unter den Knoblauchunternehmen in Europa.<\/p>\n              <\/div>\n            <div class=\"mapa_y_certificados\">\n        <div class=\"mapa\">\n                  <\/div>\n        <div class=\"certificados\">\n                  <\/div>\n      <\/div>\n    <\/div>\n  <\/div>\n\n\n  <div class=\"banner_paginas\">\n    <img decoding=\"async\" class=\"background\" src=\"https:\/\/laabuelacarmen.com\/wp-content\/uploads\/2023\/08\/cebolla-negra-banner-2-2.jpg\" alt=\"\" title=\"cebolla negra banner 2\">\n    <div class=\"opacity_banner\">\n\n    <\/div>\n    <div class=\"content\">\n      <div class=\"tituloPequeno\">\n        Das einzige Unternehmen auf der Welt,       <\/div>\n      <div class=\"tituloGrande\">\n        das schwarze Zwiebeln produziert      <\/div>\n      <div class=\"link\"><a class=\"btn cream\" href=\"https:\/\/laabuelacarmen.com\/de\/produkte\/schwarze-zwiebel\/\">WEITERE INFORMATIONEN<\/a><\/div>\n    <\/div>\n  <\/div>\n","protected":false},"excerpt":{"rendered":"","protected":false},"author":1,"featured_media":0,"parent":0,"menu_order":0,"comment_status":"closed","ping_status":"closed","template":"template-fullwidth.php","meta":{"inline_featured_image":false,"footnotes":""},"class_list":["post-24558","page","type-page","status-publish","hentry"],"acf":[],"_links":{"self":[{"href":"https:\/\/laabuelacarmen.com\/de\/wp-json\/wp\/v2\/pages\/24558","targetHints":{"allow":["GET"]}}],"collection":[{"href":"https:\/\/laabuelacarmen.com\/de\/wp-json\/wp\/v2\/pages"}],"about":[{"href":"https:\/\/laabuelacarmen.com\/de\/wp-json\/wp\/v2\/types\/page"}],"author":[{"embeddable":true,"href":"https:\/\/laabuelacarmen.com\/de\/wp-json\/wp\/v2\/users\/1"}],"replies":[{"embeddable":true,"href":"https:\/\/laabuelacarmen.com\/de\/wp-json\/wp\/v2\/comments?post=24558"}],"version-history":[{"count":23,"href":"https:\/\/laabuelacarmen.com\/de\/wp-json\/wp\/v2\/pages\/24558\/revisions"}],"predecessor-version":[{"id":62127,"href":"https:\/\/laabuelacarmen.com\/de\/wp-json\/wp\/v2\/pages\/24558\/revisions\/62127"}],"wp:attachment":[{"href":"https:\/\/laabuelacarmen.com\/de\/wp-json\/wp\/v2\/media?parent=24558"}],"curies":[{"name":"wp","href":"https:\/\/api.w.org\/{rel}","templated":true}]}}