{"id":24553,"date":"2022-10-20T16:14:46","date_gmt":"2022-10-20T15:14:46","guid":{"rendered":"https:\/\/laabuelacarmen.com\/ajo-ahumado\/"},"modified":"2024-10-29T14:33:44","modified_gmt":"2024-10-29T13:33:44","slug":"geraeucherter-knoblauch","status":"publish","type":"page","link":"https:\/\/laabuelacarmen.com\/de\/produkte\/geraeucherter-knoblauch\/","title":{"rendered":"Ger\u00e4ucherter Knoblauch"},"content":{"rendered":"\n<div class=\"wp-block-media-text alignfull has-media-on-the-right is-stacked-on-mobile\" style=\"grid-template-columns:auto 75%\"><div class=\"wp-block-media-text__content\">\n<h2 class=\"wp-block-heading\">Ger\u00e4ucherter Knoblauch<\/h2>\n\n\n\n<p>Wir sind der f\u00fchrende Knoblauchgro\u00dfh\u00e4ndler in Spanien und bieten seit mehr als 40 Jahren den besten ger\u00e4ucherten Knoblauch auf dem Markt an.<\/p>\n\n\n\n<p>Wir r\u00e4uchern sehr langsam, damit wir ein charakteristisches Aroma und eine goldene Farbe erhalten, die ihn zu einer Delikatesse f\u00fcr unseren Gaumen machen.<\/p>\n\n\n\n<p>Ger\u00e4ucherter Knoblauch kann im Netz oder in 5 kg-Packungen gekauft werden und eignet sich ideal zum Verfeinern von Gerichten wie Suppen, Eintopfgerichten oder zahlreichen Saucen. Er eignet sich hervorragend als Aioli-Sauce oder als Aufstrich auf knusprigem Brot..<\/p>\n\n\n\n<p><a href=\"https:\/\/laabuelacarmen.com\/de\/kontakt\/\">angebot anfordern<\/a><\/p>\n<\/div><figure class=\"wp-block-media-text__media\"><img loading=\"lazy\" decoding=\"async\" width=\"560\" height=\"360\" src=\"https:\/\/laabuelacarmen.com\/wp-content\/uploads\/2023\/08\/Ajos-Ahumados-LaAbuelaCarmen-web.jpg\" alt=\"\" class=\"wp-image-16670 size-full\" srcset=\"https:\/\/laabuelacarmen.com\/wp-content\/uploads\/2023\/08\/Ajos-Ahumados-LaAbuelaCarmen-web.jpg 560w, https:\/\/laabuelacarmen.com\/wp-content\/uploads\/2023\/08\/Ajos-Ahumados-LaAbuelaCarmen-web-300x193.jpg 300w\" sizes=\"auto, (max-width: 560px) 100vw, 560px\" \/><\/figure><\/div>\n\n\n  <div id=\"certificaciones-slider\" class=\"splide\">\n    <div class=\"splide__track\">\n      <ul class=\"splide__list\">          <div class=\"splide__slide\">\n            <div class=\"content\">\n              <img decoding=\"async\" class=\"foto\" src=\"https:\/\/laabuelacarmen.com\/wp-content\/uploads\/2022\/03\/Sin-titulo-7.png\" title=\"Sin-t\u00edtulo-7\" alt=\"\" \/>\n            <\/div>\n          <\/div>\n                <div class=\"splide__slide\">\n            <div class=\"content\">\n              <img decoding=\"async\" class=\"foto\" src=\"https:\/\/laabuelacarmen.com\/wp-content\/uploads\/2022\/03\/Sin-titulo-6.png\" title=\"Sin-t\u00edtulo-6\" alt=\"\" \/>\n            <\/div>\n          <\/div>\n                <div class=\"splide__slide\">\n            <div class=\"content\">\n              <img decoding=\"async\" class=\"foto\" src=\"https:\/\/laabuelacarmen.com\/wp-content\/uploads\/2022\/03\/Sin-titulo-5.png\" title=\"Sin-t\u00edtulo-5\" alt=\"\" \/>\n            <\/div>\n          <\/div>\n                <div class=\"splide__slide\">\n            <div class=\"content\">\n              <img decoding=\"async\" class=\"foto\" src=\"https:\/\/laabuelacarmen.com\/wp-content\/uploads\/2022\/03\/Sin-titulo-4.png\" title=\"Sin-t\u00edtulo-4\" alt=\"\" \/>\n            <\/div>\n          <\/div>\n                <div class=\"splide__slide\">\n            <div class=\"content\">\n              <img decoding=\"async\" class=\"foto\" src=\"https:\/\/laabuelacarmen.com\/wp-content\/uploads\/2022\/03\/Sin-titulo-3.png\" title=\"Sin-t\u00edtulo-3\" alt=\"\" \/>\n            <\/div>\n          <\/div>\n                <div class=\"splide__slide\">\n            <div class=\"content\">\n              <img decoding=\"async\" class=\"foto\" src=\"https:\/\/laabuelacarmen.com\/wp-content\/uploads\/2022\/03\/Sin-titulo-2.png\" title=\"Sin-t\u00edtulo-2\" alt=\"\" \/>\n            <\/div>\n          <\/div>\n                <div class=\"splide__slide\">\n            <div class=\"content\">\n              <img decoding=\"async\" class=\"foto\" src=\"https:\/\/laabuelacarmen.com\/wp-content\/uploads\/2022\/03\/Sin-titulo-1.png\" title=\"Sin-t\u00edtulo-1\" alt=\"\" \/>\n            <\/div>\n          <\/div>\n      <\/ul>    <\/div>\n  <\/div>\n\n\n  <div id=\"slider_paginas\" class=\"splide\">\n          <div class=\"titleSliderPaginas\">\n        Andere Produkte:      <\/div>\n        <div class=\"splide__track\">\n      <ul class=\"splide__list\">\n                  <li class=\"splide__slide producto \">\n            <div class=\"content\">\n              <div class=\"imagen\">\n                <a class=\"verProducto\" href=\"https:\/\/laabuelacarmen.com\/de\/produkte\/schwarze-zwiebel\/\">\n                  <img class='miniatura_producto' src='https:\/\/laabuelacarmen.com\/wp-content\/uploads\/2023\/05\/fotor_2023-5-30_8_39_6-300x267.jpg' width='300px' height='300px'>\n                <\/a>\n              <\/div>\n              <div class=\"tituloMiniatura\">\n                <a href=\"https:\/\/laabuelacarmen.com\/de\/produkte\/schwarze-zwiebel\/\">\n                  Schwarze Zwiebel                <\/a>\n              <\/div>\n            <\/div>\n          <\/li>\n                  <li class=\"splide__slide producto \">\n            <div class=\"content\">\n              <div class=\"imagen\">\n                <a class=\"verProducto\" href=\"https:\/\/laabuelacarmen.com\/de\/produkte\/bio-knoblauch\/\">\n                  <img class='miniatura_producto' src='https:\/\/laabuelacarmen.com\/wp-content\/uploads\/2022\/07\/Ajo-ecologico-1-300x188.jpg' width='300px' height='300px'>\n                <\/a>\n              <\/div>\n              <div class=\"tituloMiniatura\">\n                <a href=\"https:\/\/laabuelacarmen.com\/de\/produkte\/bio-knoblauch\/\">\n                  Bio-Knoblauch                <\/a>\n              <\/div>\n            <\/div>\n          <\/li>\n                  <li class=\"splide__slide producto \">\n            <div class=\"content\">\n              <div class=\"imagen\">\n                <a class=\"verProducto\" href=\"https:\/\/laabuelacarmen.com\/de\/produkte\/gebratener-knoblauch\/\">\n                  <img class='miniatura_producto' src='https:\/\/laabuelacarmen.com\/wp-content\/uploads\/2022\/07\/Ajo-frito-1-300x188.jpg' width='300px' height='300px'>\n                <\/a>\n              <\/div>\n              <div class=\"tituloMiniatura\">\n                <a href=\"https:\/\/laabuelacarmen.com\/de\/produkte\/gebratener-knoblauch\/\">\n                  Gebratener Knoblauch                <\/a>\n              <\/div>\n            <\/div>\n          <\/li>\n              <\/ul>\n    <\/div>\n  <\/div>\n","protected":false},"excerpt":{"rendered":"<p>Ger\u00e4ucherter Knoblauch Wir sind der f\u00fchrende Knoblauchgro\u00dfh\u00e4ndler in Spanien und bieten seit mehr als 40 Jahren den besten ger\u00e4ucherten Knoblauch auf dem Markt an. Wir r\u00e4uchern sehr langsam, damit wir ein charakteristisches Aroma und eine goldene Farbe erhalten, die ihn zu einer Delikatesse f\u00fcr unseren Gaumen machen. Ger\u00e4ucherter Knoblauch kann im Netz oder in 5 [&hellip;]<\/p>\n","protected":false},"author":1,"featured_media":23920,"parent":24601,"menu_order":0,"comment_status":"closed","ping_status":"closed","template":"","meta":{"inline_featured_image":false,"footnotes":""},"class_list":["post-24553","page","type-page","status-publish","has-post-thumbnail","hentry"],"acf":[],"_links":{"self":[{"href":"https:\/\/laabuelacarmen.com\/de\/wp-json\/wp\/v2\/pages\/24553","targetHints":{"allow":["GET"]}}],"collection":[{"href":"https:\/\/laabuelacarmen.com\/de\/wp-json\/wp\/v2\/pages"}],"about":[{"href":"https:\/\/laabuelacarmen.com\/de\/wp-json\/wp\/v2\/types\/page"}],"author":[{"embeddable":true,"href":"https:\/\/laabuelacarmen.com\/de\/wp-json\/wp\/v2\/users\/1"}],"replies":[{"embeddable":true,"href":"https:\/\/laabuelacarmen.com\/de\/wp-json\/wp\/v2\/comments?post=24553"}],"version-history":[{"count":4,"href":"https:\/\/laabuelacarmen.com\/de\/wp-json\/wp\/v2\/pages\/24553\/revisions"}],"predecessor-version":[{"id":24889,"href":"https:\/\/laabuelacarmen.com\/de\/wp-json\/wp\/v2\/pages\/24553\/revisions\/24889"}],"up":[{"embeddable":true,"href":"https:\/\/laabuelacarmen.com\/de\/wp-json\/wp\/v2\/pages\/24601"}],"wp:featuredmedia":[{"embeddable":true,"href":"https:\/\/laabuelacarmen.com\/de\/wp-json\/wp\/v2\/media\/23920"}],"wp:attachment":[{"href":"https:\/\/laabuelacarmen.com\/de\/wp-json\/wp\/v2\/media?parent=24553"}],"curies":[{"name":"wp","href":"https:\/\/api.w.org\/{rel}","templated":true}]}}