{"id":24550,"date":"2022-03-02T13:01:06","date_gmt":"2022-03-02T12:01:06","guid":{"rendered":"https:\/\/laabuelacarmen.com\/la-abuela-carmen\/"},"modified":"2024-10-28T13:15:35","modified_gmt":"2024-10-28T12:15:35","slug":"lernen-sie-uns-kennen","status":"publish","type":"page","link":"https:\/\/laabuelacarmen.com\/de\/lernen-sie-uns-kennen\/","title":{"rendered":"Lernen Sie uns kennen"},"content":{"rendered":"\n<p>Manuel Vaquero hatte sein ganzes Leben dem Anbau und der Vermarktung von Knoblauch in seiner Heimatstadt Montalb\u00e1n de C\u00f3rdoba, im geografischen Zentrum Andalusiens, gewidmet. Anfang der 1990er Jahre hatte er, ein unerm\u00fcdlicher Reisender und von Natur aus rastlos, dar\u00fcber nachgedacht, ausgehend von seinem traditionellen Knoblauchanbau etwas Einzigartiges zu schaffen. Er modernisierte und professionalisierte das Unternehmen nicht nur, sondern gab ihm auch den Namen La Abuela Carmen, um seinen Generationen- und Familiencharakter zu unterstreichen.<\/p>\n\n\n<div class='linea_temporal'>      <div class=\"fila\">\n        <div class=\"imagen\">\n          <img decoding=\"async\" src=\"https:\/\/laabuelacarmen.com\/wp-content\/uploads\/2022\/03\/AJO-CON-ACEITE-DE-OLIVA-Y-HIERBAS.jpg\" alt=\"\" title=\"AJO CON ACEITE DE OLIVA Y HIERBAS\">\n        <\/div>\n        <div class=\"texto\">\n          <div class=\"ano\">\n            1990          <\/div>\n          <div class=\"descripcion\">\n            <p><strong>DIE ENTWICKLUNG DER IDEE<\/strong><br \/>\n<span style=\"font-weight: 400;\">Die St\u00e4rke des Unternehmens ist das Feld, aus dem das Produkt hervorgeht. Dieser Grund hat den Weg des Unternehmens gepr\u00e4gt. Die Leidenschaft f\u00fcr den traditionellen Anbau wurde von Anfang an sorgf\u00e4ltig gepflegt und um eine wichtige technologische Nuance erg\u00e4nzt.<\/span><\/p>\n          <\/div>\n        <\/div>\n      <\/div>\n          <div class=\"fila\">\n        <div class=\"imagen\">\n          <img decoding=\"async\" src=\"https:\/\/laabuelacarmen.com\/wp-content\/uploads\/2022\/03\/AJO-NEGRO-BIO-2-1.jpg\" alt=\"\" title=\"AJO NEGRO BIO 2\">\n        <\/div>\n        <div class=\"texto\">\n          <div class=\"ano\">\n            1999          <\/div>\n          <div class=\"descripcion\">\n            <p><b>\u00d6KOLOGISCHE ZERTIFIZIERUNG<\/b><\/p>\n<p><span style=\"font-weight: 400;\">Unser Unternehmen ist der Qualit\u00e4t und dem Umweltschutz verpflichtet. La Abuela Carmen ist bio-zertifiziert und unterliegt den anspruchsvollsten Methoden, um die Herstellung von Bio-Lebensmitteln und die Qualit\u00e4t des Produkts in allen Phasen der Produktionskette zu gew\u00e4hrleisten.<\/span><\/p>\n          <\/div>\n        <\/div>\n      <\/div>\n          <div class=\"fila\">\n        <div class=\"imagen\">\n          <img decoding=\"async\" src=\"https:\/\/laabuelacarmen.com\/wp-content\/uploads\/2022\/03\/PACK-GOURMET-2.jpg\" alt=\"\" title=\"PACK GOURMET 2\">\n        <\/div>\n        <div class=\"texto\">\n          <div class=\"ano\">\n            2002          <\/div>\n          <div class=\"descripcion\">\n            <p><b>DIE VIELFALT DER PRODUKTION<\/b><\/p>\n<p><span style=\"font-weight: 400;\">Unser Knoblauch stammt aus Andalusien. Das Anbaugebiet liegt in der Umgebung der Sierras Subb\u00e9ticas, der Sierra Morena und des Guadalquivir-Tals. Unser Unternehmen investiert viel, um eine gro\u00dfe Vielfalt in der Produktion zu erzielen: Gesch\u00e4lter, gebratener, in Scheiben geschnittener, gehackter, gew\u00fcrzter Knoblauch und Knoblauchpaste.<\/span><\/p>\n          <\/div>\n        <\/div>\n      <\/div>\n          <div class=\"fila\">\n        <div class=\"imagen\">\n          <img decoding=\"async\" src=\"https:\/\/laabuelacarmen.com\/wp-content\/uploads\/2022\/03\/AJO-NEGRO-BIO.jpg\" alt=\"\" title=\"AJO NEGRO BIO\">\n        <\/div>\n        <div class=\"texto\">\n          <div class=\"ano\">\n            2013          <\/div>\n          <div class=\"descripcion\">\n            <p><b>DER SCHWARZE KNOBLAUCH KOMMT<\/b><\/p>\n<p><span style=\"font-weight: 400;\">Aus frischem Knoblauch wird durch einen langsamen nat\u00fcrlichen Reifungsprozess reifer Knoblauch gewonnen, der sehr schmackhaft ist und zahlreiche gesunde Eigenschaften aufweist. Vor Jahrhunderten wurde dieses Lebensmittel in Gebieten Koreas und Japans hergestellt. La Abuela Carmen war das erste andalusische Unternehmen, das dieses Verfahren durchf\u00fchrte.<\/span><\/p>\n          <\/div>\n        <\/div>\n      <\/div>\n    <\/div>\n\n\n<p>Wir haben ein Team von \u00fcber 500 Fachleuten<\/p>\n\n\n\n<p>Diese Menschen (mehr als 500 w\u00e4hrend der Erntezeit) erm\u00f6glichen die Realit\u00e4t und das t\u00e4gliche Leben eines Unternehmens wie La Abuela Carmen.<\/p>\n\n\n\n<p>Die Anwendung der neuesten Technologien\u00a0\u2013 eine mit dem Unternehmen stets verbundene Formel f\u00fcr Innovation\u00a0\u2013 erfordert auch das Wissen und die Arbeit erfahrener H\u00e4nde, die den gesamten Produktionsprozess unserer Produkte \u00fcberwachen. Das Unternehmen ist ohne seine \u00fcberwiegend weiblichen Mitarbeiterinnen (von der Gesch\u00e4ftsf\u00fchrung bis zu den Verarbeitungsbetrieben) nicht denkbar.<\/p>\n\n\n\n<p>Die menschliche Note ist f\u00fcr den gesamten Betrieb der Marke von entscheidender Bedeutung.<\/p>\n\n\n  <div id=\"equipo-slider\" class=\"splide\">\n    <div class=\"splide__track\">\n      <ul class=\"splide__list\">          <div class=\"splide__slide\">\n            <div class=\"content\">\n              <img decoding=\"async\" class=\"foto\" src=\"https:\/\/laabuelacarmen.com\/wp-content\/uploads\/2022\/03\/Manuel-Vaquero.jpg\" title=\"Manuel Vaquero\" alt=\"\" title=\"Manuel Vaquero\" \/>\n              <div class=\"nombre\">Manuel Vaquero Ortiz<\/div>\n              <div class=\"puesto\">(Chief Executive Officer)<\/div>\n            <\/div>\n          <\/div>\n                <div class=\"splide__slide\">\n            <div class=\"content\">\n              <img decoding=\"async\" class=\"foto\" src=\"https:\/\/laabuelacarmen.com\/wp-content\/uploads\/2022\/03\/Carmen-Cabello.jpg\" title=\"Carmen Cabello\" alt=\"\" title=\"Carmen Cabello\" \/>\n              <div class=\"nombre\">M\u00aa Carmen Vaquero Cabello de Alba<\/div>\n              <div class=\"puesto\">(Chief Operating Officer)<\/div>\n            <\/div>\n          <\/div>\n                <div class=\"splide__slide\">\n            <div class=\"content\">\n              <img decoding=\"async\" class=\"foto\" src=\"https:\/\/laabuelacarmen.com\/wp-content\/uploads\/2022\/03\/nati.jpg\" title=\"nati\" alt=\"\" title=\"nati\" \/>\n              <div class=\"nombre\">Natividad Vaquero Cabello de Alba<\/div>\n              <div class=\"puesto\">(Chief Marketing Officer)<\/div>\n            <\/div>\n          <\/div>\n                <div class=\"splide__slide\">\n            <div class=\"content\">\n              <img decoding=\"async\" class=\"foto\" src=\"https:\/\/laabuelacarmen.com\/wp-content\/uploads\/2022\/03\/Manuel-Vaquero-Cabello.jpg\" title=\"Manuel Vaquero Cabello\" alt=\"\" title=\"Manuel Vaquero Cabello\" \/>\n              <div class=\"nombre\">Manuel Vaquero Cabello de Alba<\/div>\n              <div class=\"puesto\">(Chief Technology Officer)<\/div>\n            <\/div>\n          <\/div>\n                <div class=\"splide__slide\">\n            <div class=\"content\">\n              <img decoding=\"async\" class=\"foto\" src=\"https:\/\/laabuelacarmen.com\/wp-content\/uploads\/2022\/03\/Teresa-Jimenez-Jimenez.jpg\" title=\"Teresa Jimenez Jimenez\" alt=\"\" title=\"Teresa Jimenez Jimenez\" \/>\n              <div class=\"nombre\">Teresa Jim\u00e9nez Jim\u00e9nez<\/div>\n              <div class=\"puesto\">(Jefa de Producci\u00f3n Procesado)<\/div>\n            <\/div>\n          <\/div>\n                <div class=\"splide__slide\">\n            <div class=\"content\">\n              <img decoding=\"async\" class=\"foto\" src=\"https:\/\/laabuelacarmen.com\/wp-content\/uploads\/2022\/03\/Jose-Manuel-Lopez-Santiago.jpg\" title=\"Jose Manuel Lopez Santiago\" alt=\"\" title=\"Jose Manuel Lopez Santiago\" \/>\n              <div class=\"nombre\">Jos\u00e9 Manuel L\u00f3pez Santiago<\/div>\n              <div class=\"puesto\">(Jefe de Producci\u00f3n Fresco)<\/div>\n            <\/div>\n          <\/div>\n                <div class=\"splide__slide\">\n            <div class=\"content\">\n              <img decoding=\"async\" class=\"foto\" src=\"https:\/\/laabuelacarmen.com\/wp-content\/uploads\/2022\/03\/Maria-Luz-Galvez.jpg\" title=\"Maria Luz Galvez\" alt=\"\" title=\"Maria Luz Galvez\" \/>\n              <div class=\"nombre\">Mar\u00eda Luz G\u00e1lvez Ca\u00f1ete<\/div>\n              <div class=\"puesto\">(Ayudante de direcci\u00f3n)<\/div>\n            <\/div>\n          <\/div>\n                <div class=\"splide__slide\">\n            <div class=\"content\">\n              <img decoding=\"async\" class=\"foto\" src=\"https:\/\/laabuelacarmen.com\/wp-content\/uploads\/2022\/03\/Ana-Ruz-Salado.jpg\" title=\"Ana Ruz Salado\" alt=\"\" title=\"Ana Ruz Salado\" \/>\n              <div class=\"nombre\">Ana Ruz Salado<\/div>\n              <div class=\"puesto\">(Log\u00edstica Nacional)<\/div>\n            <\/div>\n          <\/div>\n                <div class=\"splide__slide\">\n            <div class=\"content\">\n              <img decoding=\"async\" class=\"foto\" src=\"https:\/\/laabuelacarmen.com\/wp-content\/uploads\/2022\/03\/Elisa-Sanchez.jpg\" title=\"Elisa Sanchez\" alt=\"\" title=\"Elisa Sanchez\" \/>\n              <div class=\"nombre\">Elisa S\u00e1nchez Gonz\u00e1lez<\/div>\n              <div class=\"puesto\">(Log\u00edstica Internacional)<\/div>\n            <\/div>\n          <\/div>\n                <div class=\"splide__slide\">\n            <div class=\"content\">\n              <img decoding=\"async\" class=\"foto\" src=\"https:\/\/laabuelacarmen.com\/wp-content\/uploads\/2022\/03\/Juana-Sanchez-Lopez.jpg\" title=\"Juana Sanchez Lopez\" alt=\"\" title=\"Juana Sanchez Lopez\" \/>\n              <div class=\"nombre\">Juana S\u00e1nchez L\u00f3pez<\/div>\n              <div class=\"puesto\">(Departamento de Calidad)<\/div>\n            <\/div>\n          <\/div>\n                <div class=\"splide__slide\">\n            <div class=\"content\">\n              <img decoding=\"async\" class=\"foto\" src=\"https:\/\/laabuelacarmen.com\/wp-content\/uploads\/2022\/06\/Josefa-Canero-Moreno-2.png\" title=\"Josefa-Canero-Moreno\" alt=\"\" title=\"Josefa-Canero-Moreno\" \/>\n              <div class=\"nombre\">Josefa Canero Moreno<\/div>\n              <div class=\"puesto\">(Departamento de Calidad)<\/div>\n            <\/div>\n          <\/div>\n      <\/ul>    <\/div>\n  <\/div>\n\n\n  <div class=\"banner_paginas\">\n    <img decoding=\"async\" class=\"background\" src=\"https:\/\/laabuelacarmen.com\/wp-content\/uploads\/2022\/03\/AJO-NEGRO-BIO-2-2.jpg\" alt=\"\" title=\"AJO-NEGRO-BIO-2\">\n    <div class=\"opacity_banner\">\n\n    <\/div>\n    <div class=\"content\">\n      <div class=\"tituloPequeno\">\n        Wichtigster europ\u00e4ischer Produzent       <\/div>\n      <div class=\"tituloGrande\">\n        von schwarzem Knoblauch      <\/div>\n      <div class=\"link\"><a class=\"btn cream\" href=\"https:\/\/laabuelacarmen.com\/productos\/ajo-negro\/\">Ajo Negro<\/a><\/div>\n    <\/div>\n  <\/div>\n","protected":false},"excerpt":{"rendered":"<p>Manuel Vaquero hatte sein ganzes Leben dem Anbau und der Vermarktung von Knoblauch in seiner Heimatstadt Montalb\u00e1n de C\u00f3rdoba, im geografischen Zentrum Andalusiens, gewidmet. Anfang der 1990er Jahre hatte er, ein unerm\u00fcdlicher Reisender und von Natur aus rastlos, dar\u00fcber nachgedacht, ausgehend von seinem traditionellen Knoblauchanbau etwas Einzigartiges zu schaffen. Er modernisierte und professionalisierte das Unternehmen [&hellip;]<\/p>\n","protected":false},"author":1,"featured_media":0,"parent":0,"menu_order":0,"comment_status":"closed","ping_status":"closed","template":"","meta":{"inline_featured_image":false,"footnotes":""},"class_list":["post-24550","page","type-page","status-publish","hentry"],"acf":[],"_links":{"self":[{"href":"https:\/\/laabuelacarmen.com\/de\/wp-json\/wp\/v2\/pages\/24550","targetHints":{"allow":["GET"]}}],"collection":[{"href":"https:\/\/laabuelacarmen.com\/de\/wp-json\/wp\/v2\/pages"}],"about":[{"href":"https:\/\/laabuelacarmen.com\/de\/wp-json\/wp\/v2\/types\/page"}],"author":[{"embeddable":true,"href":"https:\/\/laabuelacarmen.com\/de\/wp-json\/wp\/v2\/users\/1"}],"replies":[{"embeddable":true,"href":"https:\/\/laabuelacarmen.com\/de\/wp-json\/wp\/v2\/comments?post=24550"}],"version-history":[{"count":2,"href":"https:\/\/laabuelacarmen.com\/de\/wp-json\/wp\/v2\/pages\/24550\/revisions"}],"predecessor-version":[{"id":24556,"href":"https:\/\/laabuelacarmen.com\/de\/wp-json\/wp\/v2\/pages\/24550\/revisions\/24556"}],"wp:attachment":[{"href":"https:\/\/laabuelacarmen.com\/de\/wp-json\/wp\/v2\/media?parent=24550"}],"curies":[{"name":"wp","href":"https:\/\/api.w.org\/{rel}","templated":true}]}}